{"id":10808,"date":"2020-03-20T14:06:31","date_gmt":"2020-03-20T13:06:31","guid":{"rendered":"https:\/\/new.srfb.be\/?post_type=product&#038;p=10808"},"modified":"2022-11-24T13:55:35","modified_gmt":"2022-11-24T12:55:35","slug":"loisirs-en-foret-et-gestion-durable","status":"publish","type":"product","link":"https:\/\/staging.srfb.be\/nl\/forest-shop\/loisirs-en-foret-et-gestion-durable\/","title":{"rendered":"Bosrecreatie en duurzaam beheer"},"content":{"rendered":"","protected":false},"excerpt":{"rendered":"<p>La for\u00eat et les espaces naturels constituent un cadre id\u00e9al pour la pratique d\u2019activit\u00e9s de d\u00e9tente et de loisirs. Ces sollicitations de la soci\u00e9t\u00e9 ne doivent pas pour autant masquer les autres fonctions de la for\u00eat. L\u2019am\u00e9nagement<br \/>\nr\u00e9cr\u00e9atif et touristique de sites int\u00e9grant ces autres fonctions est un d\u00e9fi que les propri\u00e9taires et gestionnaires doivent relever pour inscrire leurs actions dans le cadre d\u2019une gestion durable.<br \/>\n24 x 17 cm, 303 pages<\/p>","protected":false},"featured_media":10812,"comment_status":"open","ping_status":"closed","template":"","meta":{"iawp_total_views":1},"product_brand":[],"product_cat":[692,696],"product_tag":[],"class_list":{"0":"post-10808","1":"product","2":"type-product","3":"status-publish","4":"has-post-thumbnail","6":"product_cat-arboretum","7":"product_cat-visiteurs","9":"first","10":"instock","11":"shipping-taxable","12":"purchasable","13":"product-type-simple"},"_links":{"self":[{"href":"https:\/\/staging.srfb.be\/nl\/wp-json\/wp\/v2\/product\/10808","targetHints":{"allow":["GET"]}}],"collection":[{"href":"https:\/\/staging.srfb.be\/nl\/wp-json\/wp\/v2\/product"}],"about":[{"href":"https:\/\/staging.srfb.be\/nl\/wp-json\/wp\/v2\/types\/product"}],"replies":[{"embeddable":true,"href":"https:\/\/staging.srfb.be\/nl\/wp-json\/wp\/v2\/comments?post=10808"}],"wp:featuredmedia":[{"embeddable":true,"href":"https:\/\/staging.srfb.be\/nl\/wp-json\/wp\/v2\/media\/10812"}],"wp:attachment":[{"href":"https:\/\/staging.srfb.be\/nl\/wp-json\/wp\/v2\/media?parent=10808"}],"wp:term":[{"taxonomy":"product_brand","embeddable":true,"href":"https:\/\/staging.srfb.be\/nl\/wp-json\/wp\/v2\/product_brand?post=10808"},{"taxonomy":"product_cat","embeddable":true,"href":"https:\/\/staging.srfb.be\/nl\/wp-json\/wp\/v2\/product_cat?post=10808"},{"taxonomy":"product_tag","embeddable":true,"href":"https:\/\/staging.srfb.be\/nl\/wp-json\/wp\/v2\/product_tag?post=10808"}],"curies":[{"name":"wp","href":"https:\/\/api.w.org\/{rel}","templated":true}]}}