{"id":10711,"date":"2020-03-20T12:48:07","date_gmt":"2020-03-20T11:48:07","guid":{"rendered":"https:\/\/new.srfb.be\/?post_type=product&#038;p=10711"},"modified":"2024-11-18T17:04:03","modified_gmt":"2024-11-18T16:04:03","slug":"cervides-et-foret-retablir-une-harmonie","status":"publish","type":"product","link":"https:\/\/staging.srfb.be\/nl\/forest-shop\/cervides-et-foret-retablir-une-harmonie\/","title":{"rendered":"Herten en bossen: de harmonie herstellen"},"content":{"rendered":"","protected":false},"excerpt":{"rendered":"<p>Le plan de chasse est en panne. Hors de contr\u00f4le, cerfs et chevreuils st\u00e9rilisent une part importante de la for\u00eat fran\u00e7aise. Alors que faire ? Rechercher le rendement optimal soutenu des herbivores et des arbres plut\u00f4t qu\u2019un utopique \u00e9quilibre sylvocyn\u00e9g\u00e9tique. Se guider sur des indicateurs plut\u00f4t que sur de discutables recensements d\u2019effectifs. Maintenir des chevreuils sains dans une for\u00eat qui se r\u00e9g\u00e9n\u00e8re. En ce qui concerne le cerf, il est \u00e0 pr\u00e9server en doses mod\u00e9r\u00e9es pour pr\u00e9venir les d\u00e9g\u00e2ts.<br \/>\n26 x 24 cm, 144 pages<\/p>\n<p>Auteur:\u00a0<strong>Francis Roucher<br \/>\n<\/strong>Uitgever: <strong>AgroParisTech<\/strong><\/p>","protected":false},"featured_media":10712,"comment_status":"open","ping_status":"closed","template":"","meta":{"iawp_total_views":12},"product_brand":[],"product_cat":[693],"product_tag":[],"class_list":{"0":"post-10711","1":"product","2":"type-product","3":"status-publish","4":"has-post-thumbnail","6":"product_cat-foret-gibier","8":"first","9":"instock","10":"shipping-taxable","11":"purchasable","12":"product-type-simple"},"_links":{"self":[{"href":"https:\/\/staging.srfb.be\/nl\/wp-json\/wp\/v2\/product\/10711","targetHints":{"allow":["GET"]}}],"collection":[{"href":"https:\/\/staging.srfb.be\/nl\/wp-json\/wp\/v2\/product"}],"about":[{"href":"https:\/\/staging.srfb.be\/nl\/wp-json\/wp\/v2\/types\/product"}],"replies":[{"embeddable":true,"href":"https:\/\/staging.srfb.be\/nl\/wp-json\/wp\/v2\/comments?post=10711"}],"wp:featuredmedia":[{"embeddable":true,"href":"https:\/\/staging.srfb.be\/nl\/wp-json\/wp\/v2\/media\/10712"}],"wp:attachment":[{"href":"https:\/\/staging.srfb.be\/nl\/wp-json\/wp\/v2\/media?parent=10711"}],"wp:term":[{"taxonomy":"product_brand","embeddable":true,"href":"https:\/\/staging.srfb.be\/nl\/wp-json\/wp\/v2\/product_brand?post=10711"},{"taxonomy":"product_cat","embeddable":true,"href":"https:\/\/staging.srfb.be\/nl\/wp-json\/wp\/v2\/product_cat?post=10711"},{"taxonomy":"product_tag","embeddable":true,"href":"https:\/\/staging.srfb.be\/nl\/wp-json\/wp\/v2\/product_tag?post=10711"}],"curies":[{"name":"wp","href":"https:\/\/api.w.org\/{rel}","templated":true}]}}