{"id":8155,"date":"2019-07-18T18:55:01","date_gmt":"2019-07-18T18:55:01","guid":{"rendered":"http:\/\/srfb-wp.dphi.be\/?page_id=8155"},"modified":"2024-03-20T14:43:50","modified_gmt":"2024-03-20T13:43:50","slug":"produire_biens_services_autres_que_bois","status":"publish","type":"page","link":"https:\/\/staging.srfb.be\/nl\/formations-et-activites\/je-me-forme-pour-ma-foret\/ressources-educatives-eforown\/produire_biens_services_autres_que_bois\/","title":{"rendered":"Productie van andere goederen en diensten dan hout"},"content":{"rendered":"<div class=\"wp-block-group is-layout-constrained wp-block-group-is-layout-constrained\" style=\"margin-top:var(--wp--preset--spacing--80);margin-bottom:var(--wp--preset--spacing--80)\">\n<figure class=\"wp-block-image aligncenter size-large is-resized\"><img loading=\"lazy\" decoding=\"async\" width=\"1024\" height=\"576\" src=\"https:\/\/staging.srfb.be\/wp-content\/uploads\/2019\/07\/logo_label-1024x576.jpg\" alt=\"eForOwn - certificat\" class=\"wp-image-8091\" style=\"width:auto;height:150px\" srcset=\"https:\/\/staging.srfb.be\/wp-content\/uploads\/2019\/07\/logo_label-1024x576.jpg 1024w, https:\/\/staging.srfb.be\/wp-content\/uploads\/2019\/07\/logo_label-600x338.jpg 600w, https:\/\/staging.srfb.be\/wp-content\/uploads\/2019\/07\/logo_label-64x36.jpg 64w, https:\/\/staging.srfb.be\/wp-content\/uploads\/2019\/07\/logo_label-300x169.jpg 300w, https:\/\/staging.srfb.be\/wp-content\/uploads\/2019\/07\/logo_label-18x10.jpg 18w, https:\/\/staging.srfb.be\/wp-content\/uploads\/2019\/07\/logo_label.jpg 1280w\" sizes=\"auto, (max-width: 1024px) 100vw, 1024px\" \/><\/figure>\n<\/div>\n\n\n\n<h2 class=\"wp-block-heading has-text-align-center has-large-font-size\" style=\"text-transform:uppercase\">Beginner<\/h2>\n\n\n\n<section class=\"wp-block-group has-grey-color-background-color has-background has-medium-font-size is-content-justification-space-between is-nowrap is-layout-flex wp-container-core-group-is-layout-95e57954 wp-block-group-is-layout-flex\" style=\"padding-top:var(--wp--preset--spacing--40);padding-right:var(--wp--preset--spacing--60);padding-bottom:var(--wp--preset--spacing--40);padding-left:var(--wp--preset--spacing--60)\">\n<h4 class=\"wp-block-heading wp-container-content-9cfa9a5a\"><a href=\"https:\/\/staging.srfb.be\/wp-content\/uploads\/2019\/07\/51b_Paysage_et_sylviculture.pdf\" target=\"_blank\" rel=\"noreferrer noopener\"><i class='fas-solid fas-file' style='color: var(--wpem-primary-color); font-size: inherit;'><\/i> Het boslandschap verbeteren<\/a><\/h4>\n\n\n\n<p><a href=\"https:\/\/staging.srfb.be\/wp-content\/uploads\/2019\/07\/51b_Paysage_et_sylviculture.pdf\" target=\"_blank\" rel=\"noreferrer noopener\"><i class='fas-solid fas-download' style='color: var(--wpem-primary-color); font-size: inherit;'><\/i><\/a><\/p>\n<\/section>\n\n\n\n<section class=\"wp-block-group has-grey-color-background-color has-background has-medium-font-size is-content-justification-space-between is-nowrap is-layout-flex wp-container-core-group-is-layout-95e57954 wp-block-group-is-layout-flex\" style=\"padding-top:var(--wp--preset--spacing--40);padding-right:var(--wp--preset--spacing--60);padding-bottom:var(--wp--preset--spacing--40);padding-left:var(--wp--preset--spacing--60)\">\n<h4 class=\"wp-block-heading wp-container-content-9cfa9a5a\"><a href=\"https:\/\/www.youtube.com\/watch?v=5YybOeRDzZ4\" target=\"_blank\" rel=\"noreferrer noopener\"><i class='fas-solid fas-file' style='color: var(--wpem-primary-color); font-size: inherit;'><\/i> Het boslandschap verbeteren (Video)<\/a><\/h4>\n\n\n\n<p><a href=\"https:\/\/www.youtube.com\/watch?v=5YybOeRDzZ4\" target=\"_blank\" rel=\"noreferrer noopener\"><i class='fab-solid fab-youtube' style='color: var(--wpem-primary-color); font-size: inherit;'><\/i><\/a><\/p>\n<\/section>\n\n\n\n<section class=\"wp-block-group has-grey-color-background-color has-background has-medium-font-size is-content-justification-space-between is-nowrap is-layout-flex wp-container-core-group-is-layout-95e57954 wp-block-group-is-layout-flex\" style=\"padding-top:var(--wp--preset--spacing--40);padding-right:var(--wp--preset--spacing--60);padding-bottom:var(--wp--preset--spacing--40);padding-left:var(--wp--preset--spacing--60)\">\n<h4 class=\"wp-block-heading wp-container-content-9cfa9a5a\"><a href=\"https:\/\/www.youtube.com\/watch?v=0tRyOqNXuXc\" target=\"_blank\" rel=\"noreferrer noopener\"><i class='fas-solid fas-file' style='color: var(--wpem-primary-color); font-size: inherit;'><\/i> Het publiek verwelkomen in het bos (Video)<\/a><\/h4>\n\n\n\n<p><a href=\"https:\/\/www.youtube.com\/watch?v=0tRyOqNXuXc\" target=\"_blank\" rel=\"noreferrer noopener\"><i class='fab-solid fab-youtube' style='color: var(--wpem-primary-color); font-size: inherit;'><\/i><\/a><\/p>\n<\/section>\n\n\n\n<section class=\"wp-block-group has-grey-color-background-color has-background has-medium-font-size is-content-justification-space-between is-nowrap is-layout-flex wp-container-core-group-is-layout-95e57954 wp-block-group-is-layout-flex\" style=\"padding-top:var(--wp--preset--spacing--40);padding-right:var(--wp--preset--spacing--60);padding-bottom:var(--wp--preset--spacing--40);padding-left:var(--wp--preset--spacing--60)\">\n<h4 class=\"wp-block-heading wp-container-content-9cfa9a5a\"><a href=\"https:\/\/staging.srfb.be\/wp-content\/uploads\/2019\/07\/R4_n_53_l_accueil_en_foret_V5-nouveau-logo.pdf\" target=\"_blank\" rel=\"noreferrer noopener\"><i class='fas-solid fas-file' style='color: var(--wpem-primary-color); font-size: inherit;'><\/i> Het publiek verwelkomen in het bos<\/a><\/h4>\n\n\n\n<p><a href=\"https:\/\/staging.srfb.be\/wp-content\/uploads\/2019\/07\/R4_n_53_l_accueil_en_foret_V5-nouveau-logo.pdf\" target=\"_blank\" rel=\"noreferrer noopener\"><i class='fas-solid fas-download' style='color: var(--wpem-primary-color); font-size: inherit;'><\/i><\/a><\/p>\n<\/section>\n\n\n\n<hr class=\"wp-block-separator has-text-color has-grey-color-color has-alpha-channel-opacity has-grey-color-background-color has-background\" style=\"margin-top:var(--wp--preset--spacing--60);margin-bottom:var(--wp--preset--spacing--60)\"\/>\n\n\n\n<h2 class=\"wp-block-heading has-text-align-center has-large-font-size\" style=\"text-transform:uppercase\">Intermediair<\/h2>\n\n\n\n<section class=\"wp-block-group has-grey-color-background-color has-background has-medium-font-size is-content-justification-space-between is-nowrap is-layout-flex wp-container-core-group-is-layout-95e57954 wp-block-group-is-layout-flex\" style=\"padding-top:var(--wp--preset--spacing--40);padding-right:var(--wp--preset--spacing--60);padding-bottom:var(--wp--preset--spacing--40);padding-left:var(--wp--preset--spacing--60)\">\n<h4 class=\"wp-block-heading wp-container-content-9cfa9a5a\"><a href=\"https:\/\/www.youtube.com\/watch?v=gRqCNKWDvqs\" target=\"_blank\" rel=\"noreferrer noopener\"><i class='fas-solid fas-file' style='color: var(--wpem-primary-color); font-size: inherit;'><\/i> Biodiversiteit in mijn bos beschermen<\/a><\/h4>\n\n\n\n<p><a href=\"https:\/\/www.youtube.com\/watch?v=gRqCNKWDvqs\" target=\"_blank\" rel=\"noreferrer noopener\"><i class='fab-solid fab-youtube' style='color: var(--wpem-primary-color); font-size: inherit;'><\/i><\/a><\/p>\n<\/section>","protected":false},"excerpt":{"rendered":"<p>D\u00e9butant Am\u00e9liorer le paysage forestier Am\u00e9liorer le paysage forestier (Vid\u00e9o) Accueillir du public en for\u00eat (Vid\u00e9o) L&rsquo;accueil du public en for\u00eat Interm\u00e9diaire Prot\u00e9ger la biodiversit\u00e9 de ma for\u00eat<\/p>","protected":false},"author":18,"featured_media":0,"parent":10975,"menu_order":0,"comment_status":"closed","ping_status":"closed","template":"","meta":{"iawp_total_views":1,"footnotes":""},"category":[],"class_list":["post-8155","page","type-page","status-publish","hentry"],"_links":{"self":[{"href":"https:\/\/staging.srfb.be\/nl\/wp-json\/wp\/v2\/pages\/8155","targetHints":{"allow":["GET"]}}],"collection":[{"href":"https:\/\/staging.srfb.be\/nl\/wp-json\/wp\/v2\/pages"}],"about":[{"href":"https:\/\/staging.srfb.be\/nl\/wp-json\/wp\/v2\/types\/page"}],"author":[{"embeddable":true,"href":"https:\/\/staging.srfb.be\/nl\/wp-json\/wp\/v2\/users\/18"}],"replies":[{"embeddable":true,"href":"https:\/\/staging.srfb.be\/nl\/wp-json\/wp\/v2\/comments?post=8155"}],"version-history":[{"count":0,"href":"https:\/\/staging.srfb.be\/nl\/wp-json\/wp\/v2\/pages\/8155\/revisions"}],"up":[{"embeddable":true,"href":"https:\/\/staging.srfb.be\/nl\/wp-json\/wp\/v2\/pages\/10975"}],"wp:attachment":[{"href":"https:\/\/staging.srfb.be\/nl\/wp-json\/wp\/v2\/media?parent=8155"}],"wp:term":[{"taxonomy":"category","embeddable":true,"href":"https:\/\/staging.srfb.be\/nl\/wp-json\/wp\/v2\/category?post=8155"}],"curies":[{"name":"wp","href":"https:\/\/api.w.org\/{rel}","templated":true}]}}