{"id":6379,"date":"2019-06-11T21:14:08","date_gmt":"2019-06-11T21:14:08","guid":{"rendered":"http:\/\/srfb-wp.dphi.be\/?page_id=6379"},"modified":"2025-08-05T11:26:35","modified_gmt":"2025-08-05T09:26:35","slug":"forest-friends","status":"publish","type":"page","link":"https:\/\/staging.srfb.be\/nl\/forest-friends\/","title":{"rendered":"Ontdek Forest Friends"},"content":{"rendered":"\n<div class=\"wp-block-media-text is-stacked-on-mobile\"><figure class=\"wp-block-media-text__media\"><img loading=\"lazy\" decoding=\"async\" width=\"1024\" height=\"470\" src=\"https:\/\/staging.srfb.be\/wp-content\/uploads\/2021\/03\/Forest-friends_logo_finalHR-1024x470.jpg\" alt=\"Forest Friends Logo\" class=\"wp-image-15981 size-full\" srcset=\"https:\/\/staging.srfb.be\/wp-content\/uploads\/2021\/03\/Forest-friends_logo_finalHR-1024x470.jpg 1024w, https:\/\/staging.srfb.be\/wp-content\/uploads\/2021\/03\/Forest-friends_logo_finalHR-600x276.jpg 600w, https:\/\/staging.srfb.be\/wp-content\/uploads\/2021\/03\/Forest-friends_logo_finalHR-300x138.jpg 300w, https:\/\/staging.srfb.be\/wp-content\/uploads\/2021\/03\/Forest-friends_logo_finalHR-768x353.jpg 768w, https:\/\/staging.srfb.be\/wp-content\/uploads\/2021\/03\/Forest-friends_logo_finalHR-1536x705.jpg 1536w, https:\/\/staging.srfb.be\/wp-content\/uploads\/2021\/03\/Forest-friends_logo_finalHR-2048x940.jpg 2048w, https:\/\/staging.srfb.be\/wp-content\/uploads\/2021\/03\/Forest-friends_logo_finalHR-64x29.jpg 64w, https:\/\/staging.srfb.be\/wp-content\/uploads\/2021\/03\/Forest-friends_logo_finalHR-18x8.jpg 18w, https:\/\/staging.srfb.be\/wp-content\/uploads\/2021\/03\/Forest-friends_logo_finalHR.jpg 1700w\" sizes=\"auto, (max-width: 1024px) 100vw, 1024px\" \/><\/figure><div class=\"wp-block-media-text__content\">\n<p>Derri\u00e8re chaque parcelle de bois se trouve un <strong>gestionnaire forestier<\/strong> qui s\u2019investit pour g\u00e9rer durablement la for\u00eat.<\/p>\n\n\n\n<p class=\"has-vert-fonce-color-color has-text-color has-link-color wp-elements-63279753a4435e0fd965865a9552af1f\" style=\"font-style:normal;font-weight:700\">Mais pour \u00eatre reconnu, il faut se faire conna\u00eetre et comprendre. C\u2019est l\u2019objectif du programme Forest Friends de la SRFB.<\/p>\n\n\n\n<p class=\"hidden\">La for\u00eat est proche de nous et, en m\u00eame temps, myst\u00e9rieuse : refuge de biodiversit\u00e9, lieu de ressourcement, pourvoyeuse de bois, alli\u00e9e climatique, \u2026 Elle est multifonctionnelle et pr\u00e9cieuse. Le forestier y occupe de multiples r\u00f4les pour en prendre soin et assurer son renouvellement. Il est en quelque sorte \u00ab l\u2019architecte de la for\u00eat\u00a0\u00bb.<\/p>\n\n\n\n<p class=\"hidden\">Pour (re)d\u00e9couvrir les grandes histoires et petits secrets des sous-bois, nous vous proposons des balades guid\u00e9es en for\u00eat pour tous les \u00e2ges, des animations ludiques pour les enfants, ainsi que des ressources et formations p\u00e9dagogiques pour les enseignants et animateurs qui souhaitent amener leurs \u00e9l\u00e8ves \u00e0 la d\u00e9couverte de la for\u00eat. Devenez un ami de la for\u00eat d\u00e8s aujourd\u2019hui avec Forest Friends\u202f!<\/p>\n<\/div><\/div>\n\n\n\n<div id=\"agenda\" class=\"wp-block-group is-layout-constrained wp-block-group-is-layout-constrained\" style=\"margin-top:var(--wp--preset--spacing--80);margin-bottom:var(--wp--preset--spacing--70)\">\n<h2 class=\"wp-block-heading has-text-align-center\" style=\"margin-bottom:0\">L\u2019agenda Forest Friends<\/h2>\n\n\n\n<p class=\"has-text-align-center\" style=\"margin-top:0;margin-bottom:0;font-style:italic;font-weight:400\">Nos balades foresti\u00e8res pour les amoureux de la for\u00eat<\/p>\n\n\n<p>[events per_page=\u00a0\u00bb6&Prime; show_filters=\u00a0\u00bbfalse\u00a0\u00bb categories=\u00a0\u00bbforest-friends\u00a0\u00bb show_tags=\u00a0\u00bbfalse\u00a0\u00bb show_pagination=\u00a0\u00bbfalse\u00a0\u00bb show_more=\u00a0\u00bbtrue\u00a0\u00bb orderby=\u00a0\u00bbevent_start_date\u00a0\u00bb]<\/p>\n<\/div>\n\n\n\n<div class=\"wp-block-group is-content-justification-space-between is-nowrap is-layout-flex wp-container-core-group-is-layout-e3ae142a wp-block-group-is-layout-flex\" style=\"margin-top:8.06rem;margin-bottom:8.06rem\">\n<div class=\"wp-block-group has-background wp-container-content-8eb0bdf3 is-vertical is-content-justification-center is-layout-flex wp-container-core-group-is-layout-2dfaf68c wp-block-group-is-layout-flex\" style=\"border-radius:5px;background-color:#f2f2f2;min-height:320px;padding-top:0;padding-right:0;padding-bottom:var(--wp--preset--spacing--40);padding-left:0\">\n<figure class=\"wp-block-image size-full has-custom-border\" style=\"margin-bottom:var(--wp--preset--spacing--40)\"><img loading=\"lazy\" decoding=\"async\" width=\"1024\" height=\"680\" src=\"https:\/\/staging.srfb.be\/wp-content\/uploads\/2021\/03\/balade_Profondville-J-Goovaert_paysage.jpg\" alt=\"\" class=\"wp-image-15912\" style=\"border-top-left-radius:5px;border-top-right-radius:5px;border-bottom-left-radius:0px;border-bottom-right-radius:0px;aspect-ratio:3\/2;object-fit:cover\" srcset=\"https:\/\/staging.srfb.be\/wp-content\/uploads\/2021\/03\/balade_Profondville-J-Goovaert_paysage.jpg 1024w, https:\/\/staging.srfb.be\/wp-content\/uploads\/2021\/03\/balade_Profondville-J-Goovaert_paysage-600x398.jpg 600w, https:\/\/staging.srfb.be\/wp-content\/uploads\/2021\/03\/balade_Profondville-J-Goovaert_paysage-300x199.jpg 300w, https:\/\/staging.srfb.be\/wp-content\/uploads\/2021\/03\/balade_Profondville-J-Goovaert_paysage-768x510.jpg 768w, https:\/\/staging.srfb.be\/wp-content\/uploads\/2021\/03\/balade_Profondville-J-Goovaert_paysage-64x43.jpg 64w, https:\/\/staging.srfb.be\/wp-content\/uploads\/2021\/03\/balade_Profondville-J-Goovaert_paysage-18x12.jpg 18w\" sizes=\"auto, (max-width: 1024px) 100vw, 1024px\" \/><\/figure>\n\n\n\n<h4 class=\"wp-block-heading has-text-align-center has-vert-claire-color-color has-text-color has-link-color has-medium-font-size wp-elements-7dc64e0d5cc844a0f9a4be2bf358d32c\">Services et activit\u00e9s<\/h4>\n\n\n\n<div class=\"wp-block-buttons is-layout-flex wp-block-buttons-is-layout-flex\" style=\"margin-top:0;margin-bottom:0\">\n<div class=\"wp-block-button\"><a class=\"wp-block-button__link has-vert-fonce-color-background-color has-background has-small-font-size has-custom-font-size wp-element-button\" href=\"\/forest-friends\/services-et-activites\/\" style=\"padding-top:var(--wp--preset--spacing--30);padding-right:var(--wp--preset--spacing--50);padding-bottom:var(--wp--preset--spacing--30);padding-left:var(--wp--preset--spacing--50)\">Plus d&rsquo;informations<\/a><\/div>\n<\/div>\n<\/div>\n\n\n\n<div class=\"wp-block-group has-background wp-container-content-8eb0bdf3 is-vertical is-content-justification-center is-layout-flex wp-container-core-group-is-layout-2dfaf68c wp-block-group-is-layout-flex\" style=\"border-radius:5px;background-color:#f2f2f2;min-height:320px;padding-top:0;padding-right:0;padding-bottom:var(--wp--preset--spacing--40);padding-left:0\">\n<figure class=\"wp-block-image size-full has-custom-border\" style=\"margin-bottom:var(--wp--preset--spacing--40)\"><img loading=\"lazy\" decoding=\"async\" width=\"1700\" height=\"1133\" src=\"https:\/\/staging.srfb.be\/wp-content\/uploads\/2020\/04\/books-2863724_1920.jpg\" alt=\"Enfants en train de lire\" class=\"wp-image-11348\" style=\"border-top-left-radius:5px;border-top-right-radius:5px;border-bottom-left-radius:0px;border-bottom-right-radius:0px;aspect-ratio:3\/2;object-fit:cover\" srcset=\"https:\/\/staging.srfb.be\/wp-content\/uploads\/2020\/04\/books-2863724_1920.jpg 1700w, https:\/\/staging.srfb.be\/wp-content\/uploads\/2020\/04\/books-2863724_1920-600x400.jpg 600w, https:\/\/staging.srfb.be\/wp-content\/uploads\/2020\/04\/books-2863724_1920-300x200.jpg 300w, https:\/\/staging.srfb.be\/wp-content\/uploads\/2020\/04\/books-2863724_1920-1024x682.jpg 1024w, https:\/\/staging.srfb.be\/wp-content\/uploads\/2020\/04\/books-2863724_1920-18x12.jpg 18w\" sizes=\"auto, (max-width: 1700px) 100vw, 1700px\" \/><\/figure>\n\n\n\n<h4 class=\"wp-block-heading has-text-align-center has-vert-claire-color-color has-text-color has-link-color has-medium-font-size wp-elements-4e5e0e7a605887417e577b97d3bb8d25\">Ressources p\u00e9dagogiques<\/h4>\n\n\n\n<div class=\"wp-block-buttons is-layout-flex wp-block-buttons-is-layout-flex\" style=\"margin-top:0;margin-bottom:0\">\n<div class=\"wp-block-button\"><a class=\"wp-block-button__link has-vert-fonce-color-background-color has-background has-small-font-size has-custom-font-size wp-element-button\" href=\"\/forest-friends\/ressources-pedagogiques\/\" style=\"padding-top:var(--wp--preset--spacing--30);padding-right:var(--wp--preset--spacing--50);padding-bottom:var(--wp--preset--spacing--30);padding-left:var(--wp--preset--spacing--50)\">Plus d&rsquo;informations<\/a><\/div>\n<\/div>\n<\/div>\n\n\n\n<div class=\"wp-block-group has-background wp-container-content-8eb0bdf3 is-vertical is-content-justification-center is-layout-flex wp-container-core-group-is-layout-2dfaf68c wp-block-group-is-layout-flex\" style=\"border-radius:5px;background-color:#f2f2f2;min-height:320px;padding-top:0;padding-right:0;padding-bottom:var(--wp--preset--spacing--40);padding-left:0\">\n<figure class=\"wp-block-image size-full has-custom-border\" style=\"margin-bottom:var(--wp--preset--spacing--40)\"><img loading=\"lazy\" decoding=\"async\" width=\"1024\" height=\"768\" src=\"https:\/\/staging.srfb.be\/wp-content\/uploads\/2021\/11\/plantation-namur-5.jpg\" alt=\"Plantation \u00e0 Namur\" class=\"wp-image-20789\" style=\"border-top-left-radius:5px;border-top-right-radius:5px;border-bottom-left-radius:0px;border-bottom-right-radius:0px;aspect-ratio:3\/2;object-fit:cover\" srcset=\"https:\/\/staging.srfb.be\/wp-content\/uploads\/2021\/11\/plantation-namur-5.jpg 1024w, https:\/\/staging.srfb.be\/wp-content\/uploads\/2021\/11\/plantation-namur-5-600x450.jpg 600w, https:\/\/staging.srfb.be\/wp-content\/uploads\/2021\/11\/plantation-namur-5-300x225.jpg 300w, https:\/\/staging.srfb.be\/wp-content\/uploads\/2021\/11\/plantation-namur-5-768x576.jpg 768w, https:\/\/staging.srfb.be\/wp-content\/uploads\/2021\/11\/plantation-namur-5-400x300.jpg 400w, https:\/\/staging.srfb.be\/wp-content\/uploads\/2021\/11\/plantation-namur-5-64x48.jpg 64w, https:\/\/staging.srfb.be\/wp-content\/uploads\/2021\/11\/plantation-namur-5-16x12.jpg 16w\" sizes=\"auto, (max-width: 1024px) 100vw, 1024px\" \/><\/figure>\n\n\n\n<h4 class=\"wp-block-heading has-text-align-center has-vert-claire-color-color has-text-color has-link-color has-medium-font-size wp-elements-586271b71a6886707f69ab2dc0dcc2d7\">Soutien citoyen \u00e0 la for\u00eat<\/h4>\n\n\n\n<div class=\"wp-block-buttons is-layout-flex wp-block-buttons-is-layout-flex\" style=\"margin-top:0;margin-bottom:0\">\n<div class=\"wp-block-button\"><a class=\"wp-block-button__link has-vert-fonce-color-background-color has-background has-small-font-size has-custom-font-size wp-element-button\" href=\"\/forest-friends\/soutien-citoyen-a-la-foret\/\" style=\"padding-top:var(--wp--preset--spacing--30);padding-right:var(--wp--preset--spacing--50);padding-bottom:var(--wp--preset--spacing--30);padding-left:var(--wp--preset--spacing--50)\">Plus d&rsquo;informations<\/a><\/div>\n<\/div>\n<\/div>\n<\/div>\n\n\n\n<div class=\"wp-block-group has-border-color has-vert-claire-color-border-color is-layout-constrained wp-container-core-group-is-layout-db32e940 wp-block-group-is-layout-constrained\" style=\"border-width:3px;padding-top:var(--wp--preset--spacing--60);padding-right:var(--wp--preset--spacing--60);padding-bottom:var(--wp--preset--spacing--60);padding-left:var(--wp--preset--spacing--60)\">\n<h3 class=\"wp-block-heading has-text-align-center\">Nos Guides Forestiers Volontaires<\/h3>\n\n\n\n<p class=\"has-text-align-center\">Le programme Forest Friends fonctionne depuis plus de 10 ans en grande partie gr\u00e2ce \u00e0 nos Guides Forestiers Volontaires. MERCI \u00e0 tous nos guides pour leur engagement \u00e0 nos c\u00f4t\u00e9s pour faire conna\u00eetre la for\u00eat et ses richesses.<\/p>\n\n\n\n<p class=\"has-text-align-center\">Vous aussi, vous souhaitez faire un geste en faveur des for\u00eats&nbsp;? D\u00e9couvrez&nbsp;<a href=\"\/planter-un-arbre\/particulier\/\" target=\"_blank\" rel=\"noreferrer noopener\">ici<\/a>&nbsp;les possibilit\u00e9s de volontariat et de soutien \u00e0 nos projets.<\/p>\n<\/div>\n\n\n\n<div class=\"wp-block-group is-layout-constrained wp-container-core-group-is-layout-05afb7f8 wp-block-group-is-layout-constrained\" style=\"margin-top:var(--wp--preset--spacing--70);margin-bottom:var(--wp--preset--spacing--70)\">\n<h3 class=\"wp-block-heading has-text-align-center\">Articles<\/h3>\n\n\n\n<section data-wp-context=\"{}\" data-wp-interactive=\"core\/query\" data-wp-key=\"0\" data-wp-router-region=\"query-0\" class=\"wp-block-query is-layout-flow wp-block-query-is-layout-flow\"><ul class=\"wp-block-post-template is-layout-flow wp-container-core-post-template-is-layout-7f1ce2c0 wp-block-post-template-is-layout-flow\"><li data-wp-key=\"post-template-item-28163\" class=\"wp-block-post post-28163 post type-post status-publish format-standard has-post-thumbnail hentry tag-bois tag-forest-friends\">\n\n<div class=\"wp-block-group has-grey-color-background-color has-background is-layout-constrained wp-container-core-group-is-layout-b3cb40ef wp-block-group-is-layout-constrained\" style=\"padding-top:var(--wp--preset--spacing--40);padding-right:var(--wp--preset--spacing--40);padding-bottom:var(--wp--preset--spacing--40);padding-left:var(--wp--preset--spacing--40)\"><h4 style=\"margin-top:0;margin-bottom:0;\" class=\"wp-block-post-title\"><a href=\"https:\/\/staging.srfb.be\/nl\/2023\/01\/09\/sonian-wood-coop\/\" target=\"_self\" >Sonian Wood Coop<\/a><\/h4>\n\n<div style=\"font-style:italic;font-weight:400;\" class=\"wp-block-post-date has-small-font-size\"><time datetime=\"2023-01-09T08:00:57+01:00\">2023 januari 9<\/time><\/div><\/div>\n\n<\/li><li data-wp-key=\"post-template-item-27719\" class=\"wp-block-post post-27719 post type-post status-publish format-standard has-post-thumbnail hentry tag-demain tag-forest-friends tag-foret tag-futur tag-guide tag-volontaires\">\n\n<div class=\"wp-block-group has-grey-color-background-color has-background is-layout-constrained wp-container-core-group-is-layout-b3cb40ef wp-block-group-is-layout-constrained\" style=\"padding-top:var(--wp--preset--spacing--40);padding-right:var(--wp--preset--spacing--40);padding-bottom:var(--wp--preset--spacing--40);padding-left:var(--wp--preset--spacing--40)\"><h4 style=\"margin-top:0;margin-bottom:0;\" class=\"wp-block-post-title\"><a href=\"https:\/\/staging.srfb.be\/nl\/2022\/11\/28\/la-foret-de-soignes-bien-plus-quun-lieu-de-promenade\/\" target=\"_self\" >La for\u00eat de Soignes, bien plus qu\u2019un lieu de promenade<\/a><\/h4>\n\n<div style=\"font-style:italic;font-weight:400;\" class=\"wp-block-post-date has-small-font-size\"><time datetime=\"2022-11-28T08:00:42+01:00\">2022 november 28<\/time><\/div><\/div>\n\n<\/li><li data-wp-key=\"post-template-item-26949\" class=\"wp-block-post post-26949 post type-post status-publish format-standard has-post-thumbnail hentry tag-bois tag-certification tag-changements-climatiques tag-demain tag-forest-friends tag-foret tag-foret-mosaique tag-formation tag-futur tag-gestion tag-guide tag-pefc tag-sante-des-forets tag-volontaires\">\n\n<div class=\"wp-block-group has-grey-color-background-color has-background is-layout-constrained wp-container-core-group-is-layout-b3cb40ef wp-block-group-is-layout-constrained\" style=\"padding-top:var(--wp--preset--spacing--40);padding-right:var(--wp--preset--spacing--40);padding-bottom:var(--wp--preset--spacing--40);padding-left:var(--wp--preset--spacing--40)\"><h4 style=\"margin-top:0;margin-bottom:0;\" class=\"wp-block-post-title\"><a href=\"https:\/\/staging.srfb.be\/nl\/2022\/10\/03\/journee-prise-en-main-de-la-gestion-forestiere\/\" target=\"_self\" >Journ\u00e9e prise en main de la gestion foresti\u00e8re<\/a><\/h4>\n\n<div style=\"font-style:italic;font-weight:400;\" class=\"wp-block-post-date has-small-font-size\"><time datetime=\"2022-10-03T08:00:54+02:00\">2022 oktober 3<\/time><\/div><\/div>\n\n<\/li><li data-wp-key=\"post-template-item-26978\" class=\"wp-block-post post-26978 post type-post status-publish format-standard has-post-thumbnail hentry tag-festival tag-forest-friends tag-musique\">\n\n<div class=\"wp-block-group has-grey-color-background-color has-background is-layout-constrained wp-container-core-group-is-layout-b3cb40ef wp-block-group-is-layout-constrained\" style=\"padding-top:var(--wp--preset--spacing--40);padding-right:var(--wp--preset--spacing--40);padding-bottom:var(--wp--preset--spacing--40);padding-left:var(--wp--preset--spacing--40)\"><h4 style=\"margin-top:0;margin-bottom:0;\" class=\"wp-block-post-title\"><a href=\"https:\/\/staging.srfb.be\/nl\/2022\/09\/29\/explorariumun-doux-melange-entre-culture-et-nature\/\" target=\"_self\" >Explorarium\u2026 un doux m\u00e9lange entre culture et nature<\/a><\/h4>\n\n<div style=\"font-style:italic;font-weight:400;\" class=\"wp-block-post-date has-small-font-size\"><time datetime=\"2022-09-29T08:00:57+02:00\">2022 september 29<\/time><\/div><\/div>\n\n<\/li><li data-wp-key=\"post-template-item-26975\" class=\"wp-block-post post-26975 post type-post status-publish format-standard has-post-thumbnail hentry tag-forest-friends tag-foret\">\n\n<div class=\"wp-block-group has-grey-color-background-color has-background is-layout-constrained wp-container-core-group-is-layout-b3cb40ef wp-block-group-is-layout-constrained\" style=\"padding-top:var(--wp--preset--spacing--40);padding-right:var(--wp--preset--spacing--40);padding-bottom:var(--wp--preset--spacing--40);padding-left:var(--wp--preset--spacing--40)\"><h4 style=\"margin-top:0;margin-bottom:0;\" class=\"wp-block-post-title\"><a href=\"https:\/\/staging.srfb.be\/nl\/2022\/09\/28\/finn-la-nature-est-un-spectacle\/\" target=\"_self\" >FINN, la nature est un spectacle<\/a><\/h4>\n\n<div style=\"font-style:italic;font-weight:400;\" class=\"wp-block-post-date has-small-font-size\"><time datetime=\"2022-09-28T16:02:10+02:00\">2022 september 28<\/time><\/div><\/div>\n\n<\/li><\/ul>\n\n<nav class=\"wp-block-query-pagination is-content-justification-center is-layout-flex wp-container-core-query-pagination-is-layout-a89b3969 wp-block-query-pagination-is-layout-flex\" aria-label=\"Paginering\">\n\n\n<div class=\"wp-block-query-pagination-numbers\"><span data-wp-key=\"index-0\" aria-label=\"Pagina 1\" aria-current=\"page\" class=\"page-numbers current\">1<\/span>\n<a data-wp-key=\"index-1\" data-wp-on--click=\"core\/query::actions.navigate\" aria-label=\"Pagina 2\" class=\"page-numbers\" href=\"?query-0-page=2\">2<\/a><\/div>\n\n<a data-wp-key=\"query-pagination-next\" data-wp-on--click=\"core\/query::actions.navigate\" data-wp-on--mouseenter=\"core\/query::actions.prefetch\" data-wp-watch=\"core\/query::callbacks.prefetch\" href=\"\/nl\/wp-json\/wp\/v2\/pages\/6379?query-0-page=2\" class=\"wp-block-query-pagination-next\" aria-label=\"Volgende pagina\"><span class='wp-block-query-pagination-next-arrow is-arrow-arrow' aria-hidden='true'>\u2192<\/span><\/a>\n<\/nav>\n\n<\/section>\n<\/div>\n\n\n\n<div class=\"wp-block-buttons is-content-justification-center is-layout-flex wp-container-core-buttons-is-layout-9033c490 wp-block-buttons-is-layout-flex\" style=\"margin-top:var(--wp--preset--spacing--80);margin-bottom:var(--wp--preset--spacing--80)\">\n<div class=\"wp-block-button\"><a class=\"wp-block-button__link has-vert-fonce-color-color has-text-color has-background has-link-color has-text-align-center wp-element-button\" href=\"https:\/\/staging.srfb.be\/formations-et-activites\/activites-passees\/\" style=\"background-color:#f2f2f2\">Voir toutes les activit\u00e9s pass\u00e9es<\/a><\/div>\n<\/div>\n","protected":false},"excerpt":{"rendered":"<p>Derri\u00e8re chaque parcelle de bois se trouve un gestionnaire forestier qui s\u2019investit pour g\u00e9rer durablement la for\u00eat. Mais pour \u00eatre reconnu, il faut se faire conna\u00eetre et comprendre. C\u2019est l\u2019objectif du programme Forest Friends de la SRFB. La for\u00eat est proche de nous et, en m\u00eame temps, myst\u00e9rieuse : refuge de biodiversit\u00e9, lieu de ressourcement, [&hellip;]<\/p>\n","protected":false},"author":18,"featured_media":0,"parent":0,"menu_order":0,"comment_status":"closed","ping_status":"closed","template":"","meta":{"iawp_total_views":2423,"footnotes":""},"category":[],"class_list":["post-6379","page","type-page","status-publish","hentry"],"_links":{"self":[{"href":"https:\/\/staging.srfb.be\/nl\/wp-json\/wp\/v2\/pages\/6379","targetHints":{"allow":["GET"]}}],"collection":[{"href":"https:\/\/staging.srfb.be\/nl\/wp-json\/wp\/v2\/pages"}],"about":[{"href":"https:\/\/staging.srfb.be\/nl\/wp-json\/wp\/v2\/types\/page"}],"author":[{"embeddable":true,"href":"https:\/\/staging.srfb.be\/nl\/wp-json\/wp\/v2\/users\/18"}],"replies":[{"embeddable":true,"href":"https:\/\/staging.srfb.be\/nl\/wp-json\/wp\/v2\/comments?post=6379"}],"version-history":[{"count":0,"href":"https:\/\/staging.srfb.be\/nl\/wp-json\/wp\/v2\/pages\/6379\/revisions"}],"wp:attachment":[{"href":"https:\/\/staging.srfb.be\/nl\/wp-json\/wp\/v2\/media?parent=6379"}],"wp:term":[{"taxonomy":"category","embeddable":true,"href":"https:\/\/staging.srfb.be\/nl\/wp-json\/wp\/v2\/category?post=6379"}],"curies":[{"name":"wp","href":"https:\/\/api.w.org\/{rel}","templated":true}]}}