{"id":5959,"date":"2015-10-09T06:09:56","date_gmt":"2015-10-09T06:09:56","guid":{"rendered":"http:\/\/demo.goodlayers.com\/greennature\/?page_id=5959"},"modified":"2025-08-05T11:18:06","modified_gmt":"2025-08-05T09:18:06","slug":"formations-et-activites","status":"publish","type":"page","link":"https:\/\/staging.srfb.be\/nl\/formations-et-activites\/","title":{"rendered":"Opleidingen en activiteiten"},"content":{"rendered":"\n<h2 class=\"wp-block-heading has-text-align-center has-vert-fonce-color-color has-text-color has-link-color wp-elements-30bdf01d3bec353de5cd4232efbed32d\" style=\"margin-bottom:0;font-size:clamp(31.152px, 1.947rem + ((1vw - 3.2px) * 2.484), 55px);\">Plus de 20 formations par an<\/h2>\n\n\n\n<h4 class=\"wp-block-heading has-text-align-center\" style=\"margin-top:var(--wp--preset--spacing--30)\">Conf\u00e9rences itin\u00e9rantes &amp; journ\u00e9es de formations sur terrain<\/h4>\n\n\n\n<div class=\"wp-block-columns hidden is-layout-flex wp-container-core-columns-is-layout-f65187a8 wp-block-columns-is-layout-flex\" style=\"padding-top:var(--wp--preset--spacing--60);padding-right:var(--wp--preset--spacing--60);padding-bottom:var(--wp--preset--spacing--60);padding-left:var(--wp--preset--spacing--60)\">\n<div class=\"wp-block-column is-layout-flow wp-block-column-is-layout-flow\">\n<p>La SRFB organise des&nbsp;<strong>journ\u00e9es de terrain sur des th\u00e9matiques vari\u00e9es<\/strong>&nbsp;afin de r\u00e9pondre \u00e0 vos besoins en mati\u00e8re de gestion foresti\u00e8re :&nbsp;<em>conna\u00eetre la sylviculture des diff\u00e9rentes essences foresti\u00e8res, utiliser la tron\u00e7onneuse, estimer les bois sur pieds et les vendre, marquer son \u00e9claircie, \u00e9laguer et tailler ses arbres ou encore r\u00e9diger son document simple de gestion<\/em>.<\/p>\n<\/div>\n\n\n\n<div class=\"wp-block-column is-layout-flow wp-block-column-is-layout-flow\">\n<p>Nous proposons essentiellement&nbsp;<strong>deux types d\u2019activit\u00e9s<\/strong>,&nbsp;<strong>des journ\u00e9es de terrain organis\u00e9es sous forme de conf\u00e9rence itin\u00e9rante<\/strong>&nbsp;faisant intervenir des conf\u00e9renciers ext\u00e9rieurs professionnels de la fili\u00e8re ou sp\u00e9cialiste dans leur domaine et&nbsp;<strong>des journ\u00e9es de formation organis\u00e9es sous forme de circuit \u00e9ducatif<\/strong>&nbsp;faisant intervenir le plus souvent nos formateurs SRFB.<\/p>\n<\/div>\n<\/div>\n\n\n\n<div class=\"wp-block-group is-layout-grid wp-container-core-group-is-layout-acc8bb78 wp-block-group-is-layout-grid\">\n<div class=\"wp-block-group has-white-color has-vert-claire-color-background-color has-text-color has-background has-link-color wp-elements-3786b1c049e9af9ca37fa82aa6d2d2a6 wp-container-content-ab356492 is-vertical is-content-justification-center is-layout-flex wp-container-core-group-is-layout-58fc09c1 wp-block-group-is-layout-flex\" style=\"margin-top:0;margin-bottom:0;padding-top:var(--wp--preset--spacing--50);padding-right:var(--wp--preset--spacing--60);padding-bottom:var(--wp--preset--spacing--50);padding-left:var(--wp--preset--spacing--60)\">\n<div class=\"wp-block-media-text is-stacked-on-mobile\" style=\"grid-template-columns:32% auto\"><figure class=\"wp-block-media-text__media\"><img loading=\"lazy\" decoding=\"async\" width=\"1024\" height=\"671\" src=\"https:\/\/staging.srfb.be\/wp-content\/uploads\/2021\/11\/forest-friends-1024x671.png\" alt=\"Forest Friends\" class=\"wp-image-20364 size-full\" srcset=\"https:\/\/staging.srfb.be\/wp-content\/uploads\/2021\/11\/forest-friends-1024x671.png 1024w, https:\/\/staging.srfb.be\/wp-content\/uploads\/2021\/11\/forest-friends-600x393.png 600w, https:\/\/staging.srfb.be\/wp-content\/uploads\/2021\/11\/forest-friends-300x197.png 300w, https:\/\/staging.srfb.be\/wp-content\/uploads\/2021\/11\/forest-friends-768x503.png 768w, https:\/\/staging.srfb.be\/wp-content\/uploads\/2021\/11\/forest-friends-1536x1007.png 1536w, https:\/\/staging.srfb.be\/wp-content\/uploads\/2021\/11\/forest-friends-64x42.png 64w, https:\/\/staging.srfb.be\/wp-content\/uploads\/2021\/11\/forest-friends-18x12.png 18w, https:\/\/staging.srfb.be\/wp-content\/uploads\/2021\/11\/forest-friends.png 1579w\" sizes=\"auto, (max-width: 1024px) 100vw, 1024px\" \/><\/figure><div class=\"wp-block-media-text__content\">\n<p class=\"has-text-align-center\" style=\"margin-top:0;margin-right:0;margin-bottom:0;margin-left:0;font-style:italic;font-weight:400\">Si vous d\u00e9sirez voir nos balades ou activit\u00e9s grand public, vous pouvez les voir sur la page <a href=\"https:\/\/staging.srfb.be\/forest-friends\/\">Forest Friends<\/a>.<\/p>\n\n\n\n<div class=\"wp-block-buttons is-content-justification-center is-layout-flex wp-container-core-buttons-is-layout-51282427 wp-block-buttons-is-layout-flex\" style=\"margin-top:var(--wp--preset--spacing--30);margin-bottom:0\">\n<div class=\"wp-block-button\"><a class=\"wp-block-button__link has-vert-fonce-color-color has-white-background-color has-text-color has-background has-link-color has-custom-font-size wp-element-button\" href=\"https:\/\/staging.srfb.be\/forest-friends\/#agenda\" style=\"font-size:0.85em;font-style:normal;font-weight:700;text-transform:uppercase\">Voir l&rsquo;agenda grand public<\/a><\/div>\n<\/div>\n<\/div><\/div>\n<\/div>\n\n\n\n<div class=\"wp-block-group has-black-color has-text-color has-background has-link-color wp-elements-3226ad08275dad9786c9e5354adece7c wp-container-content-e712e989 is-vertical is-content-justification-center is-layout-flex wp-container-core-group-is-layout-711ef50d wp-block-group-is-layout-flex\" style=\"border-radius:5px;background-color:#f2f2f2;padding-top:var(--wp--preset--spacing--40);padding-right:var(--wp--preset--spacing--40);padding-bottom:var(--wp--preset--spacing--40);padding-left:var(--wp--preset--spacing--40)\">\n<p class=\"has-large-font-size\"><span class=\"wp-rich-text-font-awesome-icon wp-font-awesome-icon\"><svg aria-hidden=\"true\" focusable=\"false\" data-prefix=\"fas\" data-icon=\"download\" class=\"svg-inline--fa fa-download \" role=\"img\" xmlns=\"http:\/\/www.w3.org\/2000\/svg\" viewBox=\"0 0 512 512\"><path fill=\"currentColor\" d=\"M288 32c0-17.7-14.3-32-32-32s-32 14.3-32 32V274.7l-73.4-73.4c-12.5-12.5-32.8-12.5-45.3 0s-12.5 32.8 0 45.3l128 128c12.5 12.5 32.8 12.5 45.3 0l128-128c12.5-12.5 12.5-32.8 0-45.3s-32.8-12.5-45.3 0L288 274.7V32zM64 352c-35.3 0-64 28.7-64 64v32c0 35.3 28.7 64 64 64H448c35.3 0 64-28.7 64-64V416c0-35.3-28.7-64-64-64H346.5l-45.3 45.3c-25 25-65.5 25-90.5 0L165.5 352H64zm368 56a24 24 0 1 1 0 48 24 24 0 1 1 0-48z\"><\/path><\/svg><\/span><\/p>\n\n\n\n<h4 class=\"wp-block-heading has-text-align-center has-black-color has-text-color has-link-color has-medium-font-size wp-elements-01269d7368959f7e35a802130b7d8f3c\">Agenda Silva Form 2025<\/h4>\n\n\n\n<div class=\"wp-block-buttons is-content-justification-center is-layout-flex wp-container-core-buttons-is-layout-a89b3969 wp-block-buttons-is-layout-flex\">\n<div class=\"wp-block-button\"><a class=\"wp-block-button__link has-black-background-color has-background wp-element-button\" href=\"https:\/\/staging.srfb.be\/wp-content\/uploads\/2025\/01\/Silva-Form-2025.pdf\" target=\"_blank\" rel=\"noreferrer noopener\">T\u00e9l\u00e9charger<\/a><\/div>\n<\/div>\n<\/div>\n<\/div>\n\n\n\n<h3 class=\"wp-block-heading has-text-align-center has-large-font-size\" style=\"margin-top:var(--wp--preset--spacing--80);margin-bottom:0\">Agenda des formations et activit\u00e9s<\/h3>\n\n\n\n<p class=\"has-text-align-center\" style=\"margin-top:0;margin-bottom:0;font-style:italic;font-weight:400\">Nos formations pour les propri\u00e9taires forestiers<\/p>\n\n\n<p>[events per_page=\u00a0\u00bb12&Prime; show_filters=\u00a0\u00bbfalse\u00a0\u00bb show_pagination=\u00a0\u00bbfalse\u00a0\u00bb show_more=\u00a0\u00bbtrue\u00a0\u00bb orderby=\u00a0\u00bbevent_start_date\u00a0\u00bb order=\u00a0\u00bbASC\u00a0\u00bb categories=\u00a0\u00bbvulgarisation,assemblee-generale,foire-salon-exposition,fordil,foretfor,pefc,trees-for-future,w-a-v-e,deadwood4forests\u00a0\u00bb]<\/p>\n\n\n\n<p class=\"has-text-align-center separator\"><strong>Formations et activit\u00e9s pass\u00e9es<\/strong><\/p>\n\n\n\n<section class=\"wp-block-group op-50 is-layout-constrained wp-block-group-is-layout-constrained\"><p>[past_events per_page=\u00a0\u00bb3&Prime; show_pagination=\u00a0\u00bbfalse\u00a0\u00bb selected_categories=\u00a0\u00bbvulgarisation,assemblee-generale,foire-salon-exposition,fordil,foretfor,pefc,trees-for-future,w-a-v-e,deadwood4forests\u00a0\u00bb]<\/p>\n<\/section>\n\n\n\n<div class=\"wp-block-buttons is-content-justification-center is-layout-flex wp-container-core-buttons-is-layout-a89b3969 wp-block-buttons-is-layout-flex\">\n<div class=\"wp-block-button\"><a class=\"wp-block-button__link has-vert-fonce-color-color has-text-color has-background has-link-color has-text-align-center wp-element-button\" href=\"https:\/\/staging.srfb.be\/formations-et-activites\/activites-passees\/\" style=\"background-color:#f2f2f2\">Voir toutes les activit\u00e9s pass\u00e9es<\/a><\/div>\n<\/div>\n\n\n\n<h3 class=\"wp-block-heading has-text-align-center has-large-font-size\" style=\"margin-top:var(--wp--preset--spacing--80);margin-bottom:0\">Autres formations<\/h3>\n\n\n\n<div class=\"wp-block-group is-layout-grid wp-container-core-group-is-layout-1ceb2b6e wp-block-group-is-layout-grid\" style=\"margin-top:var(--wp--preset--spacing--50);margin-bottom:var(--wp--preset--spacing--80)\">\n<div class=\"wp-block-group has-vert-claire-color-color has-text-color has-background has-link-color wp-elements-ac1055a70f20c0715383e5f1c16c7f56 is-vertical is-content-justification-center is-layout-flex wp-container-core-group-is-layout-711ef50d wp-block-group-is-layout-flex\" style=\"border-radius:5px;background-color:#f2f2f2;padding-top:var(--wp--preset--spacing--40);padding-right:var(--wp--preset--spacing--40);padding-bottom:var(--wp--preset--spacing--40);padding-left:var(--wp--preset--spacing--40)\">\n<p class=\"has-large-font-size\"><span class=\"wp-rich-text-font-awesome-icon wp-font-awesome-icon\"><svg aria-hidden=\"true\" focusable=\"false\" data-prefix=\"fas\" data-icon=\"street-view\" class=\"svg-inline--fa fa-street-view \" role=\"img\" xmlns=\"http:\/\/www.w3.org\/2000\/svg\" viewBox=\"0 0 512 512\"><path fill=\"currentColor\" d=\"M320 64A64 64 0 1 0 192 64a64 64 0 1 0 128 0zm-96 96c-35.3 0-64 28.7-64 64v48c0 17.7 14.3 32 32 32h1.8l11.1 99.5c1.8 16.2 15.5 28.5 31.8 28.5h38.7c16.3 0 30-12.3 31.8-28.5L318.2 304H320c17.7 0 32-14.3 32-32V224c0-35.3-28.7-64-64-64H224zM132.3 394.2c13-2.4 21.7-14.9 19.3-27.9s-14.9-21.7-27.9-19.3c-32.4 5.9-60.9 14.2-82 24.8c-10.5 5.3-20.3 11.7-27.8 19.6C6.4 399.5 0 410.5 0 424c0 21.4 15.5 36.1 29.1 45c14.7 9.6 34.3 17.3 56.4 23.4C130.2 504.7 190.4 512 256 512s125.8-7.3 170.4-19.6c22.1-6.1 41.8-13.8 56.4-23.4c13.7-8.9 29.1-23.6 29.1-45c0-13.5-6.4-24.5-14-32.6c-7.5-7.9-17.3-14.3-27.8-19.6c-21-10.6-49.5-18.9-82-24.8c-13-2.4-25.5 6.3-27.9 19.3s6.3 25.5 19.3 27.9c30.2 5.5 53.7 12.8 69 20.5c3.2 1.6 5.8 3.1 7.9 4.5c3.6 2.4 3.6 7.2 0 9.6c-8.8 5.7-23.1 11.8-43 17.3C374.3 457 318.5 464 256 464s-118.3-7-157.7-17.9c-19.9-5.5-34.2-11.6-43-17.3c-3.6-2.4-3.6-7.2 0-9.6c2.1-1.4 4.8-2.9 7.9-4.5c15.3-7.7 38.8-14.9 69-20.5z\"><\/path><\/svg><\/span><\/p>\n\n\n\n<h4 class=\"wp-block-heading has-text-align-center has-vert-claire-color-color has-text-color has-link-color has-medium-font-size wp-elements-33d731d8349b4717f819eb2dcc839596\">Cycle \u00ab\u00a0For\u00eatfor\u00a0\u00bb<\/h4>\n\n\n\n<div class=\"wp-block-buttons is-content-justification-center is-layout-flex wp-container-core-buttons-is-layout-a89b3969 wp-block-buttons-is-layout-flex\">\n<div class=\"wp-block-button\"><a class=\"wp-block-button__link has-vert-fonce-color-background-color has-background wp-element-button\" href=\"\/formations-et-activites\/le-cycle-foretfor\/\">Plus d&rsquo;informations<\/a><\/div>\n<\/div>\n<\/div>\n\n\n\n<div class=\"wp-block-group has-vert-claire-color-color has-text-color has-background has-link-color wp-elements-e9cb0f34661860e87a02c977249b90c3 is-vertical is-content-justification-center is-layout-flex wp-container-core-group-is-layout-711ef50d wp-block-group-is-layout-flex\" style=\"border-radius:5px;background-color:#f2f2f2;padding-top:var(--wp--preset--spacing--40);padding-right:var(--wp--preset--spacing--40);padding-bottom:var(--wp--preset--spacing--40);padding-left:var(--wp--preset--spacing--40)\">\n<p class=\"has-large-font-size\"><span class=\"wp-rich-text-font-awesome-icon wp-font-awesome-icon\"><svg aria-hidden=\"true\" focusable=\"false\" data-prefix=\"fas\" data-icon=\"book-open-reader\" class=\"svg-inline--fa fa-book-open-reader \" role=\"img\" xmlns=\"http:\/\/www.w3.org\/2000\/svg\" viewBox=\"0 0 512 512\"><path fill=\"currentColor\" d=\"M160 96a96 96 0 1 1 192 0A96 96 0 1 1 160 96zm80 152V512l-48.4-24.2c-20.9-10.4-43.5-17-66.8-19.3l-96-9.6C12.5 457.2 0 443.5 0 427V224c0-17.7 14.3-32 32-32H62.3c63.6 0 125.6 19.6 177.7 56zm32 264V248c52.1-36.4 114.1-56 177.7-56H480c17.7 0 32 14.3 32 32V427c0 16.4-12.5 30.2-28.8 31.8l-96 9.6c-23.2 2.3-45.9 8.9-66.8 19.3L272 512z\"><\/path><\/svg><\/span><\/p>\n\n\n\n<h4 class=\"wp-block-heading has-text-align-center has-vert-claire-color-color has-text-color has-link-color has-medium-font-size wp-elements-d352b844587ca428a4eec9d1aae7e503\">Je me forme pour ma for\u00eat<\/h4>\n\n\n\n<div class=\"wp-block-buttons is-content-justification-center is-layout-flex wp-container-core-buttons-is-layout-a89b3969 wp-block-buttons-is-layout-flex\">\n<div class=\"wp-block-button\"><a class=\"wp-block-button__link has-vert-fonce-color-background-color has-background wp-element-button\" href=\"\/formations-et-activites\/je-me-forme-pour-ma-foret\/\">Plus d&rsquo;informations<\/a><\/div>\n<\/div>\n<\/div>\n\n\n\n<div class=\"wp-block-group has-vert-claire-color-color has-text-color has-background has-link-color wp-elements-a652db649eaa6285cdb3394eda6ea438 is-vertical is-content-justification-center is-layout-flex wp-container-core-group-is-layout-711ef50d wp-block-group-is-layout-flex\" style=\"border-radius:5px;background-color:#f2f2f2;padding-top:var(--wp--preset--spacing--40);padding-right:var(--wp--preset--spacing--40);padding-bottom:var(--wp--preset--spacing--40);padding-left:var(--wp--preset--spacing--40)\">\n<p class=\"has-large-font-size\"><span class=\"wp-rich-text-font-awesome-icon wp-font-awesome-icon\"><svg aria-hidden=\"true\" focusable=\"false\" data-prefix=\"fas\" data-icon=\"person-hiking\" class=\"svg-inline--fa fa-person-hiking \" role=\"img\" xmlns=\"http:\/\/www.w3.org\/2000\/svg\" viewBox=\"0 0 384 512\"><path fill=\"currentColor\" d=\"M192 48a48 48 0 1 1 96 0 48 48 0 1 1 -96 0zm51.3 182.7L224.2 307l49.7 49.7c9 9 14.1 21.2 14.1 33.9V480c0 17.7-14.3 32-32 32s-32-14.3-32-32V397.3l-73.9-73.9c-15.8-15.8-22.2-38.6-16.9-60.3l20.4-84c8.3-34.1 42.7-54.9 76.7-46.4c19 4.8 35.6 16.4 46.4 32.7L305.1 208H336V184c0-13.3 10.7-24 24-24s24 10.7 24 24v55.8c0 .1 0 .2 0 .2s0 .2 0 .2V488c0 13.3-10.7 24-24 24s-24-10.7-24-24V272H296.6c-16 0-31-8-39.9-21.4l-13.3-20zM81.1 471.9L117.3 334c3 4.2 6.4 8.2 10.1 11.9l41.9 41.9L142.9 488.1c-4.5 17.1-22 27.3-39.1 22.8s-27.3-22-22.8-39.1zm55.5-346L101.4 266.5c-3 12.1-14.9 19.9-27.2 17.9l-47.9-8c-14-2.3-22.9-16.3-19.2-30L31.9 155c9.5-34.8 41.1-59 77.2-59h4.2c15.6 0 27.1 14.7 23.3 29.8z\"><\/path><\/svg><\/span><\/p>\n\n\n\n<h4 class=\"wp-block-heading has-text-align-center has-vert-claire-color-color has-text-color has-link-color has-medium-font-size wp-elements-a435e50c4b6dcc9c691e6fcc16ac792a\">Coachs forestiers<\/h4>\n\n\n\n<div class=\"wp-block-buttons is-content-justification-center is-layout-flex wp-container-core-buttons-is-layout-a89b3969 wp-block-buttons-is-layout-flex\">\n<div class=\"wp-block-button\"><a class=\"wp-block-button__link has-vert-fonce-color-background-color has-background wp-element-button\" href=\"\/formations-et-activites\/lescoachsforestiers\/\">Plus d&rsquo;informations<\/a><\/div>\n<\/div>\n<\/div>\n\n\n\n<div class=\"wp-block-group has-vert-claire-color-color has-text-color has-background has-link-color wp-elements-d53e27568eb83340340478ebffbf3c84 is-vertical is-content-justification-center is-layout-flex wp-container-core-group-is-layout-711ef50d wp-block-group-is-layout-flex\" style=\"border-radius:5px;background-color:#f2f2f2;padding-top:var(--wp--preset--spacing--40);padding-right:var(--wp--preset--spacing--40);padding-bottom:var(--wp--preset--spacing--40);padding-left:var(--wp--preset--spacing--40)\">\n<p class=\"has-large-font-size\"><span class=\"wp-rich-text-font-awesome-icon wp-font-awesome-icon\"><svg aria-hidden=\"true\" focusable=\"false\" data-prefix=\"fas\" data-icon=\"user-group\" class=\"svg-inline--fa fa-user-group \" role=\"img\" xmlns=\"http:\/\/www.w3.org\/2000\/svg\" viewBox=\"0 0 640 512\"><path fill=\"currentColor\" d=\"M96 128a128 128 0 1 1 256 0A128 128 0 1 1 96 128zM0 482.3C0 383.8 79.8 304 178.3 304h91.4C368.2 304 448 383.8 448 482.3c0 16.4-13.3 29.7-29.7 29.7H29.7C13.3 512 0 498.7 0 482.3zM609.3 512H471.4c5.4-9.4 8.6-20.3 8.6-32v-8c0-60.7-27.1-115.2-69.8-151.8c2.4-.1 4.7-.2 7.1-.2h61.4C567.8 320 640 392.2 640 481.3c0 17-13.8 30.7-30.7 30.7zM432 256c-31 0-59-12.6-79.3-32.9C372.4 196.5 384 163.6 384 128c0-26.8-6.6-52.1-18.3-74.3C384.3 40.1 407.2 32 432 32c61.9 0 112 50.1 112 112s-50.1 112-112 112z\"><\/path><\/svg><\/span><\/p>\n\n\n\n<h4 class=\"wp-block-heading has-text-align-center has-vert-claire-color-color has-text-color has-link-color has-medium-font-size wp-elements-0b88ef79d6e246c70078e87e8ba39a34\">Formation personnalis\u00e9e<\/h4>\n\n\n\n<div class=\"wp-block-buttons is-content-justification-center is-layout-flex wp-container-core-buttons-is-layout-a89b3969 wp-block-buttons-is-layout-flex\">\n<div class=\"wp-block-button\"><a class=\"wp-block-button__link has-vert-fonce-color-background-color has-background wp-element-button\" href=\"\/formations-et-activites\/formation_personnalisee\/\">Plus d&rsquo;informations<\/a><\/div>\n<\/div>\n<\/div>\n\n\n\n<div class=\"wp-block-group has-black-color has-text-color has-background has-link-color wp-elements-6f82ee082edc2c2c1dcc7ea025901df2 wp-container-content-ba7fdeb7 is-vertical is-content-justification-center is-layout-flex wp-container-core-group-is-layout-711ef50d wp-block-group-is-layout-flex\" style=\"border-radius:5px;background-color:#f2f2f2;padding-top:var(--wp--preset--spacing--40);padding-right:var(--wp--preset--spacing--40);padding-bottom:var(--wp--preset--spacing--40);padding-left:var(--wp--preset--spacing--40)\">\n<p class=\"has-large-font-size\"><span class=\"wp-rich-text-font-awesome-icon wp-font-awesome-icon\"><svg aria-hidden=\"true\" focusable=\"false\" data-prefix=\"fas\" data-icon=\"download\" class=\"svg-inline--fa fa-download \" role=\"img\" xmlns=\"http:\/\/www.w3.org\/2000\/svg\" viewBox=\"0 0 512 512\"><path fill=\"currentColor\" d=\"M288 32c0-17.7-14.3-32-32-32s-32 14.3-32 32V274.7l-73.4-73.4c-12.5-12.5-32.8-12.5-45.3 0s-12.5 32.8 0 45.3l128 128c12.5 12.5 32.8 12.5 45.3 0l128-128c12.5-12.5 12.5-32.8 0-45.3s-32.8-12.5-45.3 0L288 274.7V32zM64 352c-35.3 0-64 28.7-64 64v32c0 35.3 28.7 64 64 64H448c35.3 0 64-28.7 64-64V416c0-35.3-28.7-64-64-64H346.5l-45.3 45.3c-25 25-65.5 25-90.5 0L165.5 352H64zm368 56a24 24 0 1 1 0 48 24 24 0 1 1 0-48z\"><\/path><\/svg><\/span><\/p>\n\n\n\n<h4 class=\"wp-block-heading has-text-align-center has-black-color has-text-color has-link-color has-medium-font-size wp-elements-01269d7368959f7e35a802130b7d8f3c\">Agenda Silva Form 2025<\/h4>\n\n\n\n<div class=\"wp-block-buttons is-content-justification-center is-layout-flex wp-container-core-buttons-is-layout-a89b3969 wp-block-buttons-is-layout-flex\">\n<div class=\"wp-block-button\"><a class=\"wp-block-button__link has-black-background-color has-background wp-element-button\" href=\"https:\/\/staging.srfb.be\/wp-content\/uploads\/2025\/01\/Silva-Form-2025.pdf\" target=\"_blank\" rel=\"noreferrer noopener\">T\u00e9l\u00e9charger<\/a><\/div>\n<\/div>\n<\/div>\n<\/div>\n","protected":false},"excerpt":{"rendered":"<p>SRFB organiseert velddagen over verschillende onderwerpen om te voldoen aan uw behoeften op het gebied van training en duurzaam bosbeheer.<\/p>","protected":false},"author":18,"featured_media":35428,"parent":0,"menu_order":0,"comment_status":"closed","ping_status":"closed","template":"","meta":{"iawp_total_views":2648,"footnotes":""},"category":[],"class_list":["post-5959","page","type-page","status-publish","has-post-thumbnail","hentry"],"_links":{"self":[{"href":"https:\/\/staging.srfb.be\/nl\/wp-json\/wp\/v2\/pages\/5959","targetHints":{"allow":["GET"]}}],"collection":[{"href":"https:\/\/staging.srfb.be\/nl\/wp-json\/wp\/v2\/pages"}],"about":[{"href":"https:\/\/staging.srfb.be\/nl\/wp-json\/wp\/v2\/types\/page"}],"author":[{"embeddable":true,"href":"https:\/\/staging.srfb.be\/nl\/wp-json\/wp\/v2\/users\/18"}],"replies":[{"embeddable":true,"href":"https:\/\/staging.srfb.be\/nl\/wp-json\/wp\/v2\/comments?post=5959"}],"version-history":[{"count":0,"href":"https:\/\/staging.srfb.be\/nl\/wp-json\/wp\/v2\/pages\/5959\/revisions"}],"wp:featuredmedia":[{"embeddable":true,"href":"https:\/\/staging.srfb.be\/nl\/wp-json\/wp\/v2\/media\/35428"}],"wp:attachment":[{"href":"https:\/\/staging.srfb.be\/nl\/wp-json\/wp\/v2\/media?parent=5959"}],"wp:term":[{"taxonomy":"category","embeddable":true,"href":"https:\/\/staging.srfb.be\/nl\/wp-json\/wp\/v2\/category?post=5959"}],"curies":[{"name":"wp","href":"https:\/\/api.w.org\/{rel}","templated":true}]}}