{"id":31277,"date":"2023-05-24T15:55:10","date_gmt":"2023-05-24T13:55:10","guid":{"rendered":"https:\/\/srfb.be\/?page_id=31277"},"modified":"2025-03-06T15:08:52","modified_gmt":"2025-03-06T14:08:52","slug":"ressources-pedagogiques","status":"publish","type":"page","link":"https:\/\/staging.srfb.be\/nl\/forest-friends\/ressources-pedagogiques\/","title":{"rendered":"Leermiddelen"},"content":{"rendered":"<div class=\"wp-block-group is-layout-constrained wp-container-core-group-is-layout-7f6ca53d wp-block-group-is-layout-constrained\" style=\"padding-top:var(--wp--preset--spacing--60);padding-right:var(--wp--preset--spacing--80);padding-bottom:var(--wp--preset--spacing--60);padding-left:var(--wp--preset--spacing--80)\">\n<h3 class=\"wp-block-heading\">Leermiddelen voor jong en oud!<\/h3>\n\n\n\n<p>Of je nu een leerkracht bent, een jeugdwerker of gewoon een ouder die graag het bos wil ontdekken met je kinderen, je vindt een breed scala aan bronnen op deze pagina's, geschikt voor verschillende leeftijdsgroepen.<\/p>\n<\/div>\n\n\n\n<div class=\"wp-block-group is-content-justification-center is-nowrap is-layout-flex wp-container-core-group-is-layout-23441af8 wp-block-group-is-layout-flex\">\n<div class=\"wp-block-group has-background wp-container-content-f613b356 is-vertical is-content-justification-center is-layout-flex wp-container-core-group-is-layout-d289c3e5 wp-block-group-is-layout-flex\" style=\"border-radius:5px;background-color:#f2f2f2;min-height:275px;padding-top:0;padding-right:0;padding-bottom:var(--wp--preset--spacing--30);padding-left:0\">\n<figure class=\"wp-block-image size-large has-custom-border\" style=\"margin-bottom:var(--wp--preset--spacing--30)\"><img loading=\"lazy\" decoding=\"async\" width=\"1024\" height=\"682\" src=\"https:\/\/staging.srfb.be\/wp-content\/uploads\/2020\/04\/books-2863724_1920-1024x682.jpg\" alt=\"\" class=\"wp-image-11348\" style=\"border-top-left-radius:5px;border-top-right-radius:5px;border-bottom-left-radius:0px;border-bottom-right-radius:0px;aspect-ratio:3\/2;object-fit:cover\" srcset=\"https:\/\/staging.srfb.be\/wp-content\/uploads\/2020\/04\/books-2863724_1920-1024x682.jpg 1024w, https:\/\/staging.srfb.be\/wp-content\/uploads\/2020\/04\/books-2863724_1920-600x400.jpg 600w, https:\/\/staging.srfb.be\/wp-content\/uploads\/2020\/04\/books-2863724_1920-300x200.jpg 300w, https:\/\/staging.srfb.be\/wp-content\/uploads\/2020\/04\/books-2863724_1920-18x12.jpg 18w, https:\/\/staging.srfb.be\/wp-content\/uploads\/2020\/04\/books-2863724_1920.jpg 1700w\" sizes=\"auto, (max-width: 1024px) 100vw, 1024px\" \/><\/figure>\n\n\n\n<h4 class=\"wp-block-heading has-text-align-center has-vert-claire-color-color has-text-color has-link-color has-medium-font-size wp-elements-bdb96a2237da75d68484b4557e7ceb71\">Lespakketten<\/h4>\n\n\n\n<div class=\"wp-block-buttons is-layout-flex wp-block-buttons-is-layout-flex\" style=\"margin-top:0;margin-bottom:0\">\n<div class=\"wp-block-button has-custom-font-size has-small-font-size\"><a class=\"wp-block-button__link has-vert-fonce-color-background-color has-background wp-element-button\" href=\"\/nl\/forest-friends\/ressources-pedagogiques\/kits-pedagogiques\/\" style=\"padding-top:var(--wp--preset--spacing--30);padding-right:var(--wp--preset--spacing--50);padding-bottom:var(--wp--preset--spacing--30);padding-left:var(--wp--preset--spacing--50)\">Meer info<\/a><\/div>\n<\/div>\n<\/div>\n\n\n\n<div class=\"wp-block-group has-background wp-container-content-f613b356 is-vertical is-content-justification-center is-layout-flex wp-container-core-group-is-layout-d289c3e5 wp-block-group-is-layout-flex\" style=\"border-radius:5px;background-color:#f2f2f2;min-height:275px;padding-top:0;padding-right:0;padding-bottom:var(--wp--preset--spacing--30);padding-left:0\">\n<figure class=\"wp-block-image size-large has-custom-border\" style=\"margin-bottom:var(--wp--preset--spacing--30)\"><img loading=\"lazy\" decoding=\"async\" width=\"1024\" height=\"768\" src=\"https:\/\/staging.srfb.be\/wp-content\/uploads\/2020\/04\/A.12-1-scaled-1024x768.jpg\" alt=\"Qui suis-je ?\" class=\"wp-image-11762\" style=\"border-top-left-radius:5px;border-top-right-radius:5px;border-bottom-left-radius:0px;border-bottom-right-radius:0px;aspect-ratio:3\/2;object-fit:cover\" srcset=\"https:\/\/staging.srfb.be\/wp-content\/uploads\/2020\/04\/A.12-1-scaled-1024x768.jpg 1024w, https:\/\/staging.srfb.be\/wp-content\/uploads\/2020\/04\/A.12-1-scaled-600x450.jpg 600w, https:\/\/staging.srfb.be\/wp-content\/uploads\/2020\/04\/A.12-1-scaled-300x225.jpg 300w, https:\/\/staging.srfb.be\/wp-content\/uploads\/2020\/04\/A.12-1-scaled-16x12.jpg 16w, https:\/\/staging.srfb.be\/wp-content\/uploads\/2020\/04\/A.12-1-scaled.jpg 1700w\" sizes=\"auto, (max-width: 1024px) 100vw, 1024px\" \/><\/figure>\n\n\n\n<h4 class=\"wp-block-heading has-text-align-center has-vert-claire-color-color has-text-color has-link-color has-medium-font-size wp-elements-41096fea4c9e3811a4072e9a23efa04e\">Activiteiten<\/h4>\n\n\n\n<div class=\"wp-block-buttons is-layout-flex wp-block-buttons-is-layout-flex\" style=\"margin-top:0;margin-bottom:0\">\n<div class=\"wp-block-button has-custom-font-size has-small-font-size\"><a class=\"wp-block-button__link has-vert-fonce-color-background-color has-background wp-element-button\" href=\"\/nl\/forest-friends\/ressources-pedagogiques\/fiches-dactivites\/\" style=\"padding-top:var(--wp--preset--spacing--30);padding-right:var(--wp--preset--spacing--50);padding-bottom:var(--wp--preset--spacing--30);padding-left:var(--wp--preset--spacing--50)\">Meer info<\/a><\/div>\n<\/div>\n<\/div>\n\n\n\n<div class=\"wp-block-group has-background wp-container-content-f613b356 is-vertical is-content-justification-center is-layout-flex wp-container-core-group-is-layout-d289c3e5 wp-block-group-is-layout-flex\" style=\"border-radius:5px;background-color:#f2f2f2;min-height:275px;padding-top:0;padding-right:0;padding-bottom:var(--wp--preset--spacing--30);padding-left:0\">\n<figure class=\"wp-block-image size-large has-custom-border\" style=\"margin-bottom:var(--wp--preset--spacing--30)\"><img decoding=\"async\" src=\"https:\/\/furetcompany.com\/wp-content\/uploads\/2019\/07\/FuretCompany_actuTC_ForestFun.jpg\" alt=\"\" style=\"border-top-left-radius:5px;border-top-right-radius:5px;border-bottom-left-radius:0px;border-bottom-right-radius:0px;aspect-ratio:3\/2;object-fit:cover\"\/><\/figure>\n\n\n\n<h4 class=\"wp-block-heading has-text-align-center has-vert-claire-color-color has-text-color has-link-color has-medium-font-size wp-elements-57e887507024ec55669224c091441414\"><em>Bosplezier<\/em><\/h4>\n\n\n\n<div class=\"wp-block-buttons is-layout-flex wp-block-buttons-is-layout-flex\" style=\"margin-top:0;margin-bottom:0\">\n<div class=\"wp-block-button has-custom-font-size has-small-font-size\"><a class=\"wp-block-button__link has-vert-fonce-color-background-color has-background wp-element-button\" href=\"https:\/\/furetcompany.com\/forest-fun-visite-interactive-en-foret\/\" style=\"padding-top:var(--wp--preset--spacing--30);padding-right:var(--wp--preset--spacing--50);padding-bottom:var(--wp--preset--spacing--30);padding-left:var(--wp--preset--spacing--50)\" target=\"_blank\" rel=\"noreferrer noopener\">Meer info<\/a><\/div>\n<\/div>\n<\/div>\n\n\n\n<div class=\"wp-block-group has-background wp-container-content-f613b356 is-vertical is-content-justification-center is-layout-flex wp-container-core-group-is-layout-d289c3e5 wp-block-group-is-layout-flex\" style=\"border-radius:5px;background-color:#f2f2f2;min-height:275px;padding-top:0;padding-right:0;padding-bottom:var(--wp--preset--spacing--30);padding-left:0\">\n<figure class=\"wp-block-image size-large has-custom-border\" style=\"margin-bottom:var(--wp--preset--spacing--30)\"><img decoding=\"async\" src=\"https:\/\/th.bing.com\/th\/id\/OIP.guAHPzF3z7O3RxByPQ9G1QHaEX?rs=1&amp;pid=ImgDetMain\" alt=\"\" style=\"border-top-left-radius:5px;border-top-right-radius:5px;border-bottom-left-radius:0px;border-bottom-right-radius:0px;aspect-ratio:3\/2;object-fit:cover\"\/><\/figure>\n\n\n\n<h4 class=\"wp-block-heading has-text-align-center has-vert-claire-color-color has-text-color has-link-color has-medium-font-size wp-elements-c9cea28a0cc3c1d17f3ad3375272e550\">Video's<\/h4>\n\n\n\n<div class=\"wp-block-buttons is-layout-flex wp-block-buttons-is-layout-flex\" style=\"margin-top:0;margin-bottom:0\">\n<div class=\"wp-block-button has-custom-font-size has-small-font-size\"><a class=\"wp-block-button__link has-vert-fonce-color-background-color has-background wp-element-button\" href=\"https:\/\/www.youtube.com\/srfb-kbbm\" style=\"padding-top:var(--wp--preset--spacing--30);padding-right:var(--wp--preset--spacing--50);padding-bottom:var(--wp--preset--spacing--30);padding-left:var(--wp--preset--spacing--50)\" target=\"_blank\" rel=\"noreferrer noopener\">Meer info<\/a><\/div>\n<\/div>\n<\/div>\n<\/div>","protected":false},"excerpt":{"rendered":"<p>Ressources p\u00e9dagogiques pour petits et grands ! Que vous soyez enseignant, animateur ou simplement des parents d\u00e9sireux de d\u00e9couvrir la for\u00eat avec vos enfants, vous trouverez sur ces pages de multiples ressources adapt\u00e9es pour diff\u00e9rentes tranches d\u2019\u00e2ge. Kits p\u00e9dagogiques Fiches d&rsquo;activit\u00e9s Forest Fun Vid\u00e9os<\/p>","protected":false},"author":18,"featured_media":11348,"parent":6379,"menu_order":0,"comment_status":"closed","ping_status":"closed","template":"","meta":{"iawp_total_views":155,"footnotes":""},"category":[],"class_list":["post-31277","page","type-page","status-publish","has-post-thumbnail","hentry"],"_links":{"self":[{"href":"https:\/\/staging.srfb.be\/nl\/wp-json\/wp\/v2\/pages\/31277","targetHints":{"allow":["GET"]}}],"collection":[{"href":"https:\/\/staging.srfb.be\/nl\/wp-json\/wp\/v2\/pages"}],"about":[{"href":"https:\/\/staging.srfb.be\/nl\/wp-json\/wp\/v2\/types\/page"}],"author":[{"embeddable":true,"href":"https:\/\/staging.srfb.be\/nl\/wp-json\/wp\/v2\/users\/18"}],"replies":[{"embeddable":true,"href":"https:\/\/staging.srfb.be\/nl\/wp-json\/wp\/v2\/comments?post=31277"}],"version-history":[{"count":0,"href":"https:\/\/staging.srfb.be\/nl\/wp-json\/wp\/v2\/pages\/31277\/revisions"}],"up":[{"embeddable":true,"href":"https:\/\/staging.srfb.be\/nl\/wp-json\/wp\/v2\/pages\/6379"}],"wp:featuredmedia":[{"embeddable":true,"href":"https:\/\/staging.srfb.be\/nl\/wp-json\/wp\/v2\/media\/11348"}],"wp:attachment":[{"href":"https:\/\/staging.srfb.be\/nl\/wp-json\/wp\/v2\/media?parent=31277"}],"wp:term":[{"taxonomy":"category","embeddable":true,"href":"https:\/\/staging.srfb.be\/nl\/wp-json\/wp\/v2\/category?post=31277"}],"curies":[{"name":"wp","href":"https:\/\/api.w.org\/{rel}","templated":true}]}}