{"id":17596,"date":"2021-06-01T13:25:11","date_gmt":"2021-06-01T11:25:11","guid":{"rendered":"https:\/\/www.srfb.be\/?page_id=17596"},"modified":"2024-11-20T09:10:19","modified_gmt":"2024-11-20T08:10:19","slug":"foret-mosaique","status":"publish","type":"page","link":"https:\/\/staging.srfb.be\/nl\/informations-sur-les-forets\/foret-mosaique\/","title":{"rendered":"Onze benadering van bossen en bosbouw"},"content":{"rendered":"<div class=\"wp-block-columns is-layout-flex wp-container-core-columns-is-layout-4c1dd492 wp-block-columns-is-layout-flex\" style=\"margin-top:var(--wp--preset--spacing--80);margin-bottom:var(--wp--preset--spacing--80)\">\n<div class=\"wp-block-column is-layout-flow wp-block-column-is-layout-flow\">\n<figure data-wp-context=\"{&quot;imageId&quot;:&quot;69e638cf708ea&quot;}\" data-wp-interactive=\"core\/image\" data-wp-key=\"69e638cf708ea\" class=\"wp-block-image alignfull size-full wp-lightbox-container\"><img loading=\"lazy\" decoding=\"async\" width=\"2480\" height=\"1754\" data-wp-class--hide=\"state.isContentHidden\" data-wp-class--show=\"state.isContentVisible\" data-wp-init=\"callbacks.setButtonStyles\" data-wp-on--click=\"actions.showLightbox\" data-wp-on--load=\"callbacks.setButtonStyles\" data-wp-on-window--resize=\"callbacks.setButtonStyles\" src=\"https:\/\/staging.srfb.be\/wp-content\/uploads\/2024\/03\/NL-SRFB_foret-mosaique.png\" alt=\"\" class=\"wp-image-17597\" srcset=\"https:\/\/staging.srfb.be\/wp-content\/uploads\/2024\/03\/NL-SRFB_foret-mosaique.png 4961w, https:\/\/staging.srfb.be\/wp-content\/uploads\/2024\/03\/NL-SRFB_foret-mosaique-600x424.png 600w, https:\/\/staging.srfb.be\/wp-content\/uploads\/2024\/03\/NL-SRFB_foret-mosaique-300x212.png 300w, https:\/\/staging.srfb.be\/wp-content\/uploads\/2024\/03\/NL-SRFB_foret-mosaique-1024x724.png 1024w, https:\/\/staging.srfb.be\/wp-content\/uploads\/2024\/03\/NL-SRFB_foret-mosaique-18x12.png 18w\" sizes=\"auto, (max-width: 2480px) 100vw, 2480px\" \/><button\n\t\t\tclass=\"lightbox-trigger\"\n\t\t\ttype=\"button\"\n\t\t\taria-haspopup=\"dialog\"\n\t\t\taria-label=\"Vergroten\"\n\t\t\tdata-wp-init=\"callbacks.initTriggerButton\"\n\t\t\tdata-wp-on--click=\"actions.showLightbox\"\n\t\t\tdata-wp-style--right=\"state.imageButtonRight\"\n\t\t\tdata-wp-style--top=\"state.imageButtonTop\"\n\t\t>\n\t\t\t<svg xmlns=\"http:\/\/www.w3.org\/2000\/svg\" width=\"12\" height=\"12\" fill=\"none\" viewbox=\"0 0 12 12\">\n\t\t\t\t<path fill=\"#fff\" d=\"M2 0a2 2 0 0 0-2 2v2h1.5V2a.5.5 0 0 1 .5-.5h2V0H2Zm2 10.5H2a.5.5 0 0 1-.5-.5V8H0v2a2 2 0 0 0 2 2h2v-1.5ZM8 12v-1.5h2a.5.5 0 0 0 .5-.5V8H12v2a2 2 0 0 1-2 2H8Zm2-12a2 2 0 0 1 2 2v2h-1.5V2a.5.5 0 0 0-.5-.5H8V0h2Z\" \/>\n\t\t\t<\/svg>\n\t\t<\/button><\/figure>\n<\/div>\n\n\n\n<div class=\"wp-block-column is-layout-flow wp-block-column-is-layout-flow\">\n<figure data-wp-context=\"{&quot;imageId&quot;:&quot;69e638cf70b0a&quot;}\" data-wp-interactive=\"core\/image\" data-wp-key=\"69e638cf70b0a\" class=\"wp-block-image alignfull size-full wp-lightbox-container\"><img loading=\"lazy\" decoding=\"async\" width=\"1600\" height=\"1066\" data-wp-class--hide=\"state.isContentHidden\" data-wp-class--show=\"state.isContentVisible\" data-wp-init=\"callbacks.setButtonStyles\" data-wp-on--click=\"actions.showLightbox\" data-wp-on--load=\"callbacks.setButtonStyles\" data-wp-on-window--resize=\"callbacks.setButtonStyles\" src=\"https:\/\/staging.srfb.be\/wp-content\/uploads\/2022\/03\/IMG-20220322-WA0008.jpg\" alt=\"Philippe De Wouters explique la for\u00eat mosa\u00efque\" class=\"wp-image-22773\" srcset=\"https:\/\/staging.srfb.be\/wp-content\/uploads\/2022\/03\/IMG-20220322-WA0008.jpg 1600w, https:\/\/staging.srfb.be\/wp-content\/uploads\/2022\/03\/IMG-20220322-WA0008-600x400.jpg 600w, https:\/\/staging.srfb.be\/wp-content\/uploads\/2022\/03\/IMG-20220322-WA0008-300x200.jpg 300w, https:\/\/staging.srfb.be\/wp-content\/uploads\/2022\/03\/IMG-20220322-WA0008-1024x682.jpg 1024w, https:\/\/staging.srfb.be\/wp-content\/uploads\/2022\/03\/IMG-20220322-WA0008-18x12.jpg 18w\" sizes=\"auto, (max-width: 1600px) 100vw, 1600px\" \/><button\n\t\t\tclass=\"lightbox-trigger\"\n\t\t\ttype=\"button\"\n\t\t\taria-haspopup=\"dialog\"\n\t\t\taria-label=\"Vergroten\"\n\t\t\tdata-wp-init=\"callbacks.initTriggerButton\"\n\t\t\tdata-wp-on--click=\"actions.showLightbox\"\n\t\t\tdata-wp-style--right=\"state.imageButtonRight\"\n\t\t\tdata-wp-style--top=\"state.imageButtonTop\"\n\t\t>\n\t\t\t<svg xmlns=\"http:\/\/www.w3.org\/2000\/svg\" width=\"12\" height=\"12\" fill=\"none\" viewbox=\"0 0 12 12\">\n\t\t\t\t<path fill=\"#fff\" d=\"M2 0a2 2 0 0 0-2 2v2h1.5V2a.5.5 0 0 1 .5-.5h2V0H2Zm2 10.5H2a.5.5 0 0 1-.5-.5V8H0v2a2 2 0 0 0 2 2h2v-1.5ZM8 12v-1.5h2a.5.5 0 0 0 .5-.5V8H12v2a2 2 0 0 1-2 2H8Zm2-12a2 2 0 0 1 2 2v2h-1.5V2a.5.5 0 0 0-.5-.5H8V0h2Z\" \/>\n\t\t\t<\/svg>\n\t\t<\/button><\/figure>\n<\/div>\n<\/div>\n\n\n\n<div class=\"wp-block-columns is-layout-flex wp-container-core-columns-is-layout-45c10ec9 wp-block-columns-is-layout-flex\" style=\"margin-top:var(--wp--preset--spacing--60);margin-bottom:var(--wp--preset--spacing--60)\">\n<div class=\"wp-block-column is-layout-flow wp-block-column-is-layout-flow\" style=\"flex-basis:66.66%\">\n<h3 class=\"wp-block-heading\">DE MOZA\u00cfEKBOS<\/h3>\n\n\n\n<p class=\"translation-block\">Met de evolutie van de visie op het bos, zowel door het publiek als door de boswachters zelf, is de productiefunctie ervan niet langer noodzakelijkerwijs dominant in alle geesten. Ook de sociale en milieufuncties hebben <strong>een essenti\u00eble status<\/strong> verworven. We zouden het hier ook kunnen hebben over <strong>ecosysteemdiensten<\/strong> (koolstofopslag, waterfiltratie, houtproductie, enz.).<\/p>\n\n\n\n<p class=\"translation-block\">De tegenslagen die onze bosmassieven hebben ondervonden, hebben op hun beurt de noodzaak om <strong>hun veerkracht te vergroten<\/strong> naar voren gebracht.<\/p>\n\n\n\n<p>Deze concepten zijn onderling afhankelijk en maken deel uit van een wereldwijde perceptie van bosbeheer die integreert en verder gaat dan de toereikendheid van het essenti\u00eble station.<\/p>\n\n\n\n<p class=\"translation-block\"><strong>Het moza\u00efekbos is een bos gediversifieerd<\/strong> in al zijn componenten, in termen van soorten, bosbouwpraktijken, genetica en microhabitats. Dit model van bosontwikkeling werd gepopulariseerd door het <a href=\"https:\/\/www.onf.fr\/\" target=\"_blank\" rel=\"noopener noreferrer\">National Forestry Office<\/a> (NFO, Frankrijk) in de context <strong>van bosadaptatie aan klimaatverandering<\/strong>. De Koninklijke Belgische Bosbouwmaatschappij sluit zich volledig aan bij deze opvatting van het bos en is van plan deze te promoten bij haar leden.<\/p>\n\n\n\n<p class=\"translation-block\">Het moza\u00efekbosmodel sluit geen enkele vorm van bosbouw uit en draagt er geen naar de hemel. De deugd ligt juist in het <strong>naast elkaar bestaan van verschillende bosbouwen en verschillende soorten habitat<\/strong>. Naast het onmiskenbare landschapsbelang van dit bosmodel, maximaliseert het naast elkaar bestaan van verschillende soorten, bosbouw en microhabitats de biodiversiteit en de voordelen ervan (bijvoorbeeld de aanwezigheid van natuurlijke roofdieren van plagen) terwijl het risico op een gegeneraliseerde crisis wordt beperkt (als \u00e9\u00e9n type stand problemen ondervindt, worden de andere aanwezige soorten stand gespaard). Volgens het goede oude principe \u00ab je legt niet al je eieren in \u00e9\u00e9n mandje \u00bb, breidt het moza\u00efekbos de huidige diversificatierichtlijn uit naar een hogere schaal.<\/p>\n\n\n\n<p>We zullen in meer detail terugkomen op het concept van moza\u00efekbos en de verschillende aspecten ervan in 2021-2022, vooral in onze review&nbsp;<a href=\"https:\/\/staging.srfb.be\/nl\/silva-belgica\/\">Silva Belgica<\/a>.<\/p>\n\n\n\n<p class=\"translation-block\">Tijdens de <a href=\"https:\/\/staging.srfb.be\/nl\/2022\/02\/28\/journee-internationale-forets-2022\/\" target=\"_self\">Internationale Dag van de Bossen<\/a> op 21 maart 2022 hadden we de vreugde om het concept van <strong>moza\u00efekbos<\/strong> te presenteren. ((<a href=\"https:\/\/staging.srfb.be\/nl\/2022\/03\/22\/la-foret-mosaique-fait-reagir\/\" target=\"_self\">Lees het samenvattende artikel<\/a> van het evenement)<\/p>\n<\/div>\n\n\n\n<div class=\"wp-block-column is-layout-flow wp-block-column-is-layout-flow\">\n<figure class=\"wp-block-image alignfull size-full\"><a href=\"https:\/\/foretmosaique.be\/?lang=nl\" target=\"_blank\" rel=\"noreferrer noopener\"><img loading=\"lazy\" decoding=\"async\" width=\"1000\" height=\"629\" src=\"https:\/\/staging.srfb.be\/wp-content\/uploads\/2022\/03\/carteinteractive.png\" alt=\"carte interactive - foret mosaique\" class=\"wp-image-22879\" srcset=\"https:\/\/staging.srfb.be\/wp-content\/uploads\/2022\/03\/carteinteractive.png 1000w, https:\/\/staging.srfb.be\/wp-content\/uploads\/2022\/03\/carteinteractive-600x377.png 600w, https:\/\/staging.srfb.be\/wp-content\/uploads\/2022\/03\/carteinteractive-300x189.png 300w, https:\/\/staging.srfb.be\/wp-content\/uploads\/2022\/03\/carteinteractive-18x12.png 18w\" sizes=\"auto, (max-width: 1000px) 100vw, 1000px\" \/><\/a><\/figure>\n\n\n\n<h2 class=\"wp-block-heading has-white-color has-vert-claire-color-background-color has-text-color has-background has-link-color wp-elements-576ef7062032f081a0f07e85eef2d2ff\" style=\"padding-top:var(--wp--preset--spacing--60);padding-right:var(--wp--preset--spacing--60);padding-bottom:var(--wp--preset--spacing--60);padding-left:var(--wp--preset--spacing--60);font-size:clamp(18.959px, 1.185rem + ((1vw - 3.2px) * 1.15), 30px);text-transform:uppercase\">Het moza\u00efekbos is een gediversifieerd bos<\/h2>\n\n\n\n<div class=\"wp-block-buttons is-content-justification-center is-layout-flex wp-container-core-buttons-is-layout-11db0663 wp-block-buttons-is-layout-flex\">\n<div class=\"wp-block-button\"><a class=\"wp-block-button__link wp-element-button\" href=\"https:\/\/foretmosaique.be\/?lang=nl\" target=\"_blank\" rel=\"noreferrer noopener\"><i class='fas-solid fas-arrow-pointer' style='color: var(--wpem-primary-color); font-size: inherit;'><\/i> voormosaique.be<\/a><\/div>\n\n\n\n<div class=\"wp-block-button\"><a class=\"wp-block-button__link has-vert-fonce-color-color has-grey-color-background-color has-text-color has-background has-link-color wp-element-button\" href=\"https:\/\/staging.srfb.be\/wp-content\/uploads\/2021\/11\/SRFB_foret-mosaique-A3.pdf\" target=\"_blank\" rel=\"noreferrer noopener\"><i class='fas-solid fas-download' style='color: var(--wpem-primary-color); font-size: inherit;'><\/i> Download moza\u00efek<\/a><\/div>\n<\/div>\n<\/div>\n<\/div>\n\n\n\n<div class=\"wp-block-group is-layout-constrained wp-container-core-group-is-layout-05afb7f8 wp-block-group-is-layout-constrained\" style=\"margin-top:var(--wp--preset--spacing--70);margin-bottom:var(--wp--preset--spacing--70)\">\n<h3 class=\"wp-block-heading has-text-align-center\">Artikelen<\/h3>\n\n\n\n<section data-wp-context=\"{}\" data-wp-interactive=\"core\/query\" data-wp-key=\"0\" data-wp-router-region=\"query-0\" class=\"wp-block-query is-layout-flow wp-block-query-is-layout-flow\"><ul class=\"wp-block-post-template is-layout-flow wp-container-core-post-template-is-layout-7f1ce2c0 wp-block-post-template-is-layout-flow\"><li data-wp-key=\"post-template-item-39311\" class=\"wp-block-post post-39311 post type-post status-publish format-standard has-post-thumbnail hentry tag-changements-climatiques tag-foret tag-futur tag-resiliente tag-sante-des-forets\">\n\n<div class=\"wp-block-group has-grey-color-background-color has-background is-layout-constrained wp-container-core-group-is-layout-b3cb40ef wp-block-group-is-layout-constrained\" style=\"padding-top:var(--wp--preset--spacing--40);padding-right:var(--wp--preset--spacing--40);padding-bottom:var(--wp--preset--spacing--40);padding-left:var(--wp--preset--spacing--40)\"><h4 style=\"margin-top:0;margin-bottom:0;\" class=\"wp-block-post-title\"><a href=\"https:\/\/staging.srfb.be\/nl\/2025\/12\/02\/introduire-de-nouvelles-essences-et-provenances-en-reponse-aux-changements-climatiques-audace-ou-inconscience\/\" target=\"_self\" >Introductie van nieuwe soorten en oorsprong als reactie op klimaatverandering: durf of bewusteloosheid?<\/a><\/h4>\n\n<div style=\"font-style:italic;font-weight:400;\" class=\"wp-block-post-date has-small-font-size\"><time datetime=\"2025-12-02T14:48:14+01:00\">2025 2 december<\/time><\/div><\/div>\n\n<\/li><li data-wp-key=\"post-template-item-34597\" class=\"wp-block-post post-34597 post type-post status-publish format-standard has-post-thumbnail hentry tag-gestion tag-plantation tag-resiliente tag-wallonie\">\n\n<div class=\"wp-block-group has-grey-color-background-color has-background is-layout-constrained wp-container-core-group-is-layout-b3cb40ef wp-block-group-is-layout-constrained\" style=\"padding-top:var(--wp--preset--spacing--40);padding-right:var(--wp--preset--spacing--40);padding-bottom:var(--wp--preset--spacing--40);padding-left:var(--wp--preset--spacing--40)\"><h4 style=\"margin-top:0;margin-bottom:0;\" class=\"wp-block-post-title\"><a href=\"https:\/\/staging.srfb.be\/nl\/2023\/12\/19\/foret-resiliente-2023-un-franc-succes\/\" target=\"_self\" >Veerkrachtig bos 2023: een doorslaand succes<\/a><\/h4>\n\n<div style=\"font-style:italic;font-weight:400;\" class=\"wp-block-post-date has-small-font-size\"><time datetime=\"2023-12-19T14:29:27+01:00\">2023 december 19<\/time><\/div><\/div>\n\n<\/li><li data-wp-key=\"post-template-item-27466\" class=\"wp-block-post post-27466 post type-post status-publish format-standard has-post-thumbnail hentry tag-bois tag-changements-climatiques tag-demain tag-foret tag-foret-mosaique tag-futur tag-gestion tag-sante-des-forets tag-volontaires\">\n\n<div class=\"wp-block-group has-grey-color-background-color has-background is-layout-constrained wp-container-core-group-is-layout-b3cb40ef wp-block-group-is-layout-constrained\" style=\"padding-top:var(--wp--preset--spacing--40);padding-right:var(--wp--preset--spacing--40);padding-bottom:var(--wp--preset--spacing--40);padding-left:var(--wp--preset--spacing--40)\"><h4 style=\"margin-top:0;margin-bottom:0;\" class=\"wp-block-post-title\"><a href=\"https:\/\/staging.srfb.be\/nl\/2022\/11\/07\/impact-dereglements-climatiques-forets-production\/\" target=\"_self\" >Invloed van klimaatverandering op productiebossen<\/a><\/h4>\n\n<div style=\"font-style:italic;font-weight:400;\" class=\"wp-block-post-date has-small-font-size\"><time datetime=\"2022-11-07T08:00:44+01:00\">2022 november 7<\/time><\/div><\/div>\n\n<\/li><li data-wp-key=\"post-template-item-26949\" class=\"wp-block-post post-26949 post type-post status-publish format-standard has-post-thumbnail hentry tag-bois tag-certification tag-changements-climatiques tag-demain tag-forest-friends tag-foret tag-foret-mosaique tag-formation tag-futur tag-gestion tag-guide tag-pefc tag-sante-des-forets tag-volontaires\">\n\n<div class=\"wp-block-group has-grey-color-background-color has-background is-layout-constrained wp-container-core-group-is-layout-b3cb40ef wp-block-group-is-layout-constrained\" style=\"padding-top:var(--wp--preset--spacing--40);padding-right:var(--wp--preset--spacing--40);padding-bottom:var(--wp--preset--spacing--40);padding-left:var(--wp--preset--spacing--40)\"><h4 style=\"margin-top:0;margin-bottom:0;\" class=\"wp-block-post-title\"><a href=\"https:\/\/staging.srfb.be\/nl\/2022\/10\/03\/journee-prise-en-main-de-la-gestion-forestiere\/\" target=\"_self\" >Kennismaking met bosbeheer<\/a><\/h4>\n\n<div style=\"font-style:italic;font-weight:400;\" class=\"wp-block-post-date has-small-font-size\"><time datetime=\"2022-10-03T08:00:54+02:00\">2022 3 oktober<\/time><\/div><\/div>\n\n<\/li><li data-wp-key=\"post-template-item-26870\" class=\"wp-block-post post-26870 post type-post status-publish format-standard has-post-thumbnail hentry tag-changements-climatiques tag-foret tag-foret-mosaique tag-gestion tag-plantation tag-reboisement tag-sante-des-forets\">\n\n<div class=\"wp-block-group has-grey-color-background-color has-background is-layout-constrained wp-container-core-group-is-layout-b3cb40ef wp-block-group-is-layout-constrained\" style=\"padding-top:var(--wp--preset--spacing--40);padding-right:var(--wp--preset--spacing--40);padding-bottom:var(--wp--preset--spacing--40);padding-left:var(--wp--preset--spacing--40)\"><h4 style=\"margin-top:0;margin-bottom:0;\" class=\"wp-block-post-title\"><a href=\"https:\/\/staging.srfb.be\/nl\/2022\/09\/26\/lavenir-du-peuplier-face-aux-changements-climatique\/\" target=\"_self\" >De toekomst van populier in het licht van klimaatverandering<\/a><\/h4>\n\n<div style=\"font-style:italic;font-weight:400;\" class=\"wp-block-post-date has-small-font-size\"><time datetime=\"2022-09-26T08:00:24+02:00\">2022 september 26<\/time><\/div><\/div>\n\n<\/li><\/ul>\n\n<nav class=\"wp-block-query-pagination is-content-justification-center is-layout-flex wp-container-core-query-pagination-is-layout-a89b3969 wp-block-query-pagination-is-layout-flex\" aria-label=\"Paginering\">\n\n\n<div class=\"wp-block-query-pagination-numbers\"><span data-wp-key=\"index-0\" aria-label=\"Pagina 1\" aria-current=\"page\" class=\"page-numbers current\" data-no-translation-aria-label=\"\">1<\/span>\n<a data-wp-key=\"index-1\" data-wp-on--click=\"core\/query::actions.navigate\" aria-label=\"Pagina 2\" class=\"page-numbers\" href=\"?query-0-page=2\" data-no-translation-aria-label=\"\">2<\/a><\/div>\n\n<a data-wp-key=\"query-pagination-next\" data-wp-on--click=\"core\/query::actions.navigate\" data-wp-on--mouseenter=\"core\/query::actions.prefetch\" data-wp-watch=\"core\/query::callbacks.prefetch\" href=\"\/nl\/wp-json\/wp\/v2\/pages\/17596?query-0-page=2\" class=\"wp-block-query-pagination-next\" aria-label=\"Volgende pagina\"><span class='wp-block-query-pagination-next-arrow is-arrow-arrow' aria-hidden='true'>\u2192<\/span><\/a>\n<\/nav>\n\n<\/section>\n<\/div>","protected":false},"excerpt":{"rendered":"<p>LA FOR\u00caT MOSA\u00cfQUE Avec l\u2019\u00e9volution de la vision de la for\u00eat, tant par le public que par les forestiers eux-m\u00eames, sa fonction de production n\u2019est plus n\u00e9cessairement dominante dans tous les esprits. Ses fonctions sociale et environnementale ont \u00e9galement acquis un&nbsp;statut essentiel. Nous pourrions aussi parler ici de&nbsp;services \u00e9cosyst\u00e9miques&nbsp;(stockage du carbone, filtration de l\u2019eau, production [&hellip;]<\/p>\n","protected":false},"author":18,"featured_media":22604,"parent":4294,"menu_order":0,"comment_status":"closed","ping_status":"closed","template":"","meta":{"iawp_total_views":235,"footnotes":""},"category":[],"class_list":["post-17596","page","type-page","status-publish","has-post-thumbnail","hentry"],"_links":{"self":[{"href":"https:\/\/staging.srfb.be\/nl\/wp-json\/wp\/v2\/pages\/17596","targetHints":{"allow":["GET"]}}],"collection":[{"href":"https:\/\/staging.srfb.be\/nl\/wp-json\/wp\/v2\/pages"}],"about":[{"href":"https:\/\/staging.srfb.be\/nl\/wp-json\/wp\/v2\/types\/page"}],"author":[{"embeddable":true,"href":"https:\/\/staging.srfb.be\/nl\/wp-json\/wp\/v2\/users\/18"}],"replies":[{"embeddable":true,"href":"https:\/\/staging.srfb.be\/nl\/wp-json\/wp\/v2\/comments?post=17596"}],"version-history":[{"count":0,"href":"https:\/\/staging.srfb.be\/nl\/wp-json\/wp\/v2\/pages\/17596\/revisions"}],"up":[{"embeddable":true,"href":"https:\/\/staging.srfb.be\/nl\/wp-json\/wp\/v2\/pages\/4294"}],"wp:featuredmedia":[{"embeddable":true,"href":"https:\/\/staging.srfb.be\/nl\/wp-json\/wp\/v2\/media\/22604"}],"wp:attachment":[{"href":"https:\/\/staging.srfb.be\/nl\/wp-json\/wp\/v2\/media?parent=17596"}],"wp:term":[{"taxonomy":"category","embeddable":true,"href":"https:\/\/staging.srfb.be\/nl\/wp-json\/wp\/v2\/category?post=17596"}],"curies":[{"name":"wp","href":"https:\/\/api.w.org\/{rel}","templated":true}]}}