{"id":1631,"date":"2013-12-24T04:50:36","date_gmt":"2013-12-24T04:50:36","guid":{"rendered":"http:\/\/themes.goodlayers2.com\/flawless\/?page_id=1631"},"modified":"2025-11-12T13:33:18","modified_gmt":"2025-11-12T12:33:18","slug":"contact","status":"publish","type":"page","link":"https:\/\/staging.srfb.be\/nl\/a-propos\/contact\/","title":{"rendered":"Contact"},"content":{"rendered":"\n\n\n<div class=\"wp-block-columns is-layout-flex wp-container-core-columns-is-layout-692c09d4 wp-block-columns-is-layout-flex\" style=\"padding-top:var(--wp--preset--spacing--70);padding-bottom:var(--wp--preset--spacing--70)\">\n<div class=\"wp-block-column is-layout-flow wp-block-column-is-layout-flow\" style=\"border-right-color:#f2f2f2;border-right-style:solid;border-right-width:2px;padding-right:var(--wp--preset--spacing--40);flex-basis:33.33%\">\n<h5 class=\"wp-block-heading\">Adresses<\/h5>\n\n\n\n<ul class=\"wp-block-list\">\n<li>Bd Bischoffsheim 1-8, bo\u00eete 3, <br>1er \u00e9tage 1000 Bruxelles<\/li>\n\n\n\n<li>Chauss\u00e9e de Namur 47, <br>5030 Gembloux<\/li>\n<\/ul>\n\n\n\n<h5 class=\"wp-block-heading\">T\u00e9l\u00e9phone<\/h5>\n\n\n\n<p><span class=\"wp-rich-text-font-awesome-icon wp-font-awesome-icon\"><svg aria-hidden=\"true\" focusable=\"false\" data-prefix=\"fas\" data-icon=\"phone\" class=\"svg-inline--fa fa-phone \" role=\"img\" xmlns=\"http:\/\/www.w3.org\/2000\/svg\" viewBox=\"0 0 512 512\"><path fill=\"currentColor\" d=\"M164.9 24.6c-7.7-18.6-28-28.5-47.4-23.2l-88 24C12.1 30.2 0 46 0 64C0 311.4 200.6 512 448 512c18 0 33.8-12.1 38.6-29.5l24-88c5.3-19.4-4.6-39.7-23.2-47.4l-96-40c-16.3-6.8-35.2-2.1-46.3 11.6L304.7 368C234.3 334.7 177.3 277.7 144 207.3L193.3 167c13.7-11.2 18.4-30 11.6-46.3l-40-96z\"><\/path><\/svg><\/span> <a href=\"tel:022230766\">02 223 07 66<\/a><\/p>\n\n\n\n<div class=\"wp-block-group has-grey-color-background-color has-background has-small-font-size is-layout-constrained wp-container-core-group-is-layout-db2b088a wp-block-group-is-layout-constrained\" style=\"margin-top:var(--wp--preset--spacing--30);margin-bottom:0;padding-top:var(--wp--preset--spacing--40);padding-right:var(--wp--preset--spacing--40);padding-bottom:var(--wp--preset--spacing--40);padding-left:var(--wp--preset--spacing--40);font-style:italic;font-weight:700\">\n<p style=\"margin-top:0;margin-bottom:0\">Lundi au vendredi 09-16h<\/p>\n\n\n\n<p style=\"margin-top:0;margin-bottom:0\">Le mardi, <em>le bureau travaille \u00e0 bureaux ferm\u00e9s<\/em> et n\u2019est pas joignable par t\u00e9l\u00e9phone.<\/p>\n<\/div>\n\n\n\n<h5 class=\"wp-block-heading\">Email<\/h5>\n\n\n\n<p><span class=\"wp-rich-text-font-awesome-icon wp-font-awesome-icon\"><svg aria-hidden=\"true\" focusable=\"false\" data-prefix=\"fas\" data-icon=\"envelope\" class=\"svg-inline--fa fa-envelope \" role=\"img\" xmlns=\"http:\/\/www.w3.org\/2000\/svg\" viewBox=\"0 0 512 512\"><path fill=\"currentColor\" d=\"M48 64C21.5 64 0 85.5 0 112c0 15.1 7.1 29.3 19.2 38.4L236.8 313.6c11.4 8.5 27 8.5 38.4 0L492.8 150.4c12.1-9.1 19.2-23.3 19.2-38.4c0-26.5-21.5-48-48-48H48zM0 176V384c0 35.3 28.7 64 64 64H448c35.3 0 64-28.7 64-64V176L294.4 339.2c-22.8 17.1-54 17.1-76.8 0L0 176z\"><\/path><\/svg><\/span> <a href=\"mailto:info@srfb-kbbm.be\">info@srfb-kbbm.be<\/a><\/p>\n<\/div>\n\n\n\n<div class=\"wp-block-column is-layout-flow wp-block-column-is-layout-flow\" style=\"flex-basis:66.66%\"><div class='fluentform ff-default fluentform_wrapper_9  ff_guten_block ff_guten_block-9 ffs_custom_wrap'><form data-form_id=\"9\" id=\"fluentform_9\" class=\"frm-fluent-form fluent_form_9 ff-el-form-top ff_form_instance_9_1 ff-form-loading ff_has_v3_recptcha ffs_custom\" data-form_instance=\"ff_form_instance_9_1\" method=\"POST\" data-recptcha_key=\"6Le57_caAAAAAONi-tUbBRgh8pY4WFvTwsva_Nwx\" ><fieldset  style=\"border: none!important;margin: 0!important;padding: 0!important;background-color: transparent!important;box-shadow: none!important;outline: none!important; min-inline-size: 100%;\">\n                    <legend class=\"ff_screen_reader_title\" style=\"display: block; margin: 0!important;padding: 0!important;height: 0!important;text-indent: -999999px;width: 0!important;overflow:hidden;\">Contact g\u00e9n\u00e9rale<\/legend><p style=\"display: none !important;\" class=\"akismet-fields-container\" data-prefix=\"ak_\"><label>&#916;<textarea name=\"ak_hp_textarea\" cols=\"45\" rows=\"8\" maxlength=\"100\"><\/textarea><\/label><input type=\"hidden\" id=\"ak_js_1\" name=\"ak_js\" value=\"141\"\/><script>document.getElementById( \"ak_js_1\" ).setAttribute( \"value\", ( new Date() ).getTime() );<\/script><\/p><input type='hidden' name='__fluent_form_embded_post_id' value='1631' \/><input type=\"hidden\" id=\"_fluentform_9_fluentformnonce\" name=\"_fluentform_9_fluentformnonce\" value=\"065840cbff\" \/><input type=\"hidden\" name=\"_wp_http_referer\" value=\"\/nl\/wp-json\/wp\/v2\/pages\/1631\" \/><div data-type=\"name-element\" data-name=\"names\" class=\" ff-field_container ff-name-field-wrapper\" ><div class='ff-t-container'><div class='ff-t-cell '><div class='ff-el-group  ff-el-form-top'><div class=\"ff-el-input--label ff-el-is-required asterisk-right\"><label for='ff_9_names_first_name_' id='label_ff_9_names_first_name_' >Pr\u00e9nom<\/label><\/div><div class='ff-el-input--content'><input type=\"text\" name=\"names[first_name]\" value=\"\" id=\"ff_9_names_first_name_\" class=\"ff-el-form-control\" placeholder=\"Pr\u00e9nom\" aria-invalid=\"false\" aria-required=true><\/div><\/div><\/div><div class='ff-t-cell '><div class='ff-el-group  ff-el-form-top'><div class=\"ff-el-input--label ff-el-is-required asterisk-right\"><label for='ff_9_names_last_name_' id='label_ff_9_names_last_name_' >Nom de famille<\/label><\/div><div class='ff-el-input--content'><input type=\"text\" name=\"names[last_name]\" value=\"\" id=\"ff_9_names_last_name_\" class=\"ff-el-form-control\" placeholder=\"Nom de famille\" aria-invalid=\"false\" aria-required=true><\/div><\/div><\/div><\/div><\/div><div data-name=\"ff_cn_id_1\"  class='ff-t-container ff-column-container ff_columns_total_2 '><div class='ff-t-cell ff-t-column-1' style='flex-basis: 50%;'><div class='ff-el-group'><div class=\"ff-el-input--label ff-el-is-required asterisk-right\"><label for='ff_9_email' id='label_ff_9_email' aria-label=\"E-mail\">E-mail<\/label><\/div><div class='ff-el-input--content'><input type=\"email\" name=\"email\" value=\"\" id=\"ff_9_email\" class=\"ff-el-form-control\" placeholder=\"info@srfb-kbbm.be\" data-name=\"email\"  aria-invalid=\"false\" aria-required=true><\/div><\/div><\/div><div class='ff-t-cell ff-t-column-2' style='flex-basis: 50%;'><\/div><\/div><div class='ff-el-group'><div class=\"ff-el-input--label ff-el-is-required asterisk-right\"><label for='ff_9_demande' id='label_ff_9_demande' aria-label=\"Votre demande concerne\">Votre demande concerne<\/label><\/div><div class='ff-el-input--content'><select name=\"demande\" id=\"ff_9_demande\" class=\"ff-el-form-control\" data-name=\"demande\" data-calc_value=\"0\"  aria-invalid=\"false\" aria-required=\"true\" aria-labelledby=\"label_ff_9_demande\"><option value=\"\">&#8211; Quel est votre demande ? &#8211;<\/option><option value=\"secretariat@srfb-kbbm.be\"  >Information g\u00e9n\u00e9rale<\/option><option value=\"isaline.dewilde@srfb-kbbm.be\"  >Sponsoring<\/option><option value=\"pefc@srfb-kbbm.be\"  >Certification PEFC<\/option><option value=\"julie.goffette@srfb-kbbm.be\"  >Coachs \/ Volontariats<\/option><option value=\"diane.doucet@srfb-kbbm.be\"  >Sant\u00e9 des for\u00eats<\/option><option value=\"nicolas.dassonville@srfb-kbbm.be\"  >Formations<\/option><option value=\"isaline.dewilde@srfb-kbbm.be\"  >Reboisement<\/option><option value=\"julie.losseau@srfb-kbbm.be\"  >Trees for Future<\/option><option value=\"david.dancart@srfb-kbbm.be\"  >Librairie \/ Silva Belgica<\/option><option value=\"julie.goffette@srfb-kbbm.be\"  >Forest Friends<\/option><option value=\"david.dancart@srfb-kbbm.be\"  >Assurance<\/option><option value=\"cedric.staes@srfb-kbbm.be\"  >Site internet \/ Newsletter<\/option><\/select><\/div><\/div><div class='ff-el-group'><div class=\"ff-el-input--label ff-el-is-required asterisk-right\"><label for='ff_9_subject' id='label_ff_9_subject' aria-label=\"Sujet\">Sujet<\/label><\/div><div class='ff-el-input--content'><input type=\"text\" name=\"subject\" value=\"\" class=\"ff-el-form-control\" placeholder=\"Sujet de votre message\" data-name=\"subject\" id=\"ff_9_subject\"  aria-invalid=\"false\" aria-required=true><\/div><\/div><div class='ff-el-group'><div class=\"ff-el-input--label ff-el-is-required asterisk-right\"><label for='ff_9_message' id='label_ff_9_message' aria-label=\"Message\">Message<\/label><\/div><div class='ff-el-input--content'><textarea aria-required=\"true\" aria-labelledby=\"label_ff_9_message\" name=\"message\" id=\"ff_9_message\" class=\"ff-el-form-control\" placeholder=\"Expliquez-nous votre demande...\" rows=\"5\" cols=\"2\" data-name=\"message\" ><\/textarea><\/div><\/div><div class='ff-el-group ff-text-right bold ff_submit_btn_wrapper ff_submit_btn_wrapper_custom'><button class=\"ff-btn ff-btn-submit ff-btn-md ff_btn_style\" type=\"submit\" name=\"custom_submit_button-9_1\" data-name=\"custom_submit_button-9_1\"  aria-label=\"Envoyer\">Envoyer<\/button><style>form.fluent_form_9 .ff-btn-submit { background-color: #1a7efb; color: #ffffff; }<\/style><\/div><\/fieldset><\/form><div id='fluentform_9_errors' class='ff-errors-in-stack ff_form_instance_9_1 ff-form-loading_errors ff_form_instance_9_1_errors'><\/div><\/div>            <script type=\"text\/javascript\">\n                window.fluent_form_ff_form_instance_9_1 = {\"id\":\"9\",\"ajaxUrl\":\"https:\\\/\\\/staging.srfb.be\\\/wp-admin\\\/admin-ajax.php\",\"settings\":{\"layout\":{\"labelPlacement\":\"top\",\"helpMessagePlacement\":\"with_label\",\"errorMessagePlacement\":\"inline\",\"asteriskPlacement\":\"asterisk-right\"},\"restrictions\":{\"denyEmptySubmission\":{\"enabled\":false}}},\"form_instance\":\"ff_form_instance_9_1\",\"form_id_selector\":\"fluentform_9\",\"rules\":{\"names[first_name]\":{\"required\":{\"value\":true,\"message\":\"Ce champ est obligatoire\",\"global\":false,\"global_message\":\"Ce champ est obligatoire\"}},\"names[middle_name]\":{\"required\":{\"value\":false,\"message\":\"Ce champ est obligatoire\",\"global\":false,\"global_message\":\"Ce champ est obligatoire\"}},\"names[last_name]\":{\"required\":{\"value\":true,\"message\":\"Ce champ est obligatoire\",\"global\":false,\"global_message\":\"Ce champ est obligatoire\"}},\"email\":{\"required\":{\"value\":true,\"message\":\"Ce champ est obligatoire\",\"global\":true,\"global_message\":\"Ce champ est obligatoire\"},\"email\":{\"value\":true,\"message\":\"Ce champ doit contenir un courriel valide\",\"global\":true,\"global_message\":\"Ce champ doit contenir un courriel valide\"}},\"phone\":{\"required\":{\"value\":true,\"message\":\"Ce champ est requis\",\"global\":false,\"global_message\":\"Ce champ est obligatoire\"},\"valid_phone_number\":{\"value\":true,\"message\":\"Le num\\u00e9ro de t\\u00e9l\\u00e9phone n'est pas valide\",\"global\":false,\"global_message\":\"Le num\\u00e9ro de t\\u00e9l\\u00e9phone n\\u2019est pas valide\"}},\"demande\":{\"required\":{\"value\":true,\"message\":\"Ce champ est obligatoire\",\"global\":true,\"global_message\":\"Ce champ est obligatoire\"}},\"subject\":{\"required\":{\"value\":true,\"message\":\"Ce champ est obligatoire\",\"global\":false,\"global_message\":\"Ce champ est obligatoire\"}},\"message\":{\"required\":{\"value\":true,\"message\":\"Ce champ est obligatoire\",\"global\":false,\"global_message\":\"Ce champ est obligatoire\"}},\"g-recaptcha-response\":[]},\"debounce_time\":300};\n                            <\/script>\n            <\/div>\n<\/div>\n\n\n\n<div class=\"wp-block-columns alignfull is-layout-flex wp-container-core-columns-is-layout-cf3da255 wp-block-columns-is-layout-flex\" style=\"margin-top:0;margin-bottom:0\">\n<div class=\"wp-block-column is-layout-flow wp-block-column-is-layout-flow\">\n<iframe src=\"https:\/\/www.google.com\/maps\/embed?pb=!1m14!1m8!1m3!1d5038.047334358869!2d4.368536!3d50.849246!3m2!1i1024!2i768!4f13.1!3m3!1m2!1s0x47c1825c37e3a7ed%3A0x549b1369fade3aa8!2sSoci%C3%A9t%C3%A9%20Royale%20Foresti%C3%A8re%20De%20Belgique%20(SRFB%20-%20KBBM)%20-%20Bruxelles!5e0!3m2!1sfr!2sbe!4v1706719244787!5m2!1sfr!2sbe\" height=\"450\" style=\"border:0; width:100%;\" allowfullscreen=\"\" loading=\"lazy\" referrerpolicy=\"no-referrer-when-downgrade\"><\/iframe>\n<\/div>\n\n\n\n<div class=\"wp-block-column is-layout-flow wp-block-column-is-layout-flow\">\n<iframe src=\"https:\/\/www.google.com\/maps\/embed?pb=!1m14!1m8!1m3!1d20276.622419707863!2d4.704328!3d50.560621!3m2!1i1024!2i768!4f13.1!3m3!1m2!1s0x47c1825c376a1a01%3A0xa981fe8913ff758!2sSoci%C3%A9t%C3%A9%20Royale%20Foresti%C3%A8re%20De%20Belgique%20(SRFB%20-%20KBBM)%20-%20Gembloux!5e0!3m2!1sfr!2sbe!4v1706719277626!5m2!1sfr!2sbe\" height=\"450\" style=\"border:0; width:100%;\" allowfullscreen=\"\" loading=\"lazy\" referrerpolicy=\"no-referrer-when-downgrade\"><\/iframe>\n<\/div>\n<\/div>\n","protected":false},"excerpt":{"rendered":"<p>Adresses T\u00e9l\u00e9phone 02 223 07 66 Lundi au vendredi 09-16h Le mardi, le bureau travaille \u00e0 bureaux ferm\u00e9s et n\u2019est pas joignable par t\u00e9l\u00e9phone. Email info@srfb-kbbm.be<\/p>","protected":false},"author":18,"featured_media":8735,"parent":5856,"menu_order":0,"comment_status":"closed","ping_status":"closed","template":"","meta":{"iawp_total_views":579,"footnotes":""},"category":[],"class_list":["post-1631","page","type-page","status-publish","has-post-thumbnail","hentry"],"_links":{"self":[{"href":"https:\/\/staging.srfb.be\/nl\/wp-json\/wp\/v2\/pages\/1631","targetHints":{"allow":["GET"]}}],"collection":[{"href":"https:\/\/staging.srfb.be\/nl\/wp-json\/wp\/v2\/pages"}],"about":[{"href":"https:\/\/staging.srfb.be\/nl\/wp-json\/wp\/v2\/types\/page"}],"author":[{"embeddable":true,"href":"https:\/\/staging.srfb.be\/nl\/wp-json\/wp\/v2\/users\/18"}],"replies":[{"embeddable":true,"href":"https:\/\/staging.srfb.be\/nl\/wp-json\/wp\/v2\/comments?post=1631"}],"version-history":[{"count":0,"href":"https:\/\/staging.srfb.be\/nl\/wp-json\/wp\/v2\/pages\/1631\/revisions"}],"up":[{"embeddable":true,"href":"https:\/\/staging.srfb.be\/nl\/wp-json\/wp\/v2\/pages\/5856"}],"wp:featuredmedia":[{"embeddable":true,"href":"https:\/\/staging.srfb.be\/nl\/wp-json\/wp\/v2\/media\/8735"}],"wp:attachment":[{"href":"https:\/\/staging.srfb.be\/nl\/wp-json\/wp\/v2\/media?parent=1631"}],"wp:term":[{"taxonomy":"category","embeddable":true,"href":"https:\/\/staging.srfb.be\/nl\/wp-json\/wp\/v2\/category?post=1631"}],"curies":[{"name":"wp","href":"https:\/\/api.w.org\/{rel}","templated":true}]}}