{"id":12179,"date":"2020-04-28T20:07:12","date_gmt":"2020-04-28T20:07:12","guid":{"rendered":"https:\/\/new.srfb.be\/?page_id=12179"},"modified":"2025-10-01T11:36:58","modified_gmt":"2025-10-01T09:36:58","slug":"integrer_biodiversite_gestion_foret","status":"publish","type":"page","link":"https:\/\/staging.srfb.be\/nl\/formations-et-activites\/je-me-forme-pour-ma-foret\/ressources-educatives\/integrer_biodiversite_gestion_foret\/","title":{"rendered":"Biodiversiteit integreren in bosbeheer"},"content":{"rendered":"<div class=\"wp-block-group alignfull is-layout-constrained wp-block-group-is-layout-constrained\" style=\"margin-top:var(--wp--preset--spacing--80);margin-bottom:0\">\n<iframe style=\"width: 100%; height: 85vh; display: block; padding: 0; margin: 0; max-width: 100%;\" src=\"https:\/\/padlet.com\/embed\/c56c78cu0rznaxss\" frameborder=\"0\"><\/iframe>\n<\/div>","protected":false},"excerpt":{"rendered":"<p>Prendre en compte la biodiversit\u00e9 foresti\u00e8re dans le choix et l&rsquo;orientation des op\u00e9rations sylvicoles afin d&rsquo;en contr\u00f4ler les impacts.<\/p>","protected":false},"author":18,"featured_media":0,"parent":35919,"menu_order":0,"comment_status":"closed","ping_status":"closed","template":"","meta":{"iawp_total_views":10,"footnotes":""},"category":[],"class_list":["post-12179","page","type-page","status-publish","hentry"],"_links":{"self":[{"href":"https:\/\/staging.srfb.be\/nl\/wp-json\/wp\/v2\/pages\/12179","targetHints":{"allow":["GET"]}}],"collection":[{"href":"https:\/\/staging.srfb.be\/nl\/wp-json\/wp\/v2\/pages"}],"about":[{"href":"https:\/\/staging.srfb.be\/nl\/wp-json\/wp\/v2\/types\/page"}],"author":[{"embeddable":true,"href":"https:\/\/staging.srfb.be\/nl\/wp-json\/wp\/v2\/users\/18"}],"replies":[{"embeddable":true,"href":"https:\/\/staging.srfb.be\/nl\/wp-json\/wp\/v2\/comments?post=12179"}],"version-history":[{"count":0,"href":"https:\/\/staging.srfb.be\/nl\/wp-json\/wp\/v2\/pages\/12179\/revisions"}],"up":[{"embeddable":true,"href":"https:\/\/staging.srfb.be\/nl\/wp-json\/wp\/v2\/pages\/35919"}],"wp:attachment":[{"href":"https:\/\/staging.srfb.be\/nl\/wp-json\/wp\/v2\/media?parent=12179"}],"wp:term":[{"taxonomy":"category","embeddable":true,"href":"https:\/\/staging.srfb.be\/nl\/wp-json\/wp\/v2\/category?post=12179"}],"curies":[{"name":"wp","href":"https:\/\/api.w.org\/{rel}","templated":true}]}}