{"id":12166,"date":"2020-04-28T19:32:34","date_gmt":"2020-04-28T19:32:34","guid":{"rendered":"https:\/\/new.srfb.be\/?page_id=12166"},"modified":"2024-11-12T16:31:56","modified_gmt":"2024-11-12T15:31:56","slug":"peuplier_environnement","status":"publish","type":"page","link":"https:\/\/staging.srfb.be\/nl\/formations-et-activites\/je-me-forme-pour-ma-foret\/ressources-educatives\/peuplier_environnement\/","title":{"rendered":"Populier en het milieu"},"content":{"rendered":"<div class=\"wp-block-group alignfull is-layout-constrained wp-block-group-is-layout-constrained\" style=\"margin-top:var(--wp--preset--spacing--80);margin-bottom:0\">\n<iframe style=\"width: 100%; height: 85vh; display: block; padding: 0; margin: 0; max-width: 100%;\" src=\"https:\/\/padlet.com\/embed\/kas63r3cni13njza\" frameborder=\"0\"><\/iframe>\n<\/div>","protected":false},"excerpt":{"rendered":"<p>\u00c9tat des connaissances sur la peupleraie et son impact sur l&rsquo;environnement, peupleraie et eau, gestion par l&rsquo;homme et biodiversit\u00e9, peupleraie dans le territoire, conseils et pr\u00e9conisations de gestion, synth\u00e8se des points forts et points faibles des peupleraies.<\/p>","protected":false},"author":18,"featured_media":12099,"parent":35919,"menu_order":0,"comment_status":"closed","ping_status":"closed","template":"","meta":{"iawp_total_views":1,"footnotes":""},"category":[],"class_list":["post-12166","page","type-page","status-publish","has-post-thumbnail","hentry"],"_links":{"self":[{"href":"https:\/\/staging.srfb.be\/nl\/wp-json\/wp\/v2\/pages\/12166","targetHints":{"allow":["GET"]}}],"collection":[{"href":"https:\/\/staging.srfb.be\/nl\/wp-json\/wp\/v2\/pages"}],"about":[{"href":"https:\/\/staging.srfb.be\/nl\/wp-json\/wp\/v2\/types\/page"}],"author":[{"embeddable":true,"href":"https:\/\/staging.srfb.be\/nl\/wp-json\/wp\/v2\/users\/18"}],"replies":[{"embeddable":true,"href":"https:\/\/staging.srfb.be\/nl\/wp-json\/wp\/v2\/comments?post=12166"}],"version-history":[{"count":0,"href":"https:\/\/staging.srfb.be\/nl\/wp-json\/wp\/v2\/pages\/12166\/revisions"}],"up":[{"embeddable":true,"href":"https:\/\/staging.srfb.be\/nl\/wp-json\/wp\/v2\/pages\/35919"}],"wp:featuredmedia":[{"embeddable":true,"href":"https:\/\/staging.srfb.be\/nl\/wp-json\/wp\/v2\/media\/12099"}],"wp:attachment":[{"href":"https:\/\/staging.srfb.be\/nl\/wp-json\/wp\/v2\/media?parent=12166"}],"wp:term":[{"taxonomy":"category","embeddable":true,"href":"https:\/\/staging.srfb.be\/nl\/wp-json\/wp\/v2\/category?post=12166"}],"curies":[{"name":"wp","href":"https:\/\/api.w.org\/{rel}","templated":true}]}}