{"id":38916,"date":"2025-08-05T16:52:53","date_gmt":"2025-08-05T14:52:53","guid":{"rendered":"https:\/\/srfb.be\/?post_type=product&#038;p=38916"},"modified":"2025-08-05T16:52:53","modified_gmt":"2025-08-05T14:52:53","slug":"les-resineux-tome-4-sylviculture-et-reboisement","status":"publish","type":"product","link":"https:\/\/staging.srfb.be\/en\/forest-shop\/les-resineux-tome-4-sylviculture-et-reboisement\/","title":{"rendered":"Softwoods Volume 4: Silviculture and reforestation"},"content":{"rendered":"<h3>Here's the long-awaited 4\u1d49 tome in the Les r\u00e9sineux collection!<\/h3>\n<p>The book presents the silviculture of this botanical group, or rather silvicultures, as it sets out different management options. It details each stage of the process, obviously taking into account the particular context of today (climate change, health risks, societal demand, etc.). It also devotes a chapter to the major challenges of the future.<\/p>\n<p>This highly illustrated, practical book aims to help foresters manage their coniferous plots as effectively as possible by offering several options. To guide them, the author sets out the advantages and disadvantages of each of them, in addition to detailed technical itineraries. To do this, Philippe Riou-Nivert draws on a wealth of knowledge acquired over decades of observation, experimentation, reading and sharing... And, as usual, with great teaching skills and a highly accessible style!<\/p>\n<p>This book completes the Les r\u00e9sineux collection, which was awarded the Prix Cl\u00e9ment Jacquiot 2016 by the Acad\u00e9mie d'Agriculture de France. Comprehensive, easy to read and exceptionally rich, this book is essential for all foresters and those interested in softwoods!<\/p>","protected":false},"excerpt":{"rendered":"<h3>Here's the long-awaited 4th volume in the Les r\u00e9sineux series!<\/h3>\n<p>The book presents the silviculture of this botanical group, or rather silvicultures, as it sets out different management options. It details each stage of the process, obviously taking into account the particular context of today (climate change, health risks, societal demand, etc.). It also devotes a chapter to the major challenges of the future.<\/p>\n<p><strong>16 x 24 cm - 750 pages<\/strong><\/p>","protected":false},"featured_media":38917,"comment_status":"open","ping_status":"closed","template":"","meta":{"iawp_total_views":59},"product_brand":[],"product_cat":[690,688,314],"product_tag":[],"class_list":{"0":"post-38916","1":"product","2":"type-product","3":"status-publish","4":"has-post-thumbnail","6":"product_cat-livres-illustres","7":"product_cat-sante-des-forets","8":"product_cat-sylviculture","10":"first","11":"instock","12":"shipping-taxable","13":"purchasable","14":"product-type-simple"},"_links":{"self":[{"href":"https:\/\/staging.srfb.be\/en\/wp-json\/wp\/v2\/product\/38916","targetHints":{"allow":["GET"]}}],"collection":[{"href":"https:\/\/staging.srfb.be\/en\/wp-json\/wp\/v2\/product"}],"about":[{"href":"https:\/\/staging.srfb.be\/en\/wp-json\/wp\/v2\/types\/product"}],"replies":[{"embeddable":true,"href":"https:\/\/staging.srfb.be\/en\/wp-json\/wp\/v2\/comments?post=38916"}],"wp:featuredmedia":[{"embeddable":true,"href":"https:\/\/staging.srfb.be\/en\/wp-json\/wp\/v2\/media\/38917"}],"wp:attachment":[{"href":"https:\/\/staging.srfb.be\/en\/wp-json\/wp\/v2\/media?parent=38916"}],"wp:term":[{"taxonomy":"product_brand","embeddable":true,"href":"https:\/\/staging.srfb.be\/en\/wp-json\/wp\/v2\/product_brand?post=38916"},{"taxonomy":"product_cat","embeddable":true,"href":"https:\/\/staging.srfb.be\/en\/wp-json\/wp\/v2\/product_cat?post=38916"},{"taxonomy":"product_tag","embeddable":true,"href":"https:\/\/staging.srfb.be\/en\/wp-json\/wp\/v2\/product_tag?post=38916"}],"curies":[{"name":"wp","href":"https:\/\/api.w.org\/{rel}","templated":true}]}}