{"id":6478,"date":"2019-06-27T14:40:30","date_gmt":"2019-06-27T14:40:30","guid":{"rendered":"http:\/\/srfb-wp.dphi.be\/?page_id=6478"},"modified":"2025-12-10T10:12:36","modified_gmt":"2025-12-10T09:12:36","slug":"devenir-membre","status":"publish","type":"page","link":"https:\/\/staging.srfb.be\/en\/devenir-membre\/","title":{"rendered":"Become member"},"content":{"rendered":"<div class=\"wp-block-columns is-layout-flex wp-container-core-columns-is-layout-4c1dd492 wp-block-columns-is-layout-flex\" style=\"margin-top:var(--wp--preset--spacing--80);margin-bottom:var(--wp--preset--spacing--80)\">\n<div class=\"wp-block-column is-layout-flow wp-block-column-is-layout-flow\" style=\"flex-basis:33.33%\">\n<h2 class=\"wp-block-heading has-text-align-right\">You are...<\/h2>\n<\/div>\n\n\n\n<div class=\"wp-block-column is-layout-flow wp-block-column-is-layout-flow\" style=\"flex-basis:66.66%\">\n<ul class=\"wp-block-list\">\n<li class=\"marg-bottom-10\" style=\"font-size:clamp(14px, 0.875rem + ((1vw - 3.2px) * 0.625), 20px);\"><em><strong>... a forest owner and would like to find out more about forest management or forest insurance?<\/strong><\/em><\/li>\n\n\n\n<li class=\"marg-bottom-10 has-medium-font-size\"><em><strong>... forest manager and want to learn about new forestry techniques?<\/strong><\/em><\/li>\n\n\n\n<li class=\"marg-bottom-10 has-medium-font-size\"><em><strong>... simply love the forest and want to spend some quality time with your family, enjoying a guided walk and supporting the multifunctional role of the forest at the same time?<\/strong><\/em><\/li>\n<\/ul>\n<\/div>\n<\/div>\n\n\n\n<h2 class=\"wp-block-heading has-text-align-center\">How can I become a member?<\/h2>\n\n\n\n<p class=\"has-text-align-center\">Would you like to become a member of RFSB and benefit from all our services?<br>Simply fill in the online form. We'll get back to you as soon as possible.<\/p>\n\n\n\n<p class=\"has-text-align-center translation-block\">By becoming a member of RFSB, you can also be a member<br>and benefit from the services of \"<a href=\"http:\/\/www.ntf.be\/\" target=\"_blank\" rel=\"noreferrer noopener\">NTF - Propri\u00e9taires ruraux de Wallonie<\/a>\" or \"<a href=\"http:\/\/www.landelijkvlaanderen.be\/\" target=\"_blank\" rel=\"noreferrer noopener\">Landelijk Vlaanderen<\/a>\",<br>depending on the Region (Wallonia or Flanders) of your property, if you wish.<\/p>\n\n\n\n<div class=\"wp-block-buttons is-content-justification-center is-layout-flex wp-container-core-buttons-is-layout-a89b3969 wp-block-buttons-is-layout-flex\">\n<div class=\"wp-block-button is-style-fill\"><a class=\"wp-block-button__link has-vert-fonce-color-color has-grey-color-background-color has-text-color has-background has-link-color wp-element-button\" href=\"https:\/\/staging.srfb.be\/wp-content\/uploads\/2024\/12\/AppelACotisation_FR_2026.pdf\" target=\"_blank\" rel=\"noreferrer noopener\"><i class='fas-solid fas-tag' style='color: var(--wpem-primary-color); font-size: inherit;'><\/i> Prices and services details<\/a><\/div>\n\n\n\n<div class=\"wp-block-button is-style-fill\"><a class=\"wp-block-button__link has-vert-fonce-color-color has-grey-color-background-color has-text-color has-background has-link-color wp-element-button\" href=\"https:\/\/staging.srfb.be\/en\/devenir-membre\/changer-de-formule-de-cotisation\/\"><i class='fas-solid fas-address-card' style='color: var(--wpem-primary-color); font-size: inherit;'><\/i> Change your membership<\/a><\/div>\n<\/div>\n\n\n\n<div class=\"wp-block-columns is-layout-flex wp-container-core-columns-is-layout-45c10ec9 wp-block-columns-is-layout-flex\" style=\"margin-top:var(--wp--preset--spacing--60);margin-bottom:var(--wp--preset--spacing--60)\">\n<div class=\"wp-block-column is-layout-flow wp-block-column-is-layout-flow\" style=\"border-right-color:#0000005e;border-right-width:3px;padding-right:var(--wp--preset--spacing--50);flex-basis:100%\">\n<div class=\"wp-block-group main-block-cotisation has-border-color has-black-border-color is-vertical is-content-justification-center is-layout-flex wp-container-core-group-is-layout-8dafcccc wp-block-group-is-layout-flex\" style=\"border-width:5px;min-height:725px;margin-top:0;margin-bottom:0;padding-top:var(--wp--preset--spacing--60);padding-right:var(--wp--preset--spacing--60);padding-bottom:var(--wp--preset--spacing--60);padding-left:var(--wp--preset--spacing--60)\">\n<div class=\"wp-block-group is-layout-constrained wp-block-group-is-layout-constrained\">\n<figure class=\"wp-block-image aligncenter size-full is-resized\"><img loading=\"lazy\" decoding=\"async\" width=\"512\" height=\"512\" src=\"https:\/\/staging.srfb.be\/wp-content\/uploads\/2021\/11\/maison.png\" alt=\"Dessin d'une maison tranquille d'un non-propri\u00e9taire\" class=\"wp-image-20591\" style=\"object-fit:contain;width:144px;height:144px\" srcset=\"https:\/\/staging.srfb.be\/wp-content\/uploads\/2021\/11\/maison.png 512w, https:\/\/staging.srfb.be\/wp-content\/uploads\/2021\/11\/maison-100x100.png 100w, https:\/\/staging.srfb.be\/wp-content\/uploads\/2021\/11\/maison-300x300.png 300w, https:\/\/staging.srfb.be\/wp-content\/uploads\/2021\/11\/maison-150x150.png 150w, https:\/\/staging.srfb.be\/wp-content\/uploads\/2021\/11\/maison-12x12.png 12w\" sizes=\"auto, (max-width: 512px) 100vw, 512px\" \/><\/figure>\n\n\n\n<div class=\"wp-block-group is-layout-constrained wp-container-core-group-is-layout-b548501b wp-block-group-is-layout-constrained\" style=\"margin-top:var(--wp--preset--spacing--60);margin-bottom:var(--wp--preset--spacing--70)\">\n<h5 class=\"wp-block-heading has-text-align-center\" style=\"font-style:normal;font-weight:400;text-transform:uppercase\">Non-owners<\/h5>\n\n\n\n<h2 class=\"wp-block-heading has-text-align-center has-vert-fonce-color-color has-text-color has-link-color wp-elements-0a54ecdd419cc255fda91e972b1e922b translation-block\" style=\"font-size:clamp(18.434px, 1.152rem + ((1vw - 3.2px) * 1.101), 29px);text-transform:uppercase\">Basic<br>Membership<\/h2>\n<\/div>\n\n\n\n<div class=\"wp-block-group is-layout-constrained wp-container-core-group-is-layout-69466545 wp-block-group-is-layout-constrained\">\n<hr class=\"wp-block-separator has-text-color has-alpha-channel-opacity has-background\" style=\"background-color:#0000004d;color:#0000004d\"\/>\n<\/div>\n\n\n\n<div class=\"wp-block-group is-layout-constrained wp-container-core-group-is-layout-177c9db8 wp-block-group-is-layout-constrained\" style=\"margin-top:var(--wp--preset--spacing--60);margin-bottom:var(--wp--preset--spacing--60)\">\n<h2 class=\"wp-block-heading has-text-align-center has-vert-fonce-color-color has-text-color has-link-color wp-elements-4cc6b0f7bb15f1d8d4e3e1f925cc0f4a\" style=\"margin-bottom:0;font-size:clamp(2.629em, 2.629rem + ((1vw - 0.2em) * 3.952), 5em);\">80<sup>\u20ac<\/sup><\/h2>\n\n\n\n<p class=\"has-text-align-center has-medium-font-size\" style=\"margin-top:0\">per year<\/p>\n<\/div>\n<\/div>\n\n\n\n<div class=\"wp-block-buttons is-content-justification-center is-layout-flex wp-container-core-buttons-is-layout-84cf7f1f wp-block-buttons-is-layout-flex\" style=\"margin-top:0;margin-bottom:0\">\n<div class=\"wp-block-button\"><a class=\"wp-block-button__link has-vert-fonce-color-background-color has-background wp-element-button\" href=\"https:\/\/www.srfb.be\/devenir-membre\/formulaire-membre\/?cotisation=no-proprio\" style=\"border-radius:5px;font-style:normal;font-weight:400;text-transform:uppercase\">Subscribe<\/a><\/div>\n<\/div>\n<\/div>\n\n\n\n<div class=\"wp-block-group is-layout-constrained wp-container-core-group-is-layout-b2b2ef15 wp-block-group-is-layout-constrained\" style=\"margin-top:0;margin-bottom:0\">\n<div class=\"wp-block-group has-background is-layout-constrained wp-container-core-group-is-layout-67f6ca17 wp-block-group-is-layout-constrained\" style=\"border-right-color:var(--wp--preset--color--black);border-right-width:5px;border-bottom-color:var(--wp--preset--color--black);border-bottom-width:5px;border-left-color:var(--wp--preset--color--black);border-left-width:5px;background-color:#d3d3d3;margin-top:0;margin-bottom:0;padding-top:var(--wp--preset--spacing--50);padding-right:var(--wp--preset--spacing--50);padding-bottom:var(--wp--preset--spacing--50);padding-left:var(--wp--preset--spacing--50)\">\n<p class=\"has-vert-fonce-color-color has-text-color has-link-color wp-elements-634129ed248bafde7fee6f17d49e3ab1\"><i class='far-solid far-circle-check' style='color: var(--wpem-primary-color); font-size: inherit;'><\/i> Information<\/p>\n\n\n\n<p class=\"has-vert-fonce-color-color has-text-color has-link-color wp-elements-c41cdb10c06bcfed5248599af03db522\"><i class='far-solid far-circle-check' style='color: var(--wpem-primary-color); font-size: inherit;'><\/i> -50% on training<\/p>\n\n\n\n<p class=\"has-text-color has-link-color wp-elements-dfcace167d1425d110bcabb3a227c7bb\" style=\"color:#00000080\"><i class='far-solid far-circle-xmark' style='color: var(--wpem-primary-color); font-size: inherit;'><\/i> Aid for reforestation<\/p>\n\n\n\n<p class=\"has-text-color has-link-color wp-elements-8c6e66d8d40844f8ec134da70dcd5313\" style=\"color:#00000080\"><i class='far-solid far-circle-xmark' style='color: var(--wpem-primary-color); font-size: inherit;'><\/i> Certification advice<\/p>\n\n\n\n<p class=\"has-text-color has-link-color wp-elements-7841292c24339a25b74a20e2bd2a1e07\" style=\"color:#00000080\"><i class='far-solid far-circle-xmark' style='color: var(--wpem-primary-color); font-size: inherit;'><\/i> -10% on the entire bookshop<\/p>\n\n\n\n<p class=\"has-text-color has-link-color wp-elements-0da12869ebde710433a92f062c0e9aa8\" style=\"color:#00000080\"><i class='far-solid far-circle-xmark' style='color: var(--wpem-primary-color); font-size: inherit;'><\/i> Forest liability insurance<\/p>\n\n\n\n<p class=\"has-text-color has-link-color wp-elements-62a6928572c4fed766ff440d2c0f2ec1\" style=\"color:#00000080\"><i class='far-solid far-circle-xmark' style='color: var(--wpem-primary-color); font-size: inherit;'><\/i> -60% For\u00eatFor<\/p>\n<\/div>\n<\/div>\n<\/div>\n\n\n\n<div class=\"wp-block-column is-layout-flow wp-block-column-is-layout-flow\" style=\"flex-basis:100%\">\n<div class=\"wp-block-group main-block-cotisation has-border-color has-black-border-color is-vertical is-content-justification-center is-layout-flex wp-container-core-group-is-layout-8dafcccc wp-block-group-is-layout-flex\" style=\"border-width:5px;min-height:725px;margin-top:0;margin-bottom:0;padding-top:var(--wp--preset--spacing--60);padding-right:var(--wp--preset--spacing--60);padding-bottom:var(--wp--preset--spacing--60);padding-left:var(--wp--preset--spacing--60)\">\n<div class=\"wp-block-group is-layout-constrained wp-block-group-is-layout-constrained\">\n<figure class=\"wp-block-image aligncenter size-full is-resized\"><img loading=\"lazy\" decoding=\"async\" width=\"512\" height=\"512\" src=\"https:\/\/staging.srfb.be\/wp-content\/uploads\/2021\/11\/arbre.png\" alt=\"Dessin d'un arbre seul g\u00e9r\u00e9 par un propri\u00e9taire\" class=\"wp-image-20593\" style=\"object-fit:contain;width:144px;height:144px\" srcset=\"https:\/\/staging.srfb.be\/wp-content\/uploads\/2021\/11\/arbre.png 512w, https:\/\/staging.srfb.be\/wp-content\/uploads\/2021\/11\/arbre-100x100.png 100w, https:\/\/staging.srfb.be\/wp-content\/uploads\/2021\/11\/arbre-300x300.png 300w, https:\/\/staging.srfb.be\/wp-content\/uploads\/2021\/11\/arbre-150x150.png 150w, https:\/\/staging.srfb.be\/wp-content\/uploads\/2021\/11\/arbre-12x12.png 12w\" sizes=\"auto, (max-width: 512px) 100vw, 512px\" \/><\/figure>\n\n\n\n<div class=\"wp-block-group is-layout-constrained wp-container-core-group-is-layout-b548501b wp-block-group-is-layout-constrained\" style=\"margin-top:var(--wp--preset--spacing--60);margin-bottom:var(--wp--preset--spacing--70)\">\n<h5 class=\"wp-block-heading has-text-align-center\" style=\"font-style:normal;font-weight:400;text-transform:uppercase\">owners<\/h5>\n\n\n\n<h2 class=\"wp-block-heading has-text-align-center has-vert-fonce-color-color has-text-color has-link-color wp-elements-0a54ecdd419cc255fda91e972b1e922b translation-block\" style=\"font-size:clamp(18.434px, 1.152rem + ((1vw - 3.2px) * 1.101), 29px);text-transform:uppercase\">Basic<br>Membership<\/h2>\n<\/div>\n\n\n\n<div class=\"wp-block-group is-layout-constrained wp-container-core-group-is-layout-69466545 wp-block-group-is-layout-constrained\">\n<hr class=\"wp-block-separator has-text-color has-alpha-channel-opacity has-background\" style=\"background-color:#0000004d;color:#0000004d\"\/>\n<\/div>\n\n\n\n<div class=\"wp-block-group is-layout-constrained wp-container-core-group-is-layout-177c9db8 wp-block-group-is-layout-constrained\" style=\"margin-top:var(--wp--preset--spacing--60);margin-bottom:var(--wp--preset--spacing--60)\">\n<h2 class=\"wp-block-heading has-text-align-center has-vert-fonce-color-color has-text-color has-link-color wp-elements-4cc6b0f7bb15f1d8d4e3e1f925cc0f4a\" style=\"margin-bottom:0;font-size:clamp(2.629em, 2.629rem + ((1vw - 0.2em) * 3.952), 5em);\">80<sup>\u20ac<\/sup><\/h2>\n\n\n\n<p class=\"has-text-align-center has-medium-font-size\" style=\"margin-top:0\">+ 2.50<sup>\u20ac<\/sup> \/ha<br>per year<\/p>\n<\/div>\n<\/div>\n\n\n\n<div class=\"wp-block-buttons is-content-justification-center is-layout-flex wp-container-core-buttons-is-layout-84cf7f1f wp-block-buttons-is-layout-flex\" style=\"margin-top:0;margin-bottom:0\">\n<div class=\"wp-block-button\"><a class=\"wp-block-button__link has-vert-fonce-color-background-color has-background wp-element-button\" href=\"https:\/\/www.srfb.be\/devenir-membre\/formulaire-membre\/?cotisation=base\" style=\"border-radius:5px;font-style:normal;font-weight:400;text-transform:uppercase\">Subscribe<\/a><\/div>\n<\/div>\n<\/div>\n\n\n\n<div class=\"wp-block-group is-layout-constrained wp-container-core-group-is-layout-b2b2ef15 wp-block-group-is-layout-constrained\" style=\"margin-top:0;margin-bottom:0\">\n<div class=\"wp-block-group has-background is-layout-constrained wp-container-core-group-is-layout-67f6ca17 wp-block-group-is-layout-constrained\" style=\"border-right-color:var(--wp--preset--color--black);border-right-width:5px;border-bottom-color:var(--wp--preset--color--black);border-bottom-width:5px;border-left-color:var(--wp--preset--color--black);border-left-width:5px;background-color:#d3d3d3;margin-top:0;margin-bottom:0;padding-top:var(--wp--preset--spacing--50);padding-right:var(--wp--preset--spacing--50);padding-bottom:var(--wp--preset--spacing--50);padding-left:var(--wp--preset--spacing--50)\">\n<p class=\"has-vert-fonce-color-color has-text-color has-link-color wp-elements-634129ed248bafde7fee6f17d49e3ab1\"><i class='far-solid far-circle-check' style='color: var(--wpem-primary-color); font-size: inherit;'><\/i> Information<\/p>\n\n\n\n<p class=\"has-vert-fonce-color-color has-text-color has-link-color wp-elements-c41cdb10c06bcfed5248599af03db522\"><i class='far-solid far-circle-check' style='color: var(--wpem-primary-color); font-size: inherit;'><\/i> -50% on training<\/p>\n\n\n\n<p class=\"has-vert-fonce-color-color has-text-color has-link-color wp-elements-fe96d8890085025830c07166558acda3\"><i class='far-solid far-circle-check' style='color: var(--wpem-primary-color); font-size: inherit;'><\/i> Aid for reforestation<\/p>\n\n\n\n<p class=\"has-vert-fonce-color-color has-text-color has-link-color wp-elements-a6fac56604479d2e3253cf98e8af3531\"><i class='far-solid far-circle-check' style='color: var(--wpem-primary-color); font-size: inherit;'><\/i> Certification advice<\/p>\n\n\n\n<p class=\"has-text-color has-link-color wp-elements-7841292c24339a25b74a20e2bd2a1e07\" style=\"color:#00000080\"><i class='far-solid far-circle-xmark' style='color: var(--wpem-primary-color); font-size: inherit;'><\/i> -10% on the entire bookshop<\/p>\n\n\n\n<p class=\"has-text-color has-link-color wp-elements-0da12869ebde710433a92f062c0e9aa8\" style=\"color:#00000080\"><i class='far-solid far-circle-xmark' style='color: var(--wpem-primary-color); font-size: inherit;'><\/i> Forest liability insurance<\/p>\n\n\n\n<p class=\"has-text-color has-link-color wp-elements-62a6928572c4fed766ff440d2c0f2ec1\" style=\"color:#00000080\"><i class='far-solid far-circle-xmark' style='color: var(--wpem-primary-color); font-size: inherit;'><\/i> -60% For\u00eatFor<\/p>\n<\/div>\n<\/div>\n<\/div>\n\n\n\n<div class=\"wp-block-column is-layout-flow wp-block-column-is-layout-flow\" style=\"flex-basis:100%\">\n<div class=\"wp-block-group main-block-cotisation has-border-color has-black-border-color is-vertical is-content-justification-center is-layout-flex wp-container-core-group-is-layout-8dafcccc wp-block-group-is-layout-flex\" style=\"border-width:5px;min-height:725px;margin-top:0;margin-bottom:0;padding-top:var(--wp--preset--spacing--60);padding-right:var(--wp--preset--spacing--60);padding-bottom:var(--wp--preset--spacing--60);padding-left:var(--wp--preset--spacing--60)\">\n<div class=\"wp-block-group is-layout-constrained wp-block-group-is-layout-constrained\">\n<figure class=\"wp-block-image aligncenter size-full is-resized\"><img loading=\"lazy\" decoding=\"async\" width=\"512\" height=\"512\" src=\"https:\/\/staging.srfb.be\/wp-content\/uploads\/2021\/11\/des-arbres.png\" alt=\"Dessin de plusieurs arbres g\u00e9r\u00e9 par un propri\u00e9taire\" class=\"wp-image-20595\" style=\"object-fit:contain;width:144px;height:144px\" srcset=\"https:\/\/staging.srfb.be\/wp-content\/uploads\/2021\/11\/des-arbres.png 512w, https:\/\/staging.srfb.be\/wp-content\/uploads\/2021\/11\/des-arbres-300x300.png 300w, https:\/\/staging.srfb.be\/wp-content\/uploads\/2021\/11\/des-arbres-150x150.png 150w, https:\/\/staging.srfb.be\/wp-content\/uploads\/2021\/11\/des-arbres-12x12.png 12w, https:\/\/staging.srfb.be\/wp-content\/uploads\/2021\/11\/des-arbres-100x100.png 100w\" sizes=\"auto, (max-width: 512px) 100vw, 512px\" \/><\/figure>\n\n\n\n<div class=\"wp-block-group is-layout-constrained wp-container-core-group-is-layout-177c9db8 wp-block-group-is-layout-constrained\" style=\"margin-top:var(--wp--preset--spacing--60);margin-bottom:var(--wp--preset--spacing--60)\">\n<h5 class=\"wp-block-heading has-text-align-center\" style=\"font-style:normal;font-weight:400;text-transform:uppercase\">owners<\/h5>\n\n\n\n<h2 class=\"wp-block-heading has-text-align-center has-vert-fonce-color-color has-text-color has-link-color wp-elements-1d79d2a8f657f0ccb9c72b58ffa6ddf0 translation-block\" style=\"font-size:clamp(18.434px, 1.152rem + ((1vw - 3.2px) * 1.101), 29px);text-transform:uppercase\">Premium<br>Membership<\/h2>\n\n\n\n<p class=\"has-text-align-center has-small-font-size\" style=\"margin-top:0;margin-right:0;margin-bottom:0;margin-left:0;padding-top:0;padding-right:0;padding-bottom:0;padding-left:0;font-style:italic;font-weight:400\">To obtain the <strong>RC Forest<\/strong><\/p>\n<\/div>\n\n\n\n<div class=\"wp-block-group is-layout-constrained wp-container-core-group-is-layout-69466545 wp-block-group-is-layout-constrained\">\n<hr class=\"wp-block-separator has-text-color has-alpha-channel-opacity has-background\" style=\"background-color:#0000004d;color:#0000004d\"\/>\n<\/div>\n\n\n\n<div class=\"wp-block-group is-layout-constrained wp-container-core-group-is-layout-16970b28 wp-block-group-is-layout-constrained\" style=\"margin-top:var(--wp--preset--spacing--60);margin-bottom:var(--wp--preset--spacing--50)\">\n<h2 class=\"wp-block-heading has-text-align-center has-vert-fonce-color-color has-text-color has-link-color wp-elements-4cc6b0f7bb15f1d8d4e3e1f925cc0f4a\" style=\"margin-bottom:0;font-size:clamp(2.629em, 2.629rem + ((1vw - 0.2em) * 3.952), 5em);\">80<sup>\u20ac<\/sup><\/h2>\n\n\n\n<p class=\"has-text-align-center has-medium-font-size\" style=\"margin-top:0\">+ 2.50<sup>\u20ac<\/sup> \/ha<br>+ 53.5<sup>\u20ac<\/sup> + 1.34<sup>\u20ac<\/sup> \/ha<br>per year<\/p>\n<\/div>\n<\/div>\n\n\n\n<div class=\"wp-block-buttons is-content-justification-center is-layout-flex wp-container-core-buttons-is-layout-84cf7f1f wp-block-buttons-is-layout-flex\" style=\"margin-top:0;margin-bottom:0\">\n<div class=\"wp-block-button\"><a class=\"wp-block-button__link has-vert-fonce-color-background-color has-background wp-element-button\" href=\"https:\/\/www.srfb.be\/devenir-membre\/formulaire-membre\/?cotisation=premium\" style=\"border-radius:5px;font-style:normal;font-weight:400;text-transform:uppercase\">Subscribe<\/a><\/div>\n<\/div>\n<\/div>\n\n\n\n<div class=\"wp-block-group is-layout-constrained wp-container-core-group-is-layout-b2b2ef15 wp-block-group-is-layout-constrained\" style=\"margin-top:0;margin-bottom:0\">\n<div class=\"wp-block-group has-background is-layout-constrained wp-container-core-group-is-layout-67f6ca17 wp-block-group-is-layout-constrained\" style=\"border-right-color:var(--wp--preset--color--black);border-right-width:5px;border-bottom-color:var(--wp--preset--color--black);border-bottom-width:5px;border-left-color:var(--wp--preset--color--black);border-left-width:5px;background-color:#d3d3d3;margin-top:0;margin-bottom:0;padding-top:var(--wp--preset--spacing--50);padding-right:var(--wp--preset--spacing--50);padding-bottom:var(--wp--preset--spacing--50);padding-left:var(--wp--preset--spacing--50)\">\n<p class=\"has-vert-fonce-color-color has-text-color has-link-color wp-elements-634129ed248bafde7fee6f17d49e3ab1\"><i class='far-solid far-circle-check' style='color: var(--wpem-primary-color); font-size: inherit;'><\/i> Information<\/p>\n\n\n\n<p class=\"has-vert-fonce-color-color has-text-color has-link-color wp-elements-c41cdb10c06bcfed5248599af03db522\"><i class='far-solid far-circle-check' style='color: var(--wpem-primary-color); font-size: inherit;'><\/i> -50% on training<\/p>\n\n\n\n<p class=\"has-vert-fonce-color-color has-text-color has-link-color wp-elements-fe96d8890085025830c07166558acda3\"><i class='far-solid far-circle-check' style='color: var(--wpem-primary-color); font-size: inherit;'><\/i> Aid for reforestation<\/p>\n\n\n\n<p class=\"has-vert-fonce-color-color has-text-color has-link-color wp-elements-a6fac56604479d2e3253cf98e8af3531\"><i class='far-solid far-circle-check' style='color: var(--wpem-primary-color); font-size: inherit;'><\/i> Certification advice<\/p>\n\n\n\n<p class=\"has-vert-fonce-color-color has-text-color has-link-color wp-elements-9851d338ff8fdbbd7e958c7e59b21824\"><i class='far-solid far-circle-check' style='color: var(--wpem-primary-color); font-size: inherit;'><\/i> -10% on the entire bookshop<\/p>\n\n\n\n<p class=\"has-vert-fonce-color-color has-text-color has-link-color wp-elements-c880efd15b5c4b2a902b30a67ec3dc7b\"><i class='far-solid far-circle-check' style='color: var(--wpem-primary-color); font-size: inherit;'><\/i> Forest liability insurance<\/p>\n\n\n\n<p class=\"has-vert-fonce-color-color has-text-color has-link-color wp-elements-d3edee9715e96aa4af769bfc46a5cd9e\"><i class='far-solid far-circle-check' style='color: var(--wpem-primary-color); font-size: inherit;'><\/i> -60% For\u00eatFor<\/p>\n<\/div>\n<\/div>\n<\/div>\n<\/div>\n\n\n\n<div class=\"wp-block-buttons is-content-justification-center is-layout-flex wp-container-core-buttons-is-layout-6c590a5c wp-block-buttons-is-layout-flex\" style=\"margin-top:var(--wp--preset--spacing--70);margin-bottom:var(--wp--preset--spacing--70)\">\n<div class=\"wp-block-button\"><a class=\"wp-block-button__link wp-element-button\" href=\"https:\/\/staging.srfb.be\/en\/informatie-over-de-bossen\/silva-belgica\/\">Silva Belgica<\/a><\/div>\n\n\n\n<div class=\"wp-block-button\"><a class=\"wp-block-button__link has-vert-fonce-color-color has-grey-color-background-color has-text-color has-background has-link-color wp-element-button\" href=\"https:\/\/staging.srfb.be\/wp-content\/uploads\/2019\/07\/Brochure_SRFB_web.pdf\" target=\"_blank\" rel=\"noreferrer noopener\">RFSB brochure<\/a><\/div>\n\n\n\n<div class=\"wp-block-button\"><a class=\"wp-block-button__link has-vert-fonce-color-color has-grey-color-background-color has-text-color has-background has-link-color wp-element-button\" href=\"https:\/\/staging.srfb.be\/wp-content\/uploads\/2025\/01\/web.FR_rapport-activite-2023.pdf\" target=\"_blank\" rel=\"noreferrer noopener\">Activity report<\/a><\/div>\n<\/div>\n\n\n\n<div class=\"wp-block-media-text has-media-on-the-right is-stacked-on-mobile is-image-fill-element\" style=\"margin-top:var(--wp--preset--spacing--80);margin-bottom:var(--wp--preset--spacing--80)\"><div class=\"wp-block-media-text__content\">\n<h2 class=\"wp-block-heading\">Share your passion!<\/h2>\n\n\n\n<p style=\"font-style:normal;font-weight:700\">Take advantage of this UNIQUE OFFER<br>not to be missed for the future of your rural heritage!<\/p>\n\n\n\n<p class=\"translation-block\">You take out a New Generation pack including <strong>1 to 4 memberships<\/strong> for your children, grandchildren, nephews or nieces at the exceptional one-off annual rate of <strong>\u20ac100 per pack<\/strong>.<\/p>\n\n\n\n<div class=\"wp-block-buttons is-layout-flex wp-block-buttons-is-layout-flex\">\n<div class=\"wp-block-button\"><a class=\"wp-block-button__link wp-element-button\" href=\"https:\/\/staging.srfb.be\/en\/devenir-membre\/new-generation\/\"><i class='fas-solid fas-child-reaching' style='color: var(--wpem-primary-color); font-size: inherit;'><\/i> New Generation<\/a><\/div>\n<\/div>\n<\/div><figure class=\"wp-block-media-text__media\"><img loading=\"lazy\" decoding=\"async\" width=\"1000\" height=\"665\" src=\"https:\/\/staging.srfb.be\/wp-content\/uploads\/2022\/11\/new-generation.png\" alt=\"New Generation - Transmettez votre passion\" class=\"wp-image-27476 size-full\" style=\"object-position:50% 50%\" srcset=\"https:\/\/staging.srfb.be\/wp-content\/uploads\/2022\/11\/new-generation.png 1000w, https:\/\/staging.srfb.be\/wp-content\/uploads\/2022\/11\/new-generation-600x399.png 600w, https:\/\/staging.srfb.be\/wp-content\/uploads\/2022\/11\/new-generation-300x200.png 300w, https:\/\/staging.srfb.be\/wp-content\/uploads\/2022\/11\/new-generation-18x12.png 18w\" sizes=\"auto, (max-width: 1000px) 100vw, 1000px\" \/><\/figure><\/div>","protected":false},"excerpt":{"rendered":"<p>Vous \u00eates&#8230; Comment devenir membre ? Vous souhaitez devenir membre de la SRFB et b\u00e9n\u00e9ficier de tous nos services ?Il vous suffit de remplir le formulaire en ligne. Nous vous recontacterons dans les plus brefs d\u00e9lais. En devenant membre de la SRFB, vous pouvez \u00e9galement \u00eatre membreet b\u00e9n\u00e9ficier des services de \u00ab&nbsp;NTF \u2013 Propri\u00e9taires ruraux [&hellip;]<\/p>\n","protected":false},"author":18,"featured_media":34303,"parent":0,"menu_order":0,"comment_status":"closed","ping_status":"closed","template":"","meta":{"iawp_total_views":643,"footnotes":""},"category":[],"class_list":["post-6478","page","type-page","status-publish","has-post-thumbnail","hentry"],"_links":{"self":[{"href":"https:\/\/staging.srfb.be\/en\/wp-json\/wp\/v2\/pages\/6478","targetHints":{"allow":["GET"]}}],"collection":[{"href":"https:\/\/staging.srfb.be\/en\/wp-json\/wp\/v2\/pages"}],"about":[{"href":"https:\/\/staging.srfb.be\/en\/wp-json\/wp\/v2\/types\/page"}],"author":[{"embeddable":true,"href":"https:\/\/staging.srfb.be\/en\/wp-json\/wp\/v2\/users\/18"}],"replies":[{"embeddable":true,"href":"https:\/\/staging.srfb.be\/en\/wp-json\/wp\/v2\/comments?post=6478"}],"version-history":[{"count":0,"href":"https:\/\/staging.srfb.be\/en\/wp-json\/wp\/v2\/pages\/6478\/revisions"}],"wp:featuredmedia":[{"embeddable":true,"href":"https:\/\/staging.srfb.be\/en\/wp-json\/wp\/v2\/media\/34303"}],"wp:attachment":[{"href":"https:\/\/staging.srfb.be\/en\/wp-json\/wp\/v2\/media?parent=6478"}],"wp:term":[{"taxonomy":"category","embeddable":true,"href":"https:\/\/staging.srfb.be\/en\/wp-json\/wp\/v2\/category?post=6478"}],"curies":[{"name":"wp","href":"https:\/\/api.w.org\/{rel}","templated":true}]}}