{"id":15904,"date":"2021-03-09T11:31:10","date_gmt":"2021-03-09T10:31:10","guid":{"rendered":"https:\/\/www.srfb.be\/?page_id=15904"},"modified":"2025-08-26T12:45:11","modified_gmt":"2025-08-26T10:45:11","slug":"services-et-activites","status":"publish","type":"page","link":"https:\/\/staging.srfb.be\/en\/forest-friends\/services-et-activites\/","title":{"rendered":"Services and activities"},"content":{"rendered":"<div class=\"wp-block-group is-layout-constrained wp-container-core-group-is-layout-923c61d4 wp-block-group-is-layout-constrained\" style=\"margin-top:var(--wp--preset--spacing--60);margin-bottom:var(--wp--preset--spacing--60);padding-right:var(--wp--preset--spacing--80);padding-left:var(--wp--preset--spacing--80)\">\n<h3 class=\"wp-block-heading\">Come and (re)discover the forest!<\/h3>\n\n\n\n<p>The activities offered by Forest Friends are designed to introduce you to the local forest, which has been linked to mankind since the dawn of time. Whether you're young or old, at school, with your family or with your colleagues, our guides and leaders will be delighted to welcome you.<\/p>\n<\/div>\n\n\n\n<div class=\"wp-block-group is-content-justification-center is-layout-flex wp-container-core-group-is-layout-b02886af wp-block-group-is-layout-flex\">\n<div class=\"wp-block-group has-background wp-container-content-f613b356 is-vertical is-content-justification-center is-layout-flex wp-container-core-group-is-layout-2dfaf68c wp-block-group-is-layout-flex\" style=\"border-radius:5px;background-color:#f2f2f2;min-height:320px;padding-top:0;padding-right:0;padding-bottom:var(--wp--preset--spacing--40);padding-left:0\">\n<figure class=\"wp-block-image size-large has-custom-border\" style=\"margin-bottom:var(--wp--preset--spacing--40)\"><img loading=\"lazy\" decoding=\"async\" width=\"791\" height=\"1024\" src=\"https:\/\/staging.srfb.be\/wp-content\/uploads\/2022\/05\/Silva-3-2022-HD-791x1024.jpg\" alt=\"forest friends - cover silva 3 2022\" class=\"wp-image-24023\" style=\"border-top-left-radius:5px;border-top-right-radius:5px;border-bottom-left-radius:0px;border-bottom-right-radius:0px;aspect-ratio:3\/2;object-fit:cover\" srcset=\"https:\/\/staging.srfb.be\/wp-content\/uploads\/2022\/05\/Silva-3-2022-HD-791x1024.jpg 791w, https:\/\/staging.srfb.be\/wp-content\/uploads\/2022\/05\/Silva-3-2022-HD-600x777.jpg 600w, https:\/\/staging.srfb.be\/wp-content\/uploads\/2022\/05\/Silva-3-2022-HD-232x300.jpg 232w, https:\/\/staging.srfb.be\/wp-content\/uploads\/2022\/05\/Silva-3-2022-HD-9x12.jpg 9w, https:\/\/staging.srfb.be\/wp-content\/uploads\/2022\/05\/Silva-3-2022-HD.jpg 1200w\" sizes=\"auto, (max-width: 791px) 100vw, 791px\" \/><\/figure>\n\n\n\n<h4 class=\"wp-block-heading has-text-align-center has-vert-claire-color-color has-text-color has-link-color has-medium-font-size wp-elements-ae5937f85f4cde9b735c39ccbf8415a8\" style=\"margin-top:0;margin-bottom:0\">Youth groups<\/h4>\n\n\n\n<div class=\"wp-block-buttons is-content-justification-center is-layout-flex wp-container-core-buttons-is-layout-c3d5205c wp-block-buttons-is-layout-flex\" style=\"margin-top:0;margin-bottom:0\">\n<div class=\"wp-block-button\"><a class=\"wp-block-button__link has-vert-fonce-color-background-color has-background has-small-font-size has-custom-font-size wp-element-button\" href=\"\/en\/forest-friends\/services-et-activites\/groupes-de-jeunes\/\" style=\"padding-top:var(--wp--preset--spacing--30);padding-right:var(--wp--preset--spacing--50);padding-bottom:var(--wp--preset--spacing--30);padding-left:var(--wp--preset--spacing--50)\">More information<\/a><\/div>\n<\/div>\n<\/div>\n\n\n\n<div class=\"wp-block-group has-background wp-container-content-f613b356 is-vertical is-content-justification-center is-layout-flex wp-container-core-group-is-layout-2dfaf68c wp-block-group-is-layout-flex\" style=\"border-radius:5px;background-color:#f2f2f2;min-height:320px;padding-top:0;padding-right:0;padding-bottom:var(--wp--preset--spacing--40);padding-left:0\">\n<figure class=\"wp-block-image size-large has-custom-border\" style=\"margin-bottom:var(--wp--preset--spacing--40)\"><img loading=\"lazy\" decoding=\"async\" width=\"1024\" height=\"768\" src=\"https:\/\/staging.srfb.be\/wp-content\/uploads\/2024\/09\/groupe-formation-1024x768.jpg\" alt=\"Groupe formation\" class=\"wp-image-37229\" style=\"border-top-left-radius:5px;border-top-right-radius:5px;border-bottom-left-radius:0px;border-bottom-right-radius:0px;aspect-ratio:3\/2;object-fit:cover\" srcset=\"https:\/\/staging.srfb.be\/wp-content\/uploads\/2024\/09\/groupe-formation-1024x768.jpg 1024w, https:\/\/staging.srfb.be\/wp-content\/uploads\/2024\/09\/groupe-formation-300x225.jpg 300w, https:\/\/staging.srfb.be\/wp-content\/uploads\/2024\/09\/groupe-formation-16x12.jpg 16w, https:\/\/staging.srfb.be\/wp-content\/uploads\/2024\/09\/groupe-formation-600x450.jpg 600w, https:\/\/staging.srfb.be\/wp-content\/uploads\/2024\/09\/groupe-formation.jpg 1500w\" sizes=\"auto, (max-width: 1024px) 100vw, 1024px\" \/><\/figure>\n\n\n\n<h4 class=\"wp-block-heading has-text-align-center has-vert-claire-color-color has-text-color has-link-color has-medium-font-size wp-elements-1f5f39f13540be46c28a7c6d65a8407f\" style=\"margin-top:0;margin-bottom:0\">Teachers, guides and leaders<\/h4>\n\n\n\n<div class=\"wp-block-buttons is-content-justification-center is-layout-flex wp-container-core-buttons-is-layout-c3d5205c wp-block-buttons-is-layout-flex\" style=\"margin-top:0;margin-bottom:0\">\n<div class=\"wp-block-button\"><a class=\"wp-block-button__link has-vert-fonce-color-background-color has-background has-small-font-size has-custom-font-size wp-element-button\" href=\"\/en\/forest-friends\/services-et-activites\/enseignements-guides-et-animateurs\/\" style=\"padding-top:var(--wp--preset--spacing--30);padding-right:var(--wp--preset--spacing--50);padding-bottom:var(--wp--preset--spacing--30);padding-left:var(--wp--preset--spacing--50)\">More information<\/a><\/div>\n<\/div>\n<\/div>\n\n\n\n<div class=\"wp-block-group has-background wp-container-content-f613b356 is-vertical is-content-justification-center is-layout-flex wp-container-core-group-is-layout-2dfaf68c wp-block-group-is-layout-flex\" style=\"border-radius:5px;background-color:#f2f2f2;min-height:320px;padding-top:0;padding-right:0;padding-bottom:var(--wp--preset--spacing--40);padding-left:0\">\n<figure class=\"wp-block-image size-large has-custom-border\" style=\"margin-bottom:var(--wp--preset--spacing--40)\"><img decoding=\"async\" src=\"https:\/\/staging.srfb.be\/wp-content\/uploads\/2024\/03\/Forest_short-1024x679.png\" alt=\"\" class=\"wp-image-35423\" style=\"border-top-left-radius:5px;border-top-right-radius:5px;border-bottom-left-radius:0px;border-bottom-right-radius:0px;aspect-ratio:3\/2;object-fit:cover\"\/><\/figure>\n\n\n\n<h4 class=\"wp-block-heading has-text-align-center has-vert-claire-color-color has-text-color has-link-color has-medium-font-size wp-elements-700a9998b1734dd37097648414efd562\">Company<\/h4>\n\n\n\n<div class=\"wp-block-buttons is-layout-flex wp-block-buttons-is-layout-flex\" style=\"margin-top:0;margin-bottom:0\">\n<div class=\"wp-block-button\"><a class=\"wp-block-button__link has-vert-fonce-color-background-color has-background has-small-font-size has-custom-font-size wp-element-button\" href=\"\/en\/forest-friends\/services-et-activites\/entreprises\/\" style=\"padding-top:var(--wp--preset--spacing--30);padding-right:var(--wp--preset--spacing--50);padding-bottom:var(--wp--preset--spacing--30);padding-left:var(--wp--preset--spacing--50)\">More information<\/a><\/div>\n<\/div>\n<\/div>\n\n\n\n<div class=\"wp-block-group has-background wp-container-content-f613b356 is-vertical is-content-justification-center is-layout-flex wp-container-core-group-is-layout-2dfaf68c wp-block-group-is-layout-flex\" style=\"border-radius:5px;background-color:#f2f2f2;min-height:320px;padding-top:0;padding-right:0;padding-bottom:var(--wp--preset--spacing--40);padding-left:0\">\n<figure class=\"wp-block-image size-large has-custom-border\" style=\"margin-bottom:var(--wp--preset--spacing--40)\"><img loading=\"lazy\" decoding=\"async\" width=\"1024\" height=\"768\" src=\"https:\/\/staging.srfb.be\/wp-content\/uploads\/2019\/07\/Formation-des-guides-forestiers-scaled-1024x768.jpg\" alt=\"Formation des guides forestiers\" class=\"wp-image-7867\" style=\"border-top-left-radius:5px;border-top-right-radius:5px;border-bottom-left-radius:0px;border-bottom-right-radius:0px;aspect-ratio:3\/2;object-fit:cover\" srcset=\"https:\/\/staging.srfb.be\/wp-content\/uploads\/2019\/07\/Formation-des-guides-forestiers-scaled-1024x768.jpg 1024w, https:\/\/staging.srfb.be\/wp-content\/uploads\/2019\/07\/Formation-des-guides-forestiers-scaled-600x450.jpg 600w, https:\/\/staging.srfb.be\/wp-content\/uploads\/2019\/07\/Formation-des-guides-forestiers-scaled-300x225.jpg 300w, https:\/\/staging.srfb.be\/wp-content\/uploads\/2019\/07\/Formation-des-guides-forestiers-scaled-16x12.jpg 16w, https:\/\/staging.srfb.be\/wp-content\/uploads\/2019\/07\/Formation-des-guides-forestiers-scaled.jpg 1700w\" sizes=\"auto, (max-width: 1024px) 100vw, 1024px\" \/><\/figure>\n\n\n\n<h4 class=\"wp-block-heading has-text-align-center has-vert-claire-color-color has-text-color has-link-color has-medium-font-size wp-elements-76b2c06f913df8167a1804e885276b12\">Families (RFSB member) and associations<\/h4>\n\n\n\n<div class=\"wp-block-buttons is-layout-flex wp-block-buttons-is-layout-flex\" style=\"margin-top:0;margin-bottom:0\">\n<div class=\"wp-block-button\"><a class=\"wp-block-button__link has-vert-fonce-color-background-color has-background has-small-font-size has-custom-font-size wp-element-button\" href=\"\/en\/forest-friends\/services-et-activites\/familles-et-monde-associatif\/\" style=\"padding-top:var(--wp--preset--spacing--30);padding-right:var(--wp--preset--spacing--50);padding-bottom:var(--wp--preset--spacing--30);padding-left:var(--wp--preset--spacing--50)\">More information<\/a><\/div>\n<\/div>\n<\/div>\n\n\n\n<div class=\"wp-block-group has-background wp-container-content-f613b356 is-vertical is-content-justification-center is-layout-flex wp-container-core-group-is-layout-2dfaf68c wp-block-group-is-layout-flex\" style=\"border-radius:5px;background-color:#f2f2f2;min-height:320px;padding-top:0;padding-right:0;padding-bottom:var(--wp--preset--spacing--40);padding-left:0\">\n<figure class=\"wp-block-image size-large has-custom-border\" style=\"margin-bottom:var(--wp--preset--spacing--40)\"><img loading=\"lazy\" decoding=\"async\" width=\"1024\" height=\"576\" src=\"https:\/\/staging.srfb.be\/wp-content\/uploads\/2021\/03\/148913433_1123406658109822_3114323657922079545_n-1024x576.jpg\" alt=\"Panneaux didactiques\" class=\"wp-image-15938\" style=\"border-top-left-radius:5px;border-top-right-radius:5px;border-bottom-left-radius:0px;border-bottom-right-radius:0px;aspect-ratio:3\/2;object-fit:cover\" srcset=\"https:\/\/staging.srfb.be\/wp-content\/uploads\/2021\/03\/148913433_1123406658109822_3114323657922079545_n-1024x576.jpg 1024w, https:\/\/staging.srfb.be\/wp-content\/uploads\/2021\/03\/148913433_1123406658109822_3114323657922079545_n-600x337.jpg 600w, https:\/\/staging.srfb.be\/wp-content\/uploads\/2021\/03\/148913433_1123406658109822_3114323657922079545_n-300x169.jpg 300w, https:\/\/staging.srfb.be\/wp-content\/uploads\/2021\/03\/148913433_1123406658109822_3114323657922079545_n-18x10.jpg 18w, https:\/\/staging.srfb.be\/wp-content\/uploads\/2021\/03\/148913433_1123406658109822_3114323657922079545_n.jpg 1700w\" sizes=\"auto, (max-width: 1024px) 100vw, 1024px\" \/><\/figure>\n\n\n\n<h4 class=\"wp-block-heading has-text-align-center has-vert-claire-color-color has-text-color has-link-color has-medium-font-size wp-elements-cf68dea638a80e31421e33b385731962\">Forest owners<\/h4>\n\n\n\n<div class=\"wp-block-buttons is-layout-flex wp-block-buttons-is-layout-flex\" style=\"margin-top:0;margin-bottom:0\">\n<div class=\"wp-block-button\"><a class=\"wp-block-button__link has-vert-fonce-color-background-color has-background has-small-font-size has-custom-font-size wp-element-button\" href=\"\/en\/forest-friends\/services-et-activites\/proprietaires-ou-gestionnaires-forestiers\/\" style=\"padding-top:var(--wp--preset--spacing--30);padding-right:var(--wp--preset--spacing--50);padding-bottom:var(--wp--preset--spacing--30);padding-left:var(--wp--preset--spacing--50)\">More information<\/a><\/div>\n<\/div>\n<\/div>\n<\/div>","protected":false},"excerpt":{"rendered":"<p>Venez (re)d\u00e9couvrir la for\u00eat&nbsp;! Les activit\u00e9s propos\u00e9es par Forest Friends ont pour but de vous pr\u00e9senter la for\u00eat d\u2019ici, li\u00e9e \u00e0 l\u2019homme depuis la nuit des temps. Pour petits et grands, avec l\u2019\u00e9cole, en famille ou encore entre coll\u00e8gues, nos guides et animateurs se feront un plaisir de vous accueillir. Groupes de jeunes Enseignants, guides [&hellip;]<\/p>\n","protected":false},"author":18,"featured_media":0,"parent":6379,"menu_order":0,"comment_status":"closed","ping_status":"closed","template":"","meta":{"iawp_total_views":316,"footnotes":""},"category":[],"class_list":["post-15904","page","type-page","status-publish","hentry"],"_links":{"self":[{"href":"https:\/\/staging.srfb.be\/en\/wp-json\/wp\/v2\/pages\/15904","targetHints":{"allow":["GET"]}}],"collection":[{"href":"https:\/\/staging.srfb.be\/en\/wp-json\/wp\/v2\/pages"}],"about":[{"href":"https:\/\/staging.srfb.be\/en\/wp-json\/wp\/v2\/types\/page"}],"author":[{"embeddable":true,"href":"https:\/\/staging.srfb.be\/en\/wp-json\/wp\/v2\/users\/18"}],"replies":[{"embeddable":true,"href":"https:\/\/staging.srfb.be\/en\/wp-json\/wp\/v2\/comments?post=15904"}],"version-history":[{"count":0,"href":"https:\/\/staging.srfb.be\/en\/wp-json\/wp\/v2\/pages\/15904\/revisions"}],"up":[{"embeddable":true,"href":"https:\/\/staging.srfb.be\/en\/wp-json\/wp\/v2\/pages\/6379"}],"wp:attachment":[{"href":"https:\/\/staging.srfb.be\/en\/wp-json\/wp\/v2\/media?parent=15904"}],"wp:term":[{"taxonomy":"category","embeddable":true,"href":"https:\/\/staging.srfb.be\/en\/wp-json\/wp\/v2\/category?post=15904"}],"curies":[{"name":"wp","href":"https:\/\/api.w.org\/{rel}","templated":true}]}}