{"id":10975,"date":"2020-03-20T16:31:22","date_gmt":"2020-03-20T16:31:22","guid":{"rendered":"https:\/\/new.srfb.be\/?page_id=10975"},"modified":"2024-03-20T14:19:25","modified_gmt":"2024-03-20T13:19:25","slug":"ressources-educatives-eforown","status":"publish","type":"page","link":"https:\/\/staging.srfb.be\/en\/formations-et-activites\/je-me-forme-pour-ma-foret\/ressources-educatives-eforown\/","title":{"rendered":"eforown educational resources"},"content":{"rendered":"<div class=\"wp-block-media-text is-stacked-on-mobile is-vertically-aligned-top\" style=\"margin-top:var(--wp--preset--spacing--80);margin-bottom:var(--wp--preset--spacing--60);grid-template-columns:25% auto\"><figure class=\"wp-block-media-text__media\"><img loading=\"lazy\" decoding=\"async\" width=\"324\" height=\"708\" src=\"https:\/\/staging.srfb.be\/wp-content\/uploads\/2020\/04\/ND_eforown.jpg\" alt=\"eForOwn\" class=\"wp-image-11828 size-full\" srcset=\"https:\/\/staging.srfb.be\/wp-content\/uploads\/2020\/04\/ND_eforown.jpg 324w, https:\/\/staging.srfb.be\/wp-content\/uploads\/2020\/04\/ND_eforown-137x300.jpg 137w, https:\/\/staging.srfb.be\/wp-content\/uploads\/2020\/04\/ND_eforown-5x12.jpg 5w\" sizes=\"auto, (max-width: 324px) 100vw, 324px\" \/><\/figure><div class=\"wp-block-media-text__content\">\n<h2 class=\"wp-block-heading has-text-align-left\" style=\"margin-top:0;margin-bottom:var(--wp--preset--spacing--60)\">Various training materials available online<\/h2>\n\n\n\n<p>From 2012 to 2014, RFSB was involved in a project under the European \"Leonardo: strategic partnership\" programme. The aim of this project, called eforOwn, was to draw up an assessment of the training needs of (new) forest owners. At the same time, the project developed distance learning tools to improve the knowledge and skills of foresters and increase the number of foresters trained.<\/p>\n\n\n\n<p>The RFSB, the Centre National de la Propri\u00e9t\u00e9 Foresti\u00e8re en France (CNPF) and the Centre de Recherche Foresti\u00e8re de Catalogne (CTFC), partners in the project, have formed an excellent partnership.&nbsp;<em>In fine<\/em>a training strategy has been put in place&nbsp;<em>(see: eForOwn. The end of a project... the start of a revolution in (in)training, Silva Belgica 6\/2014).<\/em>&nbsp;That's why, together with our French and Spanish partners, we have submitted an application to the European Commission for a new project under the European \"Erasmus +: cooperation in innovation and exchanges of practice\" programme.<\/p>\n\n\n\n<p>New partners have joined this adventure, namely, for each country represented, an agricultural training school offering a \"Forest - Nature\" option. In Belgium, we are working with the Haute \u00c9cole agronomique Condorcet de Ath - HEPHC.<br>The Eduter Institute, which is part of AgroSup Dijon and reports to the French Ministry of Agriculture, Food and Forestry and the Ministry of Higher Education and Research, also completes this partnership.<\/p>\n\n\n\n<p>A range of training materials are available online - PDF files, illustrated slideshows, videos - to meet the needs of forestry owners and teachers.<\/p>\n<\/div><\/div>\n\n\n\n<h2 class=\"wp-block-heading has-text-align-center\">Training for my forest<\/h2>\n\n\n\n<div class=\"wp-block-columns is-layout-flex wp-container-core-columns-is-layout-28f84493 wp-block-columns-is-layout-flex\">\n<div class=\"wp-block-column is-layout-flow wp-block-column-is-layout-flow\">\n<div class=\"wp-block-group has-grey-color-background-color has-background is-layout-constrained wp-container-core-group-is-layout-72855403 wp-block-group-is-layout-constrained\" style=\"margin-top:var(--wp--preset--spacing--40);margin-bottom:var(--wp--preset--spacing--40);padding-top:var(--wp--preset--spacing--60);padding-right:var(--wp--preset--spacing--60);padding-bottom:var(--wp--preset--spacing--60);padding-left:var(--wp--preset--spacing--60)\">\n<h3 class=\"wp-block-heading has-text-align-center has-vert-fonce-color-color has-text-color has-link-color has-x-large-font-size wp-elements-30e7cafb449225cd3aea81a58f821dc0\"><i class='fas-solid fas-glasses' style='color: var(--wpem-primary-color); font-size: inherit;'><\/i><\/h3>\n\n\n\n<h3 class=\"wp-block-heading has-text-align-center has-vert-fonce-color-color has-text-color has-link-color wp-elements-a8739ec7b625f560b9d4c1c4e000f451\">Assessing the production potential of my forest<\/h3>\n\n\n\n<div class=\"wp-block-buttons is-content-justification-center is-layout-flex wp-container-core-buttons-is-layout-a89b3969 wp-block-buttons-is-layout-flex\">\n<div class=\"wp-block-button has-custom-font-size has-small-font-size\"><a class=\"wp-block-button__link wp-element-button\" href=\"https:\/\/staging.srfb.be\/en\/formations-et-activites\/je-me-forme-pour-ma-foret\/ressources-educatives-eforown\/potentiel_production_foret\/\">Access to resources<\/a><\/div>\n<\/div>\n<\/div>\n<\/div>\n\n\n\n<div class=\"wp-block-column is-layout-flow wp-block-column-is-layout-flow\">\n<div class=\"wp-block-group has-grey-color-background-color has-background is-layout-constrained wp-container-core-group-is-layout-72855403 wp-block-group-is-layout-constrained\" style=\"margin-top:var(--wp--preset--spacing--40);margin-bottom:var(--wp--preset--spacing--40);padding-top:var(--wp--preset--spacing--60);padding-right:var(--wp--preset--spacing--60);padding-bottom:var(--wp--preset--spacing--60);padding-left:var(--wp--preset--spacing--60)\">\n<h3 class=\"wp-block-heading has-text-align-center has-vert-fonce-color-color has-text-color has-link-color has-x-large-font-size wp-elements-4a91cb18fdd367f2d8cb1bd36c3fea8b\"><i class='fa-solid fa-seedling' style='color: var(--wpem-primary-color); font-size: inherit;'><\/i><\/h3>\n\n\n\n<h3 class=\"wp-block-heading has-text-align-center has-vert-fonce-color-color has-text-color has-link-color wp-elements-6b29da8c6e6edbbb39335bc80cc93dde\">Producing goods and services other than timber<\/h3>\n\n\n\n<div class=\"wp-block-buttons is-content-justification-center is-layout-flex wp-container-core-buttons-is-layout-a89b3969 wp-block-buttons-is-layout-flex\">\n<div class=\"wp-block-button has-custom-font-size has-small-font-size\"><a class=\"wp-block-button__link wp-element-button\" href=\"https:\/\/staging.srfb.be\/en\/formations-et-activites\/je-me-forme-pour-ma-foret\/ressources-educatives-eforown\/produire_biens_services_autres_que_bois\/\">Access to resources<\/a><\/div>\n<\/div>\n<\/div>\n<\/div>\n<\/div>\n\n\n\n<div class=\"wp-block-columns is-layout-flex wp-container-core-columns-is-layout-28f84493 wp-block-columns-is-layout-flex\">\n<div class=\"wp-block-column is-layout-flow wp-block-column-is-layout-flow\">\n<div class=\"wp-block-group has-grey-color-background-color has-background is-layout-constrained wp-container-core-group-is-layout-72855403 wp-block-group-is-layout-constrained\" style=\"margin-top:var(--wp--preset--spacing--40);margin-bottom:var(--wp--preset--spacing--40);padding-top:var(--wp--preset--spacing--60);padding-right:var(--wp--preset--spacing--60);padding-bottom:var(--wp--preset--spacing--60);padding-left:var(--wp--preset--spacing--60)\">\n<h3 class=\"wp-block-heading has-text-align-center has-vert-fonce-color-color has-text-color has-link-color has-x-large-font-size wp-elements-4bb10e498fd2f17a3afca2a7e3c86932\"><i class='fa-solid fa-hand-scissors' style='color: var(--wpem-primary-color); font-size: inherit;'><\/i><\/h3>\n\n\n\n<h3 class=\"wp-block-heading has-text-align-center has-vert-fonce-color-color has-text-color has-link-color wp-elements-b0d5316e0415a79e11a2bbb057f2b2d6\">Looking after my forest<\/h3>\n\n\n\n<div class=\"wp-block-buttons is-content-justification-center is-layout-flex wp-container-core-buttons-is-layout-a89b3969 wp-block-buttons-is-layout-flex\">\n<div class=\"wp-block-button has-custom-font-size has-small-font-size\"><a class=\"wp-block-button__link wp-element-button\" href=\"https:\/\/staging.srfb.be\/en\/formations-et-activites\/je-me-forme-pour-ma-foret\/ressources-educatives-eforown\/entretenir_ma_foret\/\">Access to resources<\/a><\/div>\n<\/div>\n<\/div>\n<\/div>\n\n\n\n<div class=\"wp-block-column is-layout-flow wp-block-column-is-layout-flow\">\n<div class=\"wp-block-group has-grey-color-background-color has-background is-layout-constrained wp-container-core-group-is-layout-72855403 wp-block-group-is-layout-constrained\" style=\"margin-top:var(--wp--preset--spacing--40);margin-bottom:var(--wp--preset--spacing--40);padding-top:var(--wp--preset--spacing--60);padding-right:var(--wp--preset--spacing--60);padding-bottom:var(--wp--preset--spacing--60);padding-left:var(--wp--preset--spacing--60)\">\n<h3 class=\"wp-block-heading has-text-align-center has-vert-fonce-color-color has-text-color has-link-color has-x-large-font-size wp-elements-5958db1a167bfc319bf1e84ebef0b7b0\"><i class='fa-solid fa-euro-sign' style='color: var(--wpem-primary-color); font-size: inherit;'><\/i><\/h3>\n\n\n\n<h3 class=\"wp-block-heading has-text-align-center has-vert-fonce-color-color has-text-color has-link-color wp-elements-b3ccaf0b43afdbd77b2f8d3124041282\">Selling wood<\/h3>\n\n\n\n<div class=\"wp-block-buttons is-content-justification-center is-layout-flex wp-container-core-buttons-is-layout-a89b3969 wp-block-buttons-is-layout-flex\">\n<div class=\"wp-block-button has-custom-font-size has-small-font-size\"><a class=\"wp-block-button__link wp-element-button\" href=\"https:\/\/staging.srfb.be\/en\/formations-et-activites\/je-me-forme-pour-ma-foret\/ressources-educatives-eforown\/vendre_du_bois\/\">Access to resources<\/a><\/div>\n<\/div>\n<\/div>\n<\/div>\n<\/div>\n\n\n\n<div class=\"wp-block-columns is-layout-flex wp-container-core-columns-is-layout-28f84493 wp-block-columns-is-layout-flex\">\n<div class=\"wp-block-column is-layout-flow wp-block-column-is-layout-flow\">\n<div class=\"wp-block-group has-grey-color-background-color has-background is-layout-constrained wp-container-core-group-is-layout-72855403 wp-block-group-is-layout-constrained\" style=\"margin-top:var(--wp--preset--spacing--40);margin-bottom:var(--wp--preset--spacing--40);padding-top:var(--wp--preset--spacing--60);padding-right:var(--wp--preset--spacing--60);padding-bottom:var(--wp--preset--spacing--60);padding-left:var(--wp--preset--spacing--60)\">\n<h3 class=\"wp-block-heading has-text-align-center has-vert-fonce-color-color has-text-color has-link-color has-x-large-font-size wp-elements-86b5c0f3c4df388c0869a8de30a1e64f\"><i class='fa-solid fa-pen' style='color: var(--wpem-primary-color); font-size: inherit;'><\/i><\/h3>\n\n\n\n<h3 class=\"wp-block-heading has-text-align-center has-vert-fonce-color-color has-text-color has-link-color wp-elements-4005b89a9db7d5d5e5fcfd6572dcd094\">Taking care of administrative procedures<\/h3>\n\n\n\n<div class=\"wp-block-buttons is-content-justification-center is-layout-flex wp-container-core-buttons-is-layout-a89b3969 wp-block-buttons-is-layout-flex\">\n<div class=\"wp-block-button has-custom-font-size has-small-font-size\"><a class=\"wp-block-button__link wp-element-button\" href=\"https:\/\/staging.srfb.be\/en\/formations-et-activites\/je-me-forme-pour-ma-foret\/ressources-educatives-eforown\/assurer_demarches_administratives\/\">Access to resources<\/a><\/div>\n<\/div>\n<\/div>\n<\/div>\n\n\n\n<div class=\"wp-block-column is-layout-flow wp-block-column-is-layout-flow\"><\/div>\n<\/div>","protected":false},"excerpt":{"rendered":"<p>Divers supports de formation disponibles en ligne De 2012 \u00e0 2014, la SRFB s\u2019est engag\u00e9e dans un projet issu du programme europ\u00e9en \u00ab Leonardo : partenariat strat\u00e9gique \u00bb. Ce projet, nomm\u00e9 eforOwn, avait pour objectif d\u2019\u00e9tablir un bilan des besoins en formation des (nouveaux) propri\u00e9taires forestiers. En parall\u00e8le, ce projet a \u00e9chafaud\u00e9 la mise en [&hellip;]<\/p>\n","protected":false},"author":18,"featured_media":0,"parent":12071,"menu_order":0,"comment_status":"closed","ping_status":"closed","template":"","meta":{"iawp_total_views":88,"footnotes":""},"category":[],"class_list":["post-10975","page","type-page","status-publish","hentry"],"_links":{"self":[{"href":"https:\/\/staging.srfb.be\/en\/wp-json\/wp\/v2\/pages\/10975","targetHints":{"allow":["GET"]}}],"collection":[{"href":"https:\/\/staging.srfb.be\/en\/wp-json\/wp\/v2\/pages"}],"about":[{"href":"https:\/\/staging.srfb.be\/en\/wp-json\/wp\/v2\/types\/page"}],"author":[{"embeddable":true,"href":"https:\/\/staging.srfb.be\/en\/wp-json\/wp\/v2\/users\/18"}],"replies":[{"embeddable":true,"href":"https:\/\/staging.srfb.be\/en\/wp-json\/wp\/v2\/comments?post=10975"}],"version-history":[{"count":0,"href":"https:\/\/staging.srfb.be\/en\/wp-json\/wp\/v2\/pages\/10975\/revisions"}],"up":[{"embeddable":true,"href":"https:\/\/staging.srfb.be\/en\/wp-json\/wp\/v2\/pages\/12071"}],"wp:attachment":[{"href":"https:\/\/staging.srfb.be\/en\/wp-json\/wp\/v2\/media?parent=10975"}],"wp:term":[{"taxonomy":"category","embeddable":true,"href":"https:\/\/staging.srfb.be\/en\/wp-json\/wp\/v2\/category?post=10975"}],"curies":[{"name":"wp","href":"https:\/\/api.w.org\/{rel}","templated":true}]}}