{"id":39395,"date":"2025-12-09T10:01:57","date_gmt":"2025-12-09T09:01:57","guid":{"rendered":"https:\/\/srfb.be\/?post_type=product&#038;p=39395"},"modified":"2025-12-09T10:03:10","modified_gmt":"2025-12-09T09:03:10","slug":"bien-tailler-les-feuillus","status":"publish","type":"product","link":"https:\/\/staging.srfb.be\/de\/forest-shop\/bien-tailler-les-feuillus\/","title":{"rendered":"Laubb\u00e4ume richtig beschneiden"},"content":{"rendered":"<p class=\"x_MsoNormal\"><b><span lang=\"FR\" data-olk-copy-source=\"MessageBody\">Praktische Ratschl\u00e4ge f\u00fcr Wald- und Agroforstpflanzungen<\/span><\/b><\/p>\n<p class=\"x_MsoNormal\"><span lang=\"FR\">Die Produktion von Qualit\u00e4tsholz ist m\u00f6glich, erfordert aber Eingriffe durch Formschnitt und Beschneidung, um die nat\u00fcrliche Form der B\u00e4ume zu korrigieren und die erwarteten Eigenschaften anzustreben: astfreier, gerader und zylindrischer Stamm ohne Knoten oder innere Defekte und mit ausreichender L\u00e4nge.<\/span><\/p>\n<p class=\"x_MsoNormal\"><span lang=\"FR\">Warum sollte man B\u00e4ume beschneiden? Welche Art von Schnitt sollte man durchf\u00fchren? Wie reagiert der Baum auf den Schnitt? Wie und wann schneidet man einen Ast ab? Wie erhalte ich einen geraden Schaft und astfreies Holz? Welches Material sollte man verwenden? All diese Fragen werden in diesem praktischen Leitfaden beantwortet.<\/span><\/p>\n<p class=\"x_MsoNormal\"><span lang=\"FR\">Dieses Buch, das durch Erfahrungen aus der Praxis best\u00e4tigt und durch neue wissenschaftliche Erkenntnisse bereichert wurde, richtet sich an alle, die Wald- und Feldb\u00e4ume bewirtschaften.<\/span><\/p>\n<p class=\"x_MsoNormal\"><span lang=\"FR\">210 x 297 mm &#8211; 84 pages \u2013 r\u00e9f. 131D41<\/span><\/p>","protected":false},"excerpt":{"rendered":"<p class=\"x_MsoNormal\"><b><span lang=\"FR\" data-olk-copy-source=\"MessageBody\">Praktische Ratschl\u00e4ge f\u00fcr Wald- und Agroforstpflanzungen<\/span><\/b><\/p>\n<p class=\"x_MsoNormal\"><span lang=\"FR\">Die Produktion von Qualit\u00e4tsholz ist m\u00f6glich, erfordert aber Eingriffe durch Formschnitt und Beschneidung, um die nat\u00fcrliche Form der B\u00e4ume zu korrigieren und die erwarteten Eigenschaften anzustreben: astfreier, gerader und zylindrischer Stamm ohne Knoten oder innere Defekte und mit ausreichender L\u00e4nge.<\/span><\/p>\n<p class=\"x_MsoNormal\"><span lang=\"FR\">Warum sollte man B\u00e4ume beschneiden? Welche Art von Schnitt sollte man durchf\u00fchren? Wie reagiert der Baum auf den Schnitt? Wie und wann schneidet man einen Ast ab? Wie erhalte ich einen geraden Schaft und astfreies Holz? Welches Material sollte man verwenden? All diese Fragen werden in diesem praktischen Leitfaden beantwortet.<\/span><\/p>\n<p class=\"x_MsoNormal\"><span lang=\"FR\">Dieses Buch, das durch Erfahrungen aus der Praxis best\u00e4tigt und durch neue wissenschaftliche Erkenntnisse bereichert wurde, richtet sich an alle, die Wald- und Feldb\u00e4ume bewirtschaften.<\/span><\/p>\n<p class=\"x_MsoNormal\"><span lang=\"FR\">210 x 297 mm &#8211; 84 pages \u2013 r\u00e9f. 131D41<\/span><\/p>","protected":false},"featured_media":39396,"comment_status":"open","ping_status":"closed","template":"","meta":{"iawp_total_views":33},"product_brand":[],"product_cat":[314],"product_tag":[],"class_list":{"0":"post-39395","1":"product","2":"type-product","3":"status-publish","4":"has-post-thumbnail","6":"product_cat-sylviculture","8":"first","9":"instock","10":"shipping-taxable","11":"purchasable","12":"product-type-simple"},"_links":{"self":[{"href":"https:\/\/staging.srfb.be\/de\/wp-json\/wp\/v2\/product\/39395","targetHints":{"allow":["GET"]}}],"collection":[{"href":"https:\/\/staging.srfb.be\/de\/wp-json\/wp\/v2\/product"}],"about":[{"href":"https:\/\/staging.srfb.be\/de\/wp-json\/wp\/v2\/types\/product"}],"replies":[{"embeddable":true,"href":"https:\/\/staging.srfb.be\/de\/wp-json\/wp\/v2\/comments?post=39395"}],"wp:featuredmedia":[{"embeddable":true,"href":"https:\/\/staging.srfb.be\/de\/wp-json\/wp\/v2\/media\/39396"}],"wp:attachment":[{"href":"https:\/\/staging.srfb.be\/de\/wp-json\/wp\/v2\/media?parent=39395"}],"wp:term":[{"taxonomy":"product_brand","embeddable":true,"href":"https:\/\/staging.srfb.be\/de\/wp-json\/wp\/v2\/product_brand?post=39395"},{"taxonomy":"product_cat","embeddable":true,"href":"https:\/\/staging.srfb.be\/de\/wp-json\/wp\/v2\/product_cat?post=39395"},{"taxonomy":"product_tag","embeddable":true,"href":"https:\/\/staging.srfb.be\/de\/wp-json\/wp\/v2\/product_tag?post=39395"}],"curies":[{"name":"wp","href":"https:\/\/api.w.org\/{rel}","templated":true}]}}