{"id":36999,"date":"2024-07-23T09:25:28","date_gmt":"2024-07-23T07:25:28","guid":{"rendered":"https:\/\/srfb.be\/?post_type=product&#038;p=36999"},"modified":"2024-07-23T09:27:14","modified_gmt":"2024-07-23T07:27:14","slug":"au-dela-du-vieux-mur","status":"publish","type":"product","link":"https:\/\/staging.srfb.be\/de\/forest-shop\/au-dela-du-vieux-mur\/","title":{"rendered":"Jenseits der alten Mauer"},"content":{"rendered":"<p><em>Ich traf den alten Mann am Abend des Sturms. Er kam in seinem verblichenen Blaumann aus dem Schafstall. Als er mich sah, zitternd vor K\u00e4lte und Angst, lud er mich ein, mich im gro\u00dfen Salon des Herrenhauses, im Herzen von Hermelines Anwesen, aufzuw\u00e4rmen.<\/em><\/p>\n<p><em>Als Schlossherr und G\u00e4rtner zugleich h\u00fctete dieser Mann einen Schatz.<\/em><\/p>\n<p>Von den Menschen vergessen, schl\u00e4ft das Anwesen von Hermeline am Rande des Dorfes. In diesem Reich, in dem ein einsamer alter Mann lebt, lernt ein Kind, das Land zu lieben. Es entdeckt den Wert der Stille und der Freundschaft. Skizze einer ausgel\u00f6schten Welt, die vielleicht irgendwo noch existiert.<\/p>","protected":false},"excerpt":{"rendered":"<p><em>Ich traf den alten Mann am Abend des Sturms. Er kam in seinem verblichenen Blaumann aus dem Schafstall. Als er mich sah, zitternd vor K\u00e4lte und Angst, lud er mich ein, mich im gro\u00dfen Salon des Herrenhauses, im Herzen von Hermelines Anwesen, aufzuw\u00e4rmen.<\/em><\/p>\n<p><em>Als Schlossherr und G\u00e4rtner zugleich h\u00fctete dieser Mann einen Schatz.<\/em><\/p>\n<p>Von den Menschen vergessen, schl\u00e4ft das Anwesen von Hermeline am Rande des Dorfes. In diesem Reich, in dem ein einsamer alter Mann lebt, lernt ein Kind, das Land zu lieben. Es entdeckt den Wert der Stille und der Freundschaft. Skizze einer ausgel\u00f6schten Welt, die vielleicht irgendwo noch existiert.<\/p>\n<p>Autorin: <strong>Olivier Terlinden<\/strong><\/p>","protected":false},"featured_media":37000,"comment_status":"closed","ping_status":"closed","template":"","meta":{"iawp_total_views":19},"product_brand":[],"product_cat":[696],"product_tag":[],"class_list":{"0":"post-36999","1":"product","2":"type-product","3":"status-publish","4":"has-post-thumbnail","6":"product_cat-visiteurs","8":"first","9":"instock","10":"shipping-taxable","11":"purchasable","12":"product-type-simple"},"_links":{"self":[{"href":"https:\/\/staging.srfb.be\/de\/wp-json\/wp\/v2\/product\/36999","targetHints":{"allow":["GET"]}}],"collection":[{"href":"https:\/\/staging.srfb.be\/de\/wp-json\/wp\/v2\/product"}],"about":[{"href":"https:\/\/staging.srfb.be\/de\/wp-json\/wp\/v2\/types\/product"}],"replies":[{"embeddable":true,"href":"https:\/\/staging.srfb.be\/de\/wp-json\/wp\/v2\/comments?post=36999"}],"wp:featuredmedia":[{"embeddable":true,"href":"https:\/\/staging.srfb.be\/de\/wp-json\/wp\/v2\/media\/37000"}],"wp:attachment":[{"href":"https:\/\/staging.srfb.be\/de\/wp-json\/wp\/v2\/media?parent=36999"}],"wp:term":[{"taxonomy":"product_brand","embeddable":true,"href":"https:\/\/staging.srfb.be\/de\/wp-json\/wp\/v2\/product_brand?post=36999"},{"taxonomy":"product_cat","embeddable":true,"href":"https:\/\/staging.srfb.be\/de\/wp-json\/wp\/v2\/product_cat?post=36999"},{"taxonomy":"product_tag","embeddable":true,"href":"https:\/\/staging.srfb.be\/de\/wp-json\/wp\/v2\/product_tag?post=36999"}],"curies":[{"name":"wp","href":"https:\/\/api.w.org\/{rel}","templated":true}]}}