{"id":35456,"date":"2024-03-06T16:27:53","date_gmt":"2024-03-06T15:27:53","guid":{"rendered":"https:\/\/srfb.be\/?post_type=product&#038;p=35456"},"modified":"2024-03-06T16:31:17","modified_gmt":"2024-03-06T15:31:17","slug":"faune-forestiere-francaise","status":"publish","type":"product","link":"https:\/\/staging.srfb.be\/de\/forest-shop\/faune-forestiere-francaise\/","title":{"rendered":"Franz\u00f6sische Waldfauna"},"content":{"rendered":"","protected":false},"excerpt":{"rendered":"<p>Dieses sehr sch\u00f6ne Buch ist ein v\u00f6llig neuer F\u00fchrer \u00fcber die Waldfauna. Es erm\u00f6glicht dem Leser, diese faszinierende Welt zu verstehen und stellt f\u00fcr jede Art :<\/p>\n<ul>\n<li>seine Erkennungskriterien (mit Zeichnungen, Schreien dank Flashcodes...) ;<\/li>\n<li>ihre Biologie ;<\/li>\n<li>ihre Rollen und Funktionen in Wald\u00f6kosystemen ;<\/li>\n<li>Faktoren, die ihre Entwicklung f\u00f6rdern oder behindern ;<\/li>\n<li>ihre Verteilung, ihren Status und ihre wichtigsten Herausforderungen<\/li>\n<\/ul>\n<p>Im Sinne der Sammlung Flore foresti\u00e8re fran\u00e7aise enth\u00e4lt dieses Buch einf\u00fchrende Kapitel zu jeder gro\u00dfen Faunengruppe und eine Karteikarte pro Art, die wundersch\u00f6n mit Aquarellen illustriert ist, sowie ein umfassendes Lexikon und zwei Indizes (franz\u00f6sisch-lateinisch und lateinisch-franz\u00f6sisch). In Band 1 werden alle forstlichen Wirbeltiere, d.h. 237 Arten, vorgestellt.<\/p>\n<p>Zwischen einem praktischen Leitfaden und einem sch\u00f6nen Buch angesiedelt, richtet sich die franz\u00f6sische Waldfauna an alle Naturliebhaber, Forstleute oder Nicht-Forstleute, Berufst\u00e4tige oder Amateure, Lehrer und Studenten.<\/p>","protected":false},"featured_media":35460,"comment_status":"open","ping_status":"closed","template":"","meta":{"iawp_total_views":26},"product_brand":[],"product_cat":[691,693,690],"product_tag":[],"class_list":{"0":"post-35456","1":"product","2":"type-product","3":"status-publish","4":"has-post-thumbnail","6":"product_cat-biodiversite","7":"product_cat-foret-gibier","8":"product_cat-livres-illustres","10":"first","11":"instock","12":"shipping-taxable","13":"purchasable","14":"product-type-simple"},"_links":{"self":[{"href":"https:\/\/staging.srfb.be\/de\/wp-json\/wp\/v2\/product\/35456","targetHints":{"allow":["GET"]}}],"collection":[{"href":"https:\/\/staging.srfb.be\/de\/wp-json\/wp\/v2\/product"}],"about":[{"href":"https:\/\/staging.srfb.be\/de\/wp-json\/wp\/v2\/types\/product"}],"replies":[{"embeddable":true,"href":"https:\/\/staging.srfb.be\/de\/wp-json\/wp\/v2\/comments?post=35456"}],"wp:featuredmedia":[{"embeddable":true,"href":"https:\/\/staging.srfb.be\/de\/wp-json\/wp\/v2\/media\/35460"}],"wp:attachment":[{"href":"https:\/\/staging.srfb.be\/de\/wp-json\/wp\/v2\/media?parent=35456"}],"wp:term":[{"taxonomy":"product_brand","embeddable":true,"href":"https:\/\/staging.srfb.be\/de\/wp-json\/wp\/v2\/product_brand?post=35456"},{"taxonomy":"product_cat","embeddable":true,"href":"https:\/\/staging.srfb.be\/de\/wp-json\/wp\/v2\/product_cat?post=35456"},{"taxonomy":"product_tag","embeddable":true,"href":"https:\/\/staging.srfb.be\/de\/wp-json\/wp\/v2\/product_tag?post=35456"}],"curies":[{"name":"wp","href":"https:\/\/api.w.org\/{rel}","templated":true}]}}