{"id":34997,"date":"2024-02-01T14:47:40","date_gmt":"2024-02-01T13:47:40","guid":{"rendered":"https:\/\/srfb.be\/?post_type=product&#038;p=34997"},"modified":"2024-05-22T14:29:41","modified_gmt":"2024-05-22T12:29:41","slug":"chauves-souris-et-foret-des-allies-indispensables","status":"publish","type":"product","link":"https:\/\/staging.srfb.be\/de\/forest-shop\/chauves-souris-et-foret-des-allies-indispensables\/","title":{"rendered":"Flederm\u00e4use und Wald - unentbehrliche Verb\u00fcndete"},"content":{"rendered":"<p>Unter den zahlreichen Tier- und Pflanzenarten, die unsere W\u00e4lder beherbergen, gibt es einige, die besonders unauff\u00e4llig oder sogar unsichtbar f\u00fcr den F\u00f6rster und Spazierg\u00e4nger sind: Flederm\u00e4use oder Chiroptera. Diese fliegenden, nachtaktiven S\u00e4ugetiere mit ihren ganz besonderen Verhaltensweisen sind jedoch sehr oft in den W\u00e4ldern anzutreffen, ohne dass man sich ihrer bewusst ist. Es gibt Arten, die mehr oder weniger im Wald leben, die sich aber alle im Laufe ihres Lebens in diesem Lebensraum aufhalten.<\/p>\n<p>Dieser umfassende F\u00fchrer stellt die geheimnisvolle und unbekannte Welt der Flederm\u00e4use vor. Die rund 30 in Frankreich vorkommenden Waldarten werden ebenso detailliert beschrieben wie ihre Lebensweise.<\/p>\n<p>Die Originalit\u00e4t dieses Leitfadens liegt in den Managementtipps zur F\u00f6rderung dieser S\u00e4ugetiere, die auch R\u00fcckmeldungen aus der Praxis enthalten.<\/p>\n<p>Eine unverzichtbare Brosch\u00fcre, um diese empfindlichen Arten besser kennen zu lernen und zu sch\u00fctzen.<\/p>\n<p><strong>21 cm x 29 cm, 64 Seiten<\/strong><\/p>","protected":false},"excerpt":{"rendered":"<p>Unter den zahlreichen Tier- und Pflanzenarten, die unsere W\u00e4lder beherbergen, gibt es einige, die besonders unauff\u00e4llig oder sogar unsichtbar f\u00fcr den F\u00f6rster und Spazierg\u00e4nger sind: Flederm\u00e4use oder Chiroptera. Diese fliegenden, nachtaktiven S\u00e4ugetiere mit ihren ganz besonderen Verhaltensweisen sind jedoch sehr oft in den W\u00e4ldern anzutreffen, ohne dass man sich ihrer bewusst ist. Es gibt Arten, die mehr oder weniger im Wald leben, die sich aber alle im Laufe ihres Lebens in diesem Lebensraum aufhalten.<\/p>\n<p>Dieser umfassende F\u00fchrer stellt die geheimnisvolle und unbekannte Welt der Flederm\u00e4use vor. Die rund 30 in Frankreich vorkommenden Waldarten werden ebenso detailliert beschrieben wie ihre Lebensweise.<\/p>\n<p>Die Originalit\u00e4t dieses Leitfadens liegt in den Managementtipps zur F\u00f6rderung dieser S\u00e4ugetiere, die auch R\u00fcckmeldungen aus der Praxis enthalten.<\/p>\n<p>Eine unverzichtbare Brosch\u00fcre, um diese empfindlichen Arten besser kennen zu lernen und zu sch\u00fctzen.<\/p>\n<p><strong>21 cm x 29 cm, 64 Seiten<\/strong><\/p>","protected":false},"featured_media":34996,"comment_status":"open","ping_status":"closed","template":"","meta":{"iawp_total_views":10},"product_brand":[],"product_cat":[691],"product_tag":[],"class_list":{"0":"post-34997","1":"product","2":"type-product","3":"status-publish","4":"has-post-thumbnail","6":"product_cat-biodiversite","8":"first","9":"instock","10":"shipping-taxable","11":"purchasable","12":"product-type-simple"},"_links":{"self":[{"href":"https:\/\/staging.srfb.be\/de\/wp-json\/wp\/v2\/product\/34997","targetHints":{"allow":["GET"]}}],"collection":[{"href":"https:\/\/staging.srfb.be\/de\/wp-json\/wp\/v2\/product"}],"about":[{"href":"https:\/\/staging.srfb.be\/de\/wp-json\/wp\/v2\/types\/product"}],"replies":[{"embeddable":true,"href":"https:\/\/staging.srfb.be\/de\/wp-json\/wp\/v2\/comments?post=34997"}],"wp:featuredmedia":[{"embeddable":true,"href":"https:\/\/staging.srfb.be\/de\/wp-json\/wp\/v2\/media\/34996"}],"wp:attachment":[{"href":"https:\/\/staging.srfb.be\/de\/wp-json\/wp\/v2\/media?parent=34997"}],"wp:term":[{"taxonomy":"product_brand","embeddable":true,"href":"https:\/\/staging.srfb.be\/de\/wp-json\/wp\/v2\/product_brand?post=34997"},{"taxonomy":"product_cat","embeddable":true,"href":"https:\/\/staging.srfb.be\/de\/wp-json\/wp\/v2\/product_cat?post=34997"},{"taxonomy":"product_tag","embeddable":true,"href":"https:\/\/staging.srfb.be\/de\/wp-json\/wp\/v2\/product_tag?post=34997"}],"curies":[{"name":"wp","href":"https:\/\/api.w.org\/{rel}","templated":true}]}}