{"id":31451,"date":"2023-06-06T10:36:49","date_gmt":"2023-06-06T08:36:49","guid":{"rendered":"https:\/\/srfb.be\/?post_type=product&#038;p=31451"},"modified":"2023-06-06T10:38:37","modified_gmt":"2023-06-06T08:38:37","slug":"arduinna","status":"publish","type":"product","link":"https:\/\/staging.srfb.be\/de\/forest-shop\/arduinna\/","title":{"rendered":"Arduinna"},"content":{"rendered":"","protected":false},"excerpt":{"rendered":"<p>Die sch\u00f6nsten Fotos der Ardennen im Dialog mit universellen Zitaten, ein Buch des Lichts und der inneren Suche. W\u00e4hrend die Forstliteratur voll von technischen und wissenschaftlichen Schriften ist, l\u00e4dt uns das vorliegende Buch zu einem entschieden anderen, intimen, kontemplativen und introspektiven Ansatz ein. Durch Dialoge zwischen (lokalen) Fotografien und (universellen) Zitaten wird der Leser zu einer Wiederverbindung eingeladen, sowohl mit seinen eigenen Wurzeln als auch mit denen der wilden Waldwelt in unseren Regionen.<\/p>\n<p><strong>24 x 24 cm - 172 Seiten<\/strong><\/p>\n<p>Autorin:\u00a0<strong>Philippe Mo\u00ebs<\/strong><\/p>","protected":false},"featured_media":31452,"comment_status":"closed","ping_status":"closed","template":"","meta":{"iawp_total_views":17},"product_brand":[],"product_cat":[691,693,690],"product_tag":[],"class_list":{"0":"post-31451","1":"product","2":"type-product","3":"status-publish","4":"has-post-thumbnail","6":"product_cat-biodiversite","7":"product_cat-foret-gibier","8":"product_cat-livres-illustres","10":"first","11":"instock","12":"shipping-taxable","13":"purchasable","14":"product-type-simple"},"_links":{"self":[{"href":"https:\/\/staging.srfb.be\/de\/wp-json\/wp\/v2\/product\/31451","targetHints":{"allow":["GET"]}}],"collection":[{"href":"https:\/\/staging.srfb.be\/de\/wp-json\/wp\/v2\/product"}],"about":[{"href":"https:\/\/staging.srfb.be\/de\/wp-json\/wp\/v2\/types\/product"}],"replies":[{"embeddable":true,"href":"https:\/\/staging.srfb.be\/de\/wp-json\/wp\/v2\/comments?post=31451"}],"wp:featuredmedia":[{"embeddable":true,"href":"https:\/\/staging.srfb.be\/de\/wp-json\/wp\/v2\/media\/31452"}],"wp:attachment":[{"href":"https:\/\/staging.srfb.be\/de\/wp-json\/wp\/v2\/media?parent=31451"}],"wp:term":[{"taxonomy":"product_brand","embeddable":true,"href":"https:\/\/staging.srfb.be\/de\/wp-json\/wp\/v2\/product_brand?post=31451"},{"taxonomy":"product_cat","embeddable":true,"href":"https:\/\/staging.srfb.be\/de\/wp-json\/wp\/v2\/product_cat?post=31451"},{"taxonomy":"product_tag","embeddable":true,"href":"https:\/\/staging.srfb.be\/de\/wp-json\/wp\/v2\/product_tag?post=31451"}],"curies":[{"name":"wp","href":"https:\/\/api.w.org\/{rel}","templated":true}]}}