{"id":16380,"date":"2021-04-02T18:26:39","date_gmt":"2021-04-02T16:26:39","guid":{"rendered":"https:\/\/www.srfb.be\/?post_type=product&#038;p=16380"},"modified":"2024-03-09T15:12:39","modified_gmt":"2024-03-09T14:12:39","slug":"la-vie-illustree-de-la-foret","status":"publish","type":"product","link":"https:\/\/staging.srfb.be\/de\/forest-shop\/la-vie-illustree-de-la-foret\/","title":{"rendered":"Das illustrierte Leben des Waldes"},"content":{"rendered":"","protected":false},"excerpt":{"rendered":"<p>Dieses Buch, das sich an alle Waldliebhaber, passionierte Waldbesucher und gelegentliche Spazierg\u00e4nger richtet, wurde vollst\u00e4ndig aktualisiert und ist ein F\u00fchrer durch das Herz der Waldwelt.<\/p>\n<p>Das Buch ist einfach und didaktisch zugleich und behandelt auf sehr bildhafte Weise das Wesentliche des aktuellen Wissens \u00fcber den Wald: Funktionsweise des \u00d6kosystems Wald, Beziehung zwischen Mensch und Wald, Verbindung zu gro\u00dfen Fl\u00e4chen, Rolle f\u00fcr die Umwelt, W\u00e4lder der Zukunft, Bedeutung der Erhaltung der Biodiversit\u00e4t...<\/p>\n<p>Bernard Fischesser, einer der Pioniere der Naturschutzpolitik in Frankreich, der u. a. an der Gr\u00fcndung der Nationalparks beteiligt war, zeigt uns - ebenfalls auf erschwingliche und reich bebilderte Weise -, dass die Erhaltung dieses unersetzlichen Erbes zu einem \u00f6kologischen Imperativ ersten Ranges geworden ist.<\/p>\n<p><strong>19 cm x 24 cm, 198 Seiten <\/strong><\/p>\n<div id=\"ConnectiveDocSignExtentionInstalled\" data-extension-version=\"1.0.4\"><\/div>","protected":false},"featured_media":16381,"comment_status":"open","ping_status":"closed","template":"","meta":{"iawp_total_views":9},"product_brand":[],"product_cat":[691,690,314],"product_tag":[],"class_list":{"0":"post-16380","1":"product","2":"type-product","3":"status-publish","4":"has-post-thumbnail","6":"product_cat-biodiversite","7":"product_cat-livres-illustres","8":"product_cat-sylviculture","10":"first","11":"instock","12":"shipping-taxable","13":"purchasable","14":"product-type-simple"},"_links":{"self":[{"href":"https:\/\/staging.srfb.be\/de\/wp-json\/wp\/v2\/product\/16380","targetHints":{"allow":["GET"]}}],"collection":[{"href":"https:\/\/staging.srfb.be\/de\/wp-json\/wp\/v2\/product"}],"about":[{"href":"https:\/\/staging.srfb.be\/de\/wp-json\/wp\/v2\/types\/product"}],"replies":[{"embeddable":true,"href":"https:\/\/staging.srfb.be\/de\/wp-json\/wp\/v2\/comments?post=16380"}],"wp:featuredmedia":[{"embeddable":true,"href":"https:\/\/staging.srfb.be\/de\/wp-json\/wp\/v2\/media\/16381"}],"wp:attachment":[{"href":"https:\/\/staging.srfb.be\/de\/wp-json\/wp\/v2\/media?parent=16380"}],"wp:term":[{"taxonomy":"product_brand","embeddable":true,"href":"https:\/\/staging.srfb.be\/de\/wp-json\/wp\/v2\/product_brand?post=16380"},{"taxonomy":"product_cat","embeddable":true,"href":"https:\/\/staging.srfb.be\/de\/wp-json\/wp\/v2\/product_cat?post=16380"},{"taxonomy":"product_tag","embeddable":true,"href":"https:\/\/staging.srfb.be\/de\/wp-json\/wp\/v2\/product_tag?post=16380"}],"curies":[{"name":"wp","href":"https:\/\/api.w.org\/{rel}","templated":true}]}}