{"id":16374,"date":"2021-04-02T18:23:01","date_gmt":"2021-04-02T16:23:01","guid":{"rendered":"https:\/\/www.srfb.be\/?post_type=product&#038;p=16374"},"modified":"2022-11-24T11:56:39","modified_gmt":"2022-11-24T10:56:39","slug":"bourgeons-et-rameaux","status":"publish","type":"product","link":"https:\/\/staging.srfb.be\/de\/forest-shop\/bourgeons-et-rameaux\/","title":{"rendered":"Knospen und Zweige"},"content":{"rendered":"","protected":false},"excerpt":{"rendered":"<p>Das Erkennen von Geh\u00f6lzen ohne ihre Bl\u00e4tter ist eine Kunst, die man lernen kann. Und jeder, der sich f\u00fcr B\u00e4ume interessiert, sei es aus Beruf oder Neigung, muss sie auch im Winter erkennen k\u00f6nnen. Tats\u00e4chlich sind die meisten unserer B\u00e4ume und Str\u00e4ucher auch ohne Bl\u00e4tter zu erkennen, und wer gelernt hat, eine bestimmte Art im Winter zu bestimmen, wird sie auch im Sommer leichter erkennen.<\/p>\n<p>Alle einheimischen und am h\u00e4ufigsten angebauten Arten werden in diesem Leitfaden behandelt: \u00dcber 270 Baum- und Straucharten aus 140 Gattungen werden so auch im Winter leicht erkennbar.<\/p>\n<p>Das Buch umfasst :<\/p>\n<ul>\n<li>einen detaillierten Identifikationsschl\u00fcssel;<\/li>\n<li>460 Zeichnungen und Aquarelle, die das Auffinden der diagnostischen Merkmale erleichtern.<\/li>\n<\/ul>\n<p><strong>13cm x 20cm, 192 Seiten<\/strong><\/p>\n<p>Autorin: <strong>Bernd Schulz<br \/>\n<\/strong>Herausgeber :\u00a0<strong>Delachaux und Niestl\u00e9<\/strong><\/p>\n<div id=\"ConnectiveDocSignExtentionInstalled\" data-extension-version=\"1.0.4\"><\/div>","protected":false},"featured_media":16375,"comment_status":"open","ping_status":"closed","template":"","meta":{"iawp_total_views":35},"product_brand":[],"product_cat":[690,688],"product_tag":[],"class_list":{"0":"post-16374","1":"product","2":"type-product","3":"status-publish","4":"has-post-thumbnail","6":"product_cat-livres-illustres","7":"product_cat-sante-des-forets","9":"first","10":"instock","11":"shipping-taxable","12":"purchasable","13":"product-type-simple"},"_links":{"self":[{"href":"https:\/\/staging.srfb.be\/de\/wp-json\/wp\/v2\/product\/16374","targetHints":{"allow":["GET"]}}],"collection":[{"href":"https:\/\/staging.srfb.be\/de\/wp-json\/wp\/v2\/product"}],"about":[{"href":"https:\/\/staging.srfb.be\/de\/wp-json\/wp\/v2\/types\/product"}],"replies":[{"embeddable":true,"href":"https:\/\/staging.srfb.be\/de\/wp-json\/wp\/v2\/comments?post=16374"}],"wp:featuredmedia":[{"embeddable":true,"href":"https:\/\/staging.srfb.be\/de\/wp-json\/wp\/v2\/media\/16375"}],"wp:attachment":[{"href":"https:\/\/staging.srfb.be\/de\/wp-json\/wp\/v2\/media?parent=16374"}],"wp:term":[{"taxonomy":"product_brand","embeddable":true,"href":"https:\/\/staging.srfb.be\/de\/wp-json\/wp\/v2\/product_brand?post=16374"},{"taxonomy":"product_cat","embeddable":true,"href":"https:\/\/staging.srfb.be\/de\/wp-json\/wp\/v2\/product_cat?post=16374"},{"taxonomy":"product_tag","embeddable":true,"href":"https:\/\/staging.srfb.be\/de\/wp-json\/wp\/v2\/product_tag?post=16374"}],"curies":[{"name":"wp","href":"https:\/\/api.w.org\/{rel}","templated":true}]}}