{"id":16371,"date":"2021-04-02T18:21:06","date_gmt":"2021-04-02T16:21:06","guid":{"rendered":"https:\/\/www.srfb.be\/?post_type=product&#038;p=16371"},"modified":"2025-04-19T15:20:01","modified_gmt":"2025-04-19T13:20:01","slug":"identifier-arbres-et-arbustes-en-toutes-saisons","status":"publish","type":"product","link":"https:\/\/staging.srfb.be\/de\/forest-shop\/identifier-arbres-et-arbustes-en-toutes-saisons\/","title":{"rendered":"B\u00e4ume und Str\u00e4ucher in allen Jahreszeiten identifizieren"},"content":{"rendered":"","protected":false},"excerpt":{"rendered":"<p>B\u00e4ume ver\u00e4ndern sich im Laufe der Jahreszeiten und k\u00f6nnen anhand bestimmter Kriterien identifiziert werden: im Fr\u00fchling eher die Bl\u00e4tter oder Bl\u00fcten, im Herbst die Fr\u00fcchte, im Winter die Knospen.<\/p>\n<p>Vier aufeinanderfolgende Bestimmungsschl\u00fcssel f\u00fchren Schritt f\u00fcr Schritt zu der gesuchten Art. Diese Schl\u00fcssel werden durch Portr\u00e4ts von Laubb\u00e4umen, Nadelb\u00e4umen und Str\u00e4uchern erg\u00e4nzt. Jede Art wird durch Fotos und Schemata dargestellt, die Details der verschiedenen Organe (Bl\u00fcten, Fr\u00fcchte, Knospen, Rinde) illustrieren, sowie durch ein Foto, das den Baum oder Strauch als Ganzes zeigt.<\/p>\n<p>179 Arten von Laubb\u00e4umen, Nadelb\u00e4umen und Str\u00e4uchern werden im Laufe der Jahreszeiten ausf\u00fchrlich beschrieben und illustriert.<\/p>\n<p><strong>14 cm x 21cm, 368 Seiten <\/strong><\/p>\n<div id=\"ConnectiveDocSignExtentionInstalled\" data-extension-version=\"1.0.4\"><\/div>","protected":false},"featured_media":16372,"comment_status":"open","ping_status":"closed","template":"","meta":{"iawp_total_views":136},"product_brand":[],"product_cat":[690,688],"product_tag":[],"class_list":{"0":"post-16371","1":"product","2":"type-product","3":"status-publish","4":"has-post-thumbnail","6":"product_cat-livres-illustres","7":"product_cat-sante-des-forets","9":"first","10":"instock","11":"shipping-taxable","12":"purchasable","13":"product-type-simple"},"_links":{"self":[{"href":"https:\/\/staging.srfb.be\/de\/wp-json\/wp\/v2\/product\/16371","targetHints":{"allow":["GET"]}}],"collection":[{"href":"https:\/\/staging.srfb.be\/de\/wp-json\/wp\/v2\/product"}],"about":[{"href":"https:\/\/staging.srfb.be\/de\/wp-json\/wp\/v2\/types\/product"}],"replies":[{"embeddable":true,"href":"https:\/\/staging.srfb.be\/de\/wp-json\/wp\/v2\/comments?post=16371"}],"wp:featuredmedia":[{"embeddable":true,"href":"https:\/\/staging.srfb.be\/de\/wp-json\/wp\/v2\/media\/16372"}],"wp:attachment":[{"href":"https:\/\/staging.srfb.be\/de\/wp-json\/wp\/v2\/media?parent=16371"}],"wp:term":[{"taxonomy":"product_brand","embeddable":true,"href":"https:\/\/staging.srfb.be\/de\/wp-json\/wp\/v2\/product_brand?post=16371"},{"taxonomy":"product_cat","embeddable":true,"href":"https:\/\/staging.srfb.be\/de\/wp-json\/wp\/v2\/product_cat?post=16371"},{"taxonomy":"product_tag","embeddable":true,"href":"https:\/\/staging.srfb.be\/de\/wp-json\/wp\/v2\/product_tag?post=16371"}],"curies":[{"name":"wp","href":"https:\/\/api.w.org\/{rel}","templated":true}]}}