{"id":14412,"date":"2020-11-11T16:34:31","date_gmt":"2020-11-11T15:34:31","guid":{"rendered":"https:\/\/www.srfb.be\/?post_type=product&#038;p=14412"},"modified":"2025-10-08T10:50:26","modified_gmt":"2025-10-08T08:50:26","slug":"larboretum-geographique-de-tervuren","status":"publish","type":"product","link":"https:\/\/staging.srfb.be\/de\/forest-shop\/larboretum-geographique-de-tervuren\/","title":{"rendered":"Das geografische Arboretum von Tervuren"},"content":{"rendered":"","protected":false},"excerpt":{"rendered":"<p>F\u00fcr viele eine verborgene Perle inmitten des For\u00eat de Soignes. \u00dcber 600 Arten und 30.000 Sammlerb\u00e4ume und -str\u00e4ucher laden Sie zu einer Reise durch die W\u00e4lder der gem\u00e4\u00dfigten Zone der n\u00f6rdlichen Hemisph\u00e4re ein.<\/p>\n<p>Die Autoren des Buches, Patrick Huvenne, Wilfried Emmerechts und Kevin Knevels, sind Verwalter des Arboretums. Sie teilen ihr Wissen und ihre Leidenschaft in dem Buch \"Das geografische Arboretum von Tervuren\": Sie zeigen uns die reiche Variation der W\u00e4lder Amerikas, Europas und Asiens, die spezialisierte Verwaltung einer solch lebendigen Sammlung und die Herausforderungen einer nachhaltigen Forstwirtschaft unter dem Einfluss des Klimawandels. Zahlreiche Grafiken, Karten und historische Dokumente untermauern ihre Erz\u00e4hlung. Jan Decreton hat die gro\u00dfartigen Fotos gemacht.<\/p>\n<p><strong>310 Seiten - Hardcover - Format: 23 x 28 cm - durchgehend in Farbe mit zahlreichen Grafiken, Karten und Fotos.<\/strong><\/p>\n<p>Autoren: <strong>Patrick Huvenne, Wilfried Emmerechts &amp; Kevin Knevels<\/strong><\/p>\n<p>Erschienen in Franz\u00f6sisch, Niederl\u00e4ndisch, Deutsch und Englisch<\/p>\n<p><strong>\u00a0<\/strong><\/p>","protected":false},"featured_media":14418,"comment_status":"open","ping_status":"closed","template":"","meta":{"iawp_total_views":85},"product_brand":[],"product_cat":[692,689,314],"product_tag":[],"class_list":{"0":"post-14412","1":"product","2":"type-product","3":"status-publish","4":"has-post-thumbnail","6":"product_cat-arboretum","7":"product_cat-foret-de-soignes","8":"product_cat-sylviculture","10":"first","11":"instock","12":"shipping-taxable","13":"purchasable","14":"product-type-variable"},"_links":{"self":[{"href":"https:\/\/staging.srfb.be\/de\/wp-json\/wp\/v2\/product\/14412","targetHints":{"allow":["GET"]}}],"collection":[{"href":"https:\/\/staging.srfb.be\/de\/wp-json\/wp\/v2\/product"}],"about":[{"href":"https:\/\/staging.srfb.be\/de\/wp-json\/wp\/v2\/types\/product"}],"replies":[{"embeddable":true,"href":"https:\/\/staging.srfb.be\/de\/wp-json\/wp\/v2\/comments?post=14412"}],"wp:featuredmedia":[{"embeddable":true,"href":"https:\/\/staging.srfb.be\/de\/wp-json\/wp\/v2\/media\/14418"}],"wp:attachment":[{"href":"https:\/\/staging.srfb.be\/de\/wp-json\/wp\/v2\/media?parent=14412"}],"wp:term":[{"taxonomy":"product_brand","embeddable":true,"href":"https:\/\/staging.srfb.be\/de\/wp-json\/wp\/v2\/product_brand?post=14412"},{"taxonomy":"product_cat","embeddable":true,"href":"https:\/\/staging.srfb.be\/de\/wp-json\/wp\/v2\/product_cat?post=14412"},{"taxonomy":"product_tag","embeddable":true,"href":"https:\/\/staging.srfb.be\/de\/wp-json\/wp\/v2\/product_tag?post=14412"}],"curies":[{"name":"wp","href":"https:\/\/api.w.org\/{rel}","templated":true}]}}