{"id":13959,"date":"2020-10-06T18:34:00","date_gmt":"2020-10-06T16:34:00","guid":{"rendered":"https:\/\/www.srfb.be\/?post_type=product&#038;p=13959"},"modified":"2024-11-06T06:56:16","modified_gmt":"2024-11-06T05:56:16","slug":"impacts-du-grand-gibier-comment-les-identifier-les-quantifier-les-limiter","status":"publish","type":"product","link":"https:\/\/staging.srfb.be\/de\/forest-shop\/impacts-du-grand-gibier-comment-les-identifier-les-quantifier-les-limiter\/","title":{"rendered":"Auswirkungen von Gro\u00dfwild: Wie man sie erkennt, quantifiziert und begrenzt"},"content":{"rendered":"","protected":false},"excerpt":{"rendered":"<p>Obwohl sie in das \u00d6kosystem des Waldes integriert sind, kann \u00fcberm\u00e4\u00dfiges Wild die Erneuerung des Waldes gef\u00e4hrden. Die erste Notwendigkeit f\u00fcr einen Forstwirt, der seine Parzellen verj\u00fcngen will, besteht daher darin, die von Gro\u00dfwild begangenen Sch\u00e4den zu erkennen. Dieser Leitfaden liefert alle Elemente, um eine solide Feststellung des Ungleichgewichts zu treffen und schl\u00e4gt dann L\u00f6sungen vor, um die Harmonie zwischen Wald und Tieren wiederherzustellen.<\/p>\n<p><strong>Mit Flashcodes, um die Rufe der gro\u00dfen Tiere zu erkennen, und Videos, um ihre Verhaltensweisen zu identifizieren.<\/strong><\/p>\n<p><strong>24 Seiten, 21 x 29,7 cm <\/strong><\/p>","protected":false},"featured_media":13960,"comment_status":"open","ping_status":"closed","template":"","meta":{"iawp_total_views":14},"product_brand":[],"product_cat":[691,693,688,314],"product_tag":[],"class_list":{"0":"post-13959","1":"product","2":"type-product","3":"status-publish","4":"has-post-thumbnail","6":"product_cat-biodiversite","7":"product_cat-foret-gibier","8":"product_cat-sante-des-forets","9":"product_cat-sylviculture","11":"first","12":"instock","13":"shipping-taxable","14":"purchasable","15":"product-type-simple"},"_links":{"self":[{"href":"https:\/\/staging.srfb.be\/de\/wp-json\/wp\/v2\/product\/13959","targetHints":{"allow":["GET"]}}],"collection":[{"href":"https:\/\/staging.srfb.be\/de\/wp-json\/wp\/v2\/product"}],"about":[{"href":"https:\/\/staging.srfb.be\/de\/wp-json\/wp\/v2\/types\/product"}],"replies":[{"embeddable":true,"href":"https:\/\/staging.srfb.be\/de\/wp-json\/wp\/v2\/comments?post=13959"}],"wp:featuredmedia":[{"embeddable":true,"href":"https:\/\/staging.srfb.be\/de\/wp-json\/wp\/v2\/media\/13960"}],"wp:attachment":[{"href":"https:\/\/staging.srfb.be\/de\/wp-json\/wp\/v2\/media?parent=13959"}],"wp:term":[{"taxonomy":"product_brand","embeddable":true,"href":"https:\/\/staging.srfb.be\/de\/wp-json\/wp\/v2\/product_brand?post=13959"},{"taxonomy":"product_cat","embeddable":true,"href":"https:\/\/staging.srfb.be\/de\/wp-json\/wp\/v2\/product_cat?post=13959"},{"taxonomy":"product_tag","embeddable":true,"href":"https:\/\/staging.srfb.be\/de\/wp-json\/wp\/v2\/product_tag?post=13959"}],"curies":[{"name":"wp","href":"https:\/\/api.w.org\/{rel}","templated":true}]}}