{"id":13956,"date":"2020-10-06T18:17:59","date_gmt":"2020-10-06T16:17:59","guid":{"rendered":"https:\/\/www.srfb.be\/?post_type=product&#038;p=13956"},"modified":"2023-12-22T04:11:52","modified_gmt":"2023-12-22T03:11:52","slug":"les-mousses-les-lichens-et-les-fougeres-ces-meconnus-essentiels-a-la-foret","status":"publish","type":"product","link":"https:\/\/staging.srfb.be\/de\/forest-shop\/les-mousses-les-lichens-et-les-fougeres-ces-meconnus-essentiels-a-la-foret\/","title":{"rendered":"Moose, Flechten und Farne, die verkannten Essentials des Waldes"},"content":{"rendered":"","protected":false},"excerpt":{"rendered":"<p>Moose, Flechten und Farne sind wenig bekannt, obwohl sie in unseren W\u00e4ldern allgegenw\u00e4rtig sind. Dieser reich bebilderte Leitfaden erinnert an ihre Besonderheiten und ihre gro\u00dfe Vielfalt, bevor er ihre Aufgaben und Interessen erl\u00e4utert. Au\u00dferdem gibt er Ratschl\u00e4ge f\u00fcr die Pflege dieser Pflanzen, die f\u00fcr die Gesundheit unserer W\u00e4lder unerl\u00e4sslich sind.<\/p>\n<p><strong>92 Seiten, 21 x 29,7 cm<br \/>\n<\/strong><\/p>\n<p>Autorin: <strong>Franck Mass\u00e9<br \/>\n<\/strong>Herausgeber :<strong> CNPF<\/strong><\/p>\n<p><strong>\u00a0<\/strong><\/p>","protected":false},"featured_media":13957,"comment_status":"open","ping_status":"closed","template":"","meta":{"iawp_total_views":24},"product_brand":[],"product_cat":[691,690],"product_tag":[],"class_list":{"0":"post-13956","1":"product","2":"type-product","3":"status-publish","4":"has-post-thumbnail","6":"product_cat-biodiversite","7":"product_cat-livres-illustres","9":"first","10":"instock","11":"shipping-taxable","12":"purchasable","13":"product-type-simple"},"_links":{"self":[{"href":"https:\/\/staging.srfb.be\/de\/wp-json\/wp\/v2\/product\/13956","targetHints":{"allow":["GET"]}}],"collection":[{"href":"https:\/\/staging.srfb.be\/de\/wp-json\/wp\/v2\/product"}],"about":[{"href":"https:\/\/staging.srfb.be\/de\/wp-json\/wp\/v2\/types\/product"}],"replies":[{"embeddable":true,"href":"https:\/\/staging.srfb.be\/de\/wp-json\/wp\/v2\/comments?post=13956"}],"wp:featuredmedia":[{"embeddable":true,"href":"https:\/\/staging.srfb.be\/de\/wp-json\/wp\/v2\/media\/13957"}],"wp:attachment":[{"href":"https:\/\/staging.srfb.be\/de\/wp-json\/wp\/v2\/media?parent=13956"}],"wp:term":[{"taxonomy":"product_brand","embeddable":true,"href":"https:\/\/staging.srfb.be\/de\/wp-json\/wp\/v2\/product_brand?post=13956"},{"taxonomy":"product_cat","embeddable":true,"href":"https:\/\/staging.srfb.be\/de\/wp-json\/wp\/v2\/product_cat?post=13956"},{"taxonomy":"product_tag","embeddable":true,"href":"https:\/\/staging.srfb.be\/de\/wp-json\/wp\/v2\/product_tag?post=13956"}],"curies":[{"name":"wp","href":"https:\/\/api.w.org\/{rel}","templated":true}]}}