{"id":13947,"date":"2020-10-05T09:58:39","date_gmt":"2020-10-05T07:58:39","guid":{"rendered":"https:\/\/www.srfb.be\/?post_type=product&#038;p=13947"},"modified":"2025-06-10T03:31:13","modified_gmt":"2025-06-10T01:31:13","slug":"le-peuplier-agroforestier-techniques-et-couts-de-plantation","status":"publish","type":"product","link":"https:\/\/staging.srfb.be\/de\/forest-shop\/le-peuplier-agroforestier-techniques-et-couts-de-plantation\/","title":{"rendered":"Die Agroforst-Pappel - Techniken und Kosten der Anpflanzung"},"content":{"rendered":"","protected":false},"excerpt":{"rendered":"<p>Dieser Leitfaden fasst das Wissen und K\u00f6nnen zusammen, das f\u00fcr die Anpflanzung, den Betrieb und die Nutzung von Pappeln auf Feldern erforderlich ist. Die Pappel ist aufgrund ihrer Wachstumsgeschwindigkeit und ihrer historischen Verankerung in den Regionen eine Kultur, die f\u00fcr die Agroforstwirtschaft von gro\u00dfem Interesse ist. Sie ist eine gute Wahl f\u00fcr Landwirte, die ihre Absatzm\u00e4rkte diversifizieren und B\u00e4ume (wieder) in ihre Anbau- oder Viehhaltungssysteme integrieren m\u00f6chten.<br \/>\nDie Agroforstwirtschaft ist dar\u00fcber hinaus eine M\u00f6glichkeit, die derzeitige L\u00fccke in der Pappelholzproduktion zu schlie\u00dfen und die Landwirtschaft zu mobilisieren, um die Bezugsquellen zu erweitern.<\/p>\n<p>21 x 29,7 cm, 68 Seiten<\/p>","protected":false},"featured_media":13948,"comment_status":"open","ping_status":"closed","template":"","meta":{"iawp_total_views":29},"product_brand":[],"product_cat":[694,314],"product_tag":[],"class_list":{"0":"post-13947","1":"product","2":"type-product","3":"status-publish","4":"has-post-thumbnail","6":"product_cat-agroforesterie","7":"product_cat-sylviculture","9":"first","10":"instock","11":"shipping-taxable","12":"purchasable","13":"product-type-simple"},"_links":{"self":[{"href":"https:\/\/staging.srfb.be\/de\/wp-json\/wp\/v2\/product\/13947","targetHints":{"allow":["GET"]}}],"collection":[{"href":"https:\/\/staging.srfb.be\/de\/wp-json\/wp\/v2\/product"}],"about":[{"href":"https:\/\/staging.srfb.be\/de\/wp-json\/wp\/v2\/types\/product"}],"replies":[{"embeddable":true,"href":"https:\/\/staging.srfb.be\/de\/wp-json\/wp\/v2\/comments?post=13947"}],"wp:featuredmedia":[{"embeddable":true,"href":"https:\/\/staging.srfb.be\/de\/wp-json\/wp\/v2\/media\/13948"}],"wp:attachment":[{"href":"https:\/\/staging.srfb.be\/de\/wp-json\/wp\/v2\/media?parent=13947"}],"wp:term":[{"taxonomy":"product_brand","embeddable":true,"href":"https:\/\/staging.srfb.be\/de\/wp-json\/wp\/v2\/product_brand?post=13947"},{"taxonomy":"product_cat","embeddable":true,"href":"https:\/\/staging.srfb.be\/de\/wp-json\/wp\/v2\/product_cat?post=13947"},{"taxonomy":"product_tag","embeddable":true,"href":"https:\/\/staging.srfb.be\/de\/wp-json\/wp\/v2\/product_tag?post=13947"}],"curies":[{"name":"wp","href":"https:\/\/api.w.org\/{rel}","templated":true}]}}