{"id":10952,"date":"2020-03-20T15:16:34","date_gmt":"2020-03-20T14:16:34","guid":{"rendered":"https:\/\/new.srfb.be\/?post_type=product&#038;p=10952"},"modified":"2024-11-18T21:25:09","modified_gmt":"2024-11-18T20:25:09","slug":"flore-forestiere-francaise","status":"publish","type":"product","link":"https:\/\/staging.srfb.be\/de\/forest-shop\/flore-forestiere-francaise\/","title":{"rendered":"Franz\u00f6sische Waldflora"},"content":{"rendered":"","protected":false},"excerpt":{"rendered":"<p>Band 1: Ebenen und H\u00fcgel<br \/>\nFast 30 Jahre nach dem Erscheinen von Band 1 der Franz\u00f6sischen Waldflora galt es, das Werk zu aktualisieren, zu erg\u00e4nzen, zu pr\u00e4zisieren und zu vereinfachen, wobei seine anerkannten wissenschaftlichen und p\u00e4dagogischen Qualit\u00e4ten erhalten bleiben sollten.<br \/>\nDiese \u00fcberarbeitete Neuauflage ist erheblich erweitert mit 551 neuen Arten, neuen Gattungen und Arten, ihrer Aut\u00f6kologie, neuen Verbreitungskarten auf der Grundlage der neuesten Daten...<br \/>\n21 x 14 cm, 2464 Seiten<\/p>","protected":false},"featured_media":10953,"comment_status":"open","ping_status":"closed","template":"","meta":{"iawp_total_views":40},"product_brand":[],"product_cat":[691,690],"product_tag":[],"class_list":{"0":"post-10952","1":"product","2":"type-product","3":"status-publish","4":"has-post-thumbnail","6":"product_cat-biodiversite","7":"product_cat-livres-illustres","9":"first","10":"instock","11":"shipping-taxable","12":"purchasable","13":"product-type-simple"},"_links":{"self":[{"href":"https:\/\/staging.srfb.be\/de\/wp-json\/wp\/v2\/product\/10952","targetHints":{"allow":["GET"]}}],"collection":[{"href":"https:\/\/staging.srfb.be\/de\/wp-json\/wp\/v2\/product"}],"about":[{"href":"https:\/\/staging.srfb.be\/de\/wp-json\/wp\/v2\/types\/product"}],"replies":[{"embeddable":true,"href":"https:\/\/staging.srfb.be\/de\/wp-json\/wp\/v2\/comments?post=10952"}],"wp:featuredmedia":[{"embeddable":true,"href":"https:\/\/staging.srfb.be\/de\/wp-json\/wp\/v2\/media\/10953"}],"wp:attachment":[{"href":"https:\/\/staging.srfb.be\/de\/wp-json\/wp\/v2\/media?parent=10952"}],"wp:term":[{"taxonomy":"product_brand","embeddable":true,"href":"https:\/\/staging.srfb.be\/de\/wp-json\/wp\/v2\/product_brand?post=10952"},{"taxonomy":"product_cat","embeddable":true,"href":"https:\/\/staging.srfb.be\/de\/wp-json\/wp\/v2\/product_cat?post=10952"},{"taxonomy":"product_tag","embeddable":true,"href":"https:\/\/staging.srfb.be\/de\/wp-json\/wp\/v2\/product_tag?post=10952"}],"curies":[{"name":"wp","href":"https:\/\/api.w.org\/{rel}","templated":true}]}}