{"id":10941,"date":"2020-03-20T15:11:51","date_gmt":"2020-03-20T14:11:51","guid":{"rendered":"https:\/\/new.srfb.be\/?post_type=product&#038;p=10941"},"modified":"2025-12-17T20:36:01","modified_gmt":"2025-12-17T19:36:01","slug":"les-resineux-2","status":"publish","type":"product","link":"https:\/\/staging.srfb.be\/de\/forest-shop\/les-resineux-2\/","title":{"rendered":"Nadelb\u00e4ume - Band 2: \u00d6kologie und Pathologie"},"content":{"rendered":"","protected":false},"excerpt":{"rendered":"<p>Band 2: \u00d6kologie und Pathologie<br \/>\nMit Hilfe eines klaren Textes und einer au\u00dfergew\u00f6hnlichen Ikonografie kann die breite \u00d6ffentlichkeit das wahre Gesicht der Nadelb\u00e4ume entdecken. Der Naturforscher findet hier Tier- und Pflanzenarten, die oft emblematisch und liebenswert sind.<br \/>\nDer Forscher wird eine geordnete Zusammenfassung der neuesten \u00f6kologischen Arbeiten zu sch\u00e4tzen wissen. Der Forstwirt erh\u00e4lt alle notwendigen Hintergrundinformationen, um \u00f6kologische Parameter in eine nachhaltige Bewirtschaftung einzubeziehen.<br \/>\n24 x 16 cm, 400 Seiten<\/p>\n<p>Autoren:\u00a0<strong>Philippe Riou-Nivert<\/strong><br \/>\nHerausgeber :\u00a0<strong>Institut f\u00fcr Waldentwicklung<\/strong><\/p>","protected":false},"featured_media":10942,"comment_status":"open","ping_status":"closed","template":"","meta":{"iawp_total_views":7},"product_brand":[],"product_cat":[690,314],"product_tag":[],"class_list":{"0":"post-10941","1":"product","2":"type-product","3":"status-publish","4":"has-post-thumbnail","6":"product_cat-livres-illustres","7":"product_cat-sylviculture","9":"first","10":"instock","11":"shipping-taxable","12":"purchasable","13":"product-type-simple"},"_links":{"self":[{"href":"https:\/\/staging.srfb.be\/de\/wp-json\/wp\/v2\/product\/10941","targetHints":{"allow":["GET"]}}],"collection":[{"href":"https:\/\/staging.srfb.be\/de\/wp-json\/wp\/v2\/product"}],"about":[{"href":"https:\/\/staging.srfb.be\/de\/wp-json\/wp\/v2\/types\/product"}],"replies":[{"embeddable":true,"href":"https:\/\/staging.srfb.be\/de\/wp-json\/wp\/v2\/comments?post=10941"}],"wp:featuredmedia":[{"embeddable":true,"href":"https:\/\/staging.srfb.be\/de\/wp-json\/wp\/v2\/media\/10942"}],"wp:attachment":[{"href":"https:\/\/staging.srfb.be\/de\/wp-json\/wp\/v2\/media?parent=10941"}],"wp:term":[{"taxonomy":"product_brand","embeddable":true,"href":"https:\/\/staging.srfb.be\/de\/wp-json\/wp\/v2\/product_brand?post=10941"},{"taxonomy":"product_cat","embeddable":true,"href":"https:\/\/staging.srfb.be\/de\/wp-json\/wp\/v2\/product_cat?post=10941"},{"taxonomy":"product_tag","embeddable":true,"href":"https:\/\/staging.srfb.be\/de\/wp-json\/wp\/v2\/product_tag?post=10941"}],"curies":[{"name":"wp","href":"https:\/\/api.w.org\/{rel}","templated":true}]}}