{"id":10936,"date":"2020-03-20T15:09:40","date_gmt":"2020-03-20T14:09:40","guid":{"rendered":"https:\/\/new.srfb.be\/?post_type=product&#038;p=10936"},"modified":"2024-11-16T01:49:55","modified_gmt":"2024-11-16T00:49:55","slug":"les-resineux-3","status":"publish","type":"product","link":"https:\/\/staging.srfb.be\/de\/forest-shop\/les-resineux-3\/","title":{"rendered":"Nadelb\u00e4ume - Band 3: Holz, Verwendung, Wirtschaft"},"content":{"rendered":"","protected":false},"excerpt":{"rendered":"<p>Band 3: Holz, Verwendung, Wirtschaft<br \/>\nNadelh\u00f6lzer sind die S\u00e4ulen des weltweiten Holzhandels. In Frankreich dominieren sie den Markt bei weitem. Was sind die Gr\u00fcnde f\u00fcr diese Begeisterung? Welche Prognosen lassen sich f\u00fcr die Zukunft aufstellen?<br \/>\nDer dritte Band beantwortet diese Fragen auf klare, einfache und umfassende Weise. Nachdem er sich mit dem Begriff der Qualit\u00e4t auseinandergesetzt hat, gibt er einen \u00dcberblick \u00fcber alle Verwendungsm\u00f6glichkeiten, die \u00e4u\u00dferst vielf\u00e4ltig sind und sich st\u00e4ndig weiterentwickeln: Zimmerei, Schreinerei, Verpackung, Papier, aber auch Energie,...<br \/>\n24 x 17 cm, 344 Seiten<\/p>\n<p>Autoren:\u00a0<strong>Philippe Riou-Nivert<\/strong><br \/>\nHerausgeber :\u00a0<strong>CNPF<\/strong><\/p>","protected":false},"featured_media":10939,"comment_status":"open","ping_status":"closed","template":"","meta":{"iawp_total_views":6},"product_brand":[],"product_cat":[690,314],"product_tag":[],"class_list":{"0":"post-10936","1":"product","2":"type-product","3":"status-publish","4":"has-post-thumbnail","6":"product_cat-livres-illustres","7":"product_cat-sylviculture","9":"first","10":"instock","11":"shipping-taxable","12":"purchasable","13":"product-type-simple"},"_links":{"self":[{"href":"https:\/\/staging.srfb.be\/de\/wp-json\/wp\/v2\/product\/10936","targetHints":{"allow":["GET"]}}],"collection":[{"href":"https:\/\/staging.srfb.be\/de\/wp-json\/wp\/v2\/product"}],"about":[{"href":"https:\/\/staging.srfb.be\/de\/wp-json\/wp\/v2\/types\/product"}],"replies":[{"embeddable":true,"href":"https:\/\/staging.srfb.be\/de\/wp-json\/wp\/v2\/comments?post=10936"}],"wp:featuredmedia":[{"embeddable":true,"href":"https:\/\/staging.srfb.be\/de\/wp-json\/wp\/v2\/media\/10939"}],"wp:attachment":[{"href":"https:\/\/staging.srfb.be\/de\/wp-json\/wp\/v2\/media?parent=10936"}],"wp:term":[{"taxonomy":"product_brand","embeddable":true,"href":"https:\/\/staging.srfb.be\/de\/wp-json\/wp\/v2\/product_brand?post=10936"},{"taxonomy":"product_cat","embeddable":true,"href":"https:\/\/staging.srfb.be\/de\/wp-json\/wp\/v2\/product_cat?post=10936"},{"taxonomy":"product_tag","embeddable":true,"href":"https:\/\/staging.srfb.be\/de\/wp-json\/wp\/v2\/product_tag?post=10936"}],"curies":[{"name":"wp","href":"https:\/\/api.w.org\/{rel}","templated":true}]}}