{"id":10933,"date":"2020-03-20T15:07:58","date_gmt":"2020-03-20T14:07:58","guid":{"rendered":"https:\/\/new.srfb.be\/?post_type=product&#038;p=10933"},"modified":"2022-11-24T13:20:56","modified_gmt":"2022-11-24T12:20:56","slug":"les-racines-face-cachee-des-arbres","status":"publish","type":"product","link":"https:\/\/staging.srfb.be\/de\/forest-shop\/les-racines-face-cachee-des-arbres\/","title":{"rendered":"Wurzeln, die verborgene Seite der B\u00e4ume"},"content":{"rendered":"","protected":false},"excerpt":{"rendered":"<p>Die Wurzeln von B\u00e4umen, die sich so sehr von den St\u00e4mmen unterscheiden, haben den Ruf, \u00fcberm\u00e4\u00dfig schwer zu erforschen und somit zu verstehen zu sein. Doch entgegen der landl\u00e4ufigen Meinung sind Forscher und Praktiker, die sich f\u00fcr Wurzeln interessieren, in Frankreich nicht vom Aussterben bedroht. Zw\u00f6lf Fachleute haben sich zusammengefunden, um diese lebendige und<br \/>\nattraktiv auf dieser anderen H\u00e4lfte der B\u00e4ume!<br \/>\n24 x 16 cm, 336 Seiten<\/p>\n<p>Autoren:\u00a0<strong>Christophe Dr\u00e9nou<\/strong><br \/>\nHerausgeber :\u00a0<strong>Institut f\u00fcr Waldentwicklung<\/strong><\/p>","protected":false},"featured_media":10934,"comment_status":"open","ping_status":"closed","template":"","meta":{"iawp_total_views":11},"product_brand":[],"product_cat":[314],"product_tag":[],"class_list":{"0":"post-10933","1":"product","2":"type-product","3":"status-publish","4":"has-post-thumbnail","6":"product_cat-sylviculture","8":"first","9":"instock","10":"shipping-taxable","11":"purchasable","12":"product-type-simple"},"_links":{"self":[{"href":"https:\/\/staging.srfb.be\/de\/wp-json\/wp\/v2\/product\/10933","targetHints":{"allow":["GET"]}}],"collection":[{"href":"https:\/\/staging.srfb.be\/de\/wp-json\/wp\/v2\/product"}],"about":[{"href":"https:\/\/staging.srfb.be\/de\/wp-json\/wp\/v2\/types\/product"}],"replies":[{"embeddable":true,"href":"https:\/\/staging.srfb.be\/de\/wp-json\/wp\/v2\/comments?post=10933"}],"wp:featuredmedia":[{"embeddable":true,"href":"https:\/\/staging.srfb.be\/de\/wp-json\/wp\/v2\/media\/10934"}],"wp:attachment":[{"href":"https:\/\/staging.srfb.be\/de\/wp-json\/wp\/v2\/media?parent=10933"}],"wp:term":[{"taxonomy":"product_brand","embeddable":true,"href":"https:\/\/staging.srfb.be\/de\/wp-json\/wp\/v2\/product_brand?post=10933"},{"taxonomy":"product_cat","embeddable":true,"href":"https:\/\/staging.srfb.be\/de\/wp-json\/wp\/v2\/product_cat?post=10933"},{"taxonomy":"product_tag","embeddable":true,"href":"https:\/\/staging.srfb.be\/de\/wp-json\/wp\/v2\/product_tag?post=10933"}],"curies":[{"name":"wp","href":"https:\/\/api.w.org\/{rel}","templated":true}]}}