{"id":10923,"date":"2020-03-20T15:03:35","date_gmt":"2020-03-20T15:03:35","guid":{"rendered":"https:\/\/new.srfb.be\/?post_type=product&#038;p=10923"},"modified":"2025-06-09T03:15:52","modified_gmt":"2025-06-09T01:15:52","slug":"connaitre-comprendre-et-proteger-la-foret","status":"publish","type":"product","link":"https:\/\/staging.srfb.be\/de\/forest-shop\/connaitre-comprendre-et-proteger-la-foret\/","title":{"rendered":"Den Wald kennen, verstehen und sch\u00fctzen"},"content":{"rendered":"","protected":false},"excerpt":{"rendered":"<p>Einf\u00fchrung in die Wald\u00f6kologie<br \/>\nDer Wald erf\u00fcllt viele wichtige, ja sogar lebenswichtige Funktionen, die ihn zu einem wertvollen nat\u00fcrlichen Lebensraum machen. Der Wald liefert Holz zum Bauen, Heizen, f\u00fcr M\u00f6bel und Papier.<br \/>\nSie reinigt Luft und Wasser, beherbergt Tier- und Pflanzenarten, sch\u00fctzt den Boden vor Erosion und spielt eine wichtige Rolle bei der Abschw\u00e4chung des Klimawandels.<br \/>\nIn einer klaren, praktischen und verst\u00e4ndlichen Sprache bietet das Buch allen, die sich f\u00fcr den Wald interessieren, eine umfassende und synthetische Sicht, um seine Funktionsweise zu verstehen und ihn mit klugen Augen zu sehen.<br \/>\n16 x 24 cm, 178 Seiten<\/p>\n<p>Autorin:\u00a0<strong>L\u00e9on Mathot<br \/>\n<\/strong>Herausgeber : <strong>Centre National de la Propri\u00e9t\u00e9 Foresti\u00e8re (CNPF) (Nationales Zentrum f\u00fcr Waldbesitz)<\/strong><\/p>","protected":false},"featured_media":10924,"comment_status":"open","ping_status":"closed","template":"","meta":{"iawp_total_views":17},"product_brand":[],"product_cat":[691,314],"product_tag":[],"class_list":{"0":"post-10923","1":"product","2":"type-product","3":"status-publish","4":"has-post-thumbnail","6":"product_cat-biodiversite","7":"product_cat-sylviculture","9":"first","10":"instock","11":"shipping-taxable","12":"purchasable","13":"product-type-simple"},"_links":{"self":[{"href":"https:\/\/staging.srfb.be\/de\/wp-json\/wp\/v2\/product\/10923","targetHints":{"allow":["GET"]}}],"collection":[{"href":"https:\/\/staging.srfb.be\/de\/wp-json\/wp\/v2\/product"}],"about":[{"href":"https:\/\/staging.srfb.be\/de\/wp-json\/wp\/v2\/types\/product"}],"replies":[{"embeddable":true,"href":"https:\/\/staging.srfb.be\/de\/wp-json\/wp\/v2\/comments?post=10923"}],"wp:featuredmedia":[{"embeddable":true,"href":"https:\/\/staging.srfb.be\/de\/wp-json\/wp\/v2\/media\/10924"}],"wp:attachment":[{"href":"https:\/\/staging.srfb.be\/de\/wp-json\/wp\/v2\/media?parent=10923"}],"wp:term":[{"taxonomy":"product_brand","embeddable":true,"href":"https:\/\/staging.srfb.be\/de\/wp-json\/wp\/v2\/product_brand?post=10923"},{"taxonomy":"product_cat","embeddable":true,"href":"https:\/\/staging.srfb.be\/de\/wp-json\/wp\/v2\/product_cat?post=10923"},{"taxonomy":"product_tag","embeddable":true,"href":"https:\/\/staging.srfb.be\/de\/wp-json\/wp\/v2\/product_tag?post=10923"}],"curies":[{"name":"wp","href":"https:\/\/api.w.org\/{rel}","templated":true}]}}