{"id":10919,"date":"2020-03-20T15:00:00","date_gmt":"2020-03-20T15:00:00","guid":{"rendered":"https:\/\/new.srfb.be\/?post_type=product&#038;p=10919"},"modified":"2025-06-09T16:04:48","modified_gmt":"2025-06-09T14:04:48","slug":"le-champignon-allie-de-larbre-et-de-la-foret","status":"publish","type":"product","link":"https:\/\/staging.srfb.be\/de\/forest-shop\/le-champignon-allie-de-larbre-et-de-la-foret\/","title":{"rendered":"Der Pilz als Verb\u00fcndeter von B\u00e4umen und W\u00e4ldern"},"content":{"rendered":"","protected":false},"excerpt":{"rendered":"<p>Die Kenntnis der geheimen und unterirdischen Welt der Pilze, die sich uns nur dann offenbart, wenn sie Fr\u00fcchte tragen, ist eine Voraussetzung, die uns helfen wird, sie zu respektieren, zu sch\u00fctzen und durch eine geeignete Forstwirtschaft zu f\u00f6rdern, w\u00e4hrend wir gleichzeitig ihren Beitrag zum guten Funktionieren des Waldes und den Mehrwert einer vern\u00fcnftigen Ernte optimal nutzen k\u00f6nnen.<br \/>\n21 x 29,7 cm, 46 Seiten<\/p>","protected":false},"featured_media":10921,"comment_status":"open","ping_status":"closed","template":"","meta":{"iawp_total_views":4},"product_brand":[],"product_cat":[691,688],"product_tag":[],"class_list":{"0":"post-10919","1":"product","2":"type-product","3":"status-publish","4":"has-post-thumbnail","6":"product_cat-biodiversite","7":"product_cat-sante-des-forets","9":"first","10":"instock","11":"shipping-taxable","12":"purchasable","13":"product-type-simple"},"_links":{"self":[{"href":"https:\/\/staging.srfb.be\/de\/wp-json\/wp\/v2\/product\/10919","targetHints":{"allow":["GET"]}}],"collection":[{"href":"https:\/\/staging.srfb.be\/de\/wp-json\/wp\/v2\/product"}],"about":[{"href":"https:\/\/staging.srfb.be\/de\/wp-json\/wp\/v2\/types\/product"}],"replies":[{"embeddable":true,"href":"https:\/\/staging.srfb.be\/de\/wp-json\/wp\/v2\/comments?post=10919"}],"wp:featuredmedia":[{"embeddable":true,"href":"https:\/\/staging.srfb.be\/de\/wp-json\/wp\/v2\/media\/10921"}],"wp:attachment":[{"href":"https:\/\/staging.srfb.be\/de\/wp-json\/wp\/v2\/media?parent=10919"}],"wp:term":[{"taxonomy":"product_brand","embeddable":true,"href":"https:\/\/staging.srfb.be\/de\/wp-json\/wp\/v2\/product_brand?post=10919"},{"taxonomy":"product_cat","embeddable":true,"href":"https:\/\/staging.srfb.be\/de\/wp-json\/wp\/v2\/product_cat?post=10919"},{"taxonomy":"product_tag","embeddable":true,"href":"https:\/\/staging.srfb.be\/de\/wp-json\/wp\/v2\/product_tag?post=10919"}],"curies":[{"name":"wp","href":"https:\/\/api.w.org\/{rel}","templated":true}]}}