{"id":10914,"date":"2020-03-20T14:57:53","date_gmt":"2020-03-20T14:57:53","guid":{"rendered":"https:\/\/new.srfb.be\/?post_type=product&#038;p=10914"},"modified":"2025-06-09T17:05:17","modified_gmt":"2025-06-09T15:05:17","slug":"diversite-des-especes-en-foret","status":"publish","type":"product","link":"https:\/\/staging.srfb.be\/de\/forest-shop\/diversite-des-especes-en-foret\/","title":{"rendered":"Artenvielfalt im Wald"},"content":{"rendered":"","protected":false},"excerpt":{"rendered":"<p>Welche Faktoren beeinflussen die Biodiversit\u00e4t der W\u00e4lder? Auf welche Weise?<br \/>\nWie k\u00f6nnen Waldarten bei der Bewirtschaftung ber\u00fccksichtigt werden?<br \/>\nDieser einfache und praktische Leitfaden beantwortet diese Fragen und stellt die Schl\u00fcsselfaktoren des IBP (Index der potenziellen Biodiversit\u00e4t) vor. P\u00e4dagogisch wertvoll und reich illustriert, bezieht er die neuesten Erkenntnisse \u00fcber die Biodiversit\u00e4t der W\u00e4lder mit ein.<br \/>\n21 x 29,7 cm, 28 Seiten<\/p>\n<p>Autoren: <strong>C\u00e9line Emberger, Laurent Larrieu &amp; Pierre Gonin<\/strong><\/p>","protected":false},"featured_media":10915,"comment_status":"open","ping_status":"closed","template":"","meta":{"iawp_total_views":9},"product_brand":[],"product_cat":[691,690],"product_tag":[],"class_list":{"0":"post-10914","1":"product","2":"type-product","3":"status-publish","4":"has-post-thumbnail","6":"product_cat-biodiversite","7":"product_cat-livres-illustres","9":"first","10":"instock","11":"shipping-taxable","12":"purchasable","13":"product-type-simple"},"_links":{"self":[{"href":"https:\/\/staging.srfb.be\/de\/wp-json\/wp\/v2\/product\/10914","targetHints":{"allow":["GET"]}}],"collection":[{"href":"https:\/\/staging.srfb.be\/de\/wp-json\/wp\/v2\/product"}],"about":[{"href":"https:\/\/staging.srfb.be\/de\/wp-json\/wp\/v2\/types\/product"}],"replies":[{"embeddable":true,"href":"https:\/\/staging.srfb.be\/de\/wp-json\/wp\/v2\/comments?post=10914"}],"wp:featuredmedia":[{"embeddable":true,"href":"https:\/\/staging.srfb.be\/de\/wp-json\/wp\/v2\/media\/10915"}],"wp:attachment":[{"href":"https:\/\/staging.srfb.be\/de\/wp-json\/wp\/v2\/media?parent=10914"}],"wp:term":[{"taxonomy":"product_brand","embeddable":true,"href":"https:\/\/staging.srfb.be\/de\/wp-json\/wp\/v2\/product_brand?post=10914"},{"taxonomy":"product_cat","embeddable":true,"href":"https:\/\/staging.srfb.be\/de\/wp-json\/wp\/v2\/product_cat?post=10914"},{"taxonomy":"product_tag","embeddable":true,"href":"https:\/\/staging.srfb.be\/de\/wp-json\/wp\/v2\/product_tag?post=10914"}],"curies":[{"name":"wp","href":"https:\/\/api.w.org\/{rel}","templated":true}]}}