{"id":10909,"date":"2020-03-20T14:55:33","date_gmt":"2020-03-20T14:55:33","guid":{"rendered":"https:\/\/new.srfb.be\/?post_type=product&#038;p=10909"},"modified":"2025-06-09T19:41:28","modified_gmt":"2025-06-09T17:41:28","slug":"oiseaux-et-foret-une-alliance-naturelle","status":"publish","type":"product","link":"https:\/\/staging.srfb.be\/de\/forest-shop\/oiseaux-et-foret-une-alliance-naturelle\/","title":{"rendered":"V\u00f6gel und Wald, eine nat\u00fcrliche Allianz"},"content":{"rendered":"","protected":false},"excerpt":{"rendered":"<p>Frankreich ist reich an \u00fcber 400 Vogelarten, das ist die H\u00e4lfte aller Vogelarten in Europa. Und der franz\u00f6sische Wald und die damit verbundenen Lebensr\u00e4ume beherbergen wiederum die H\u00e4lfte der Vogelarten des Hexagons.<br \/>\nDer Vogel ist aber nicht nur ein einfacher Bewohner des Waldes, in dem er Nahrung und Fortpflanzung findet, sondern auch ein Handwerker, der effektiv daran arbeitet, den Wald vor seinen Feinden zu sch\u00fctzen und aktiv zu seiner Regeneration beizutragen.<br \/>\nMit Flashcodes, um den Vogelstimmen zu lauschen!<br \/>\n21 x 29,7 cm, 46 Seiten<\/p>","protected":false},"featured_media":10911,"comment_status":"open","ping_status":"closed","template":"","meta":{"iawp_total_views":4},"product_brand":[],"product_cat":[691],"product_tag":[],"class_list":{"0":"post-10909","1":"product","2":"type-product","3":"status-publish","4":"has-post-thumbnail","6":"product_cat-biodiversite","8":"first","9":"instock","10":"shipping-taxable","11":"purchasable","12":"product-type-simple"},"_links":{"self":[{"href":"https:\/\/staging.srfb.be\/de\/wp-json\/wp\/v2\/product\/10909","targetHints":{"allow":["GET"]}}],"collection":[{"href":"https:\/\/staging.srfb.be\/de\/wp-json\/wp\/v2\/product"}],"about":[{"href":"https:\/\/staging.srfb.be\/de\/wp-json\/wp\/v2\/types\/product"}],"replies":[{"embeddable":true,"href":"https:\/\/staging.srfb.be\/de\/wp-json\/wp\/v2\/comments?post=10909"}],"wp:featuredmedia":[{"embeddable":true,"href":"https:\/\/staging.srfb.be\/de\/wp-json\/wp\/v2\/media\/10911"}],"wp:attachment":[{"href":"https:\/\/staging.srfb.be\/de\/wp-json\/wp\/v2\/media?parent=10909"}],"wp:term":[{"taxonomy":"product_brand","embeddable":true,"href":"https:\/\/staging.srfb.be\/de\/wp-json\/wp\/v2\/product_brand?post=10909"},{"taxonomy":"product_cat","embeddable":true,"href":"https:\/\/staging.srfb.be\/de\/wp-json\/wp\/v2\/product_cat?post=10909"},{"taxonomy":"product_tag","embeddable":true,"href":"https:\/\/staging.srfb.be\/de\/wp-json\/wp\/v2\/product_tag?post=10909"}],"curies":[{"name":"wp","href":"https:\/\/api.w.org\/{rel}","templated":true}]}}