{"id":10906,"date":"2020-03-20T14:52:59","date_gmt":"2020-03-20T14:52:59","guid":{"rendered":"https:\/\/new.srfb.be\/?post_type=product&#038;p=10906"},"modified":"2024-03-23T11:07:00","modified_gmt":"2024-03-23T10:07:00","slug":"insectes-et-foret","status":"publish","type":"product","link":"https:\/\/staging.srfb.be\/de\/forest-shop\/insectes-et-foret\/","title":{"rendered":"Insekten und Wald"},"content":{"rendered":"","protected":false},"excerpt":{"rendered":"<p>Komplexe und wesentliche Beziehungen<br \/>\nDer F\u00f6rster sieht Insekten im Wald oft kritisch und h\u00e4lt sich meist an Sch\u00e4dlinge. Die meisten Insekten sind jedoch wertvolle Helfer des Wald\u00f6kosystems. Sie sind die ersten Regulatoren f\u00fcr die Invasion von Sch\u00e4dlingen. Ihre positive Wirkung beschr\u00e4nkt sich jedoch nicht auf diese Rolle. Auch das Bodenleben und die Wiederverwertung von organischem Material sind auf ihren Beitrag zur\u00fcckzuf\u00fchren. Als Best\u00e4uber sind sie f\u00fcr einen Teil der Waldflora unverzichtbar.<br \/>\n21 x 29,7 cm, 80 Seiten<\/p>","protected":false},"featured_media":10907,"comment_status":"open","ping_status":"closed","template":"","meta":{"iawp_total_views":7},"product_brand":[],"product_cat":[691,688,314],"product_tag":[],"class_list":{"0":"post-10906","1":"product","2":"type-product","3":"status-publish","4":"has-post-thumbnail","6":"product_cat-biodiversite","7":"product_cat-sante-des-forets","8":"product_cat-sylviculture","10":"first","11":"instock","12":"shipping-taxable","13":"purchasable","14":"product-type-simple"},"_links":{"self":[{"href":"https:\/\/staging.srfb.be\/de\/wp-json\/wp\/v2\/product\/10906","targetHints":{"allow":["GET"]}}],"collection":[{"href":"https:\/\/staging.srfb.be\/de\/wp-json\/wp\/v2\/product"}],"about":[{"href":"https:\/\/staging.srfb.be\/de\/wp-json\/wp\/v2\/types\/product"}],"replies":[{"embeddable":true,"href":"https:\/\/staging.srfb.be\/de\/wp-json\/wp\/v2\/comments?post=10906"}],"wp:featuredmedia":[{"embeddable":true,"href":"https:\/\/staging.srfb.be\/de\/wp-json\/wp\/v2\/media\/10907"}],"wp:attachment":[{"href":"https:\/\/staging.srfb.be\/de\/wp-json\/wp\/v2\/media?parent=10906"}],"wp:term":[{"taxonomy":"product_brand","embeddable":true,"href":"https:\/\/staging.srfb.be\/de\/wp-json\/wp\/v2\/product_brand?post=10906"},{"taxonomy":"product_cat","embeddable":true,"href":"https:\/\/staging.srfb.be\/de\/wp-json\/wp\/v2\/product_cat?post=10906"},{"taxonomy":"product_tag","embeddable":true,"href":"https:\/\/staging.srfb.be\/de\/wp-json\/wp\/v2\/product_tag?post=10906"}],"curies":[{"name":"wp","href":"https:\/\/api.w.org\/{rel}","templated":true}]}}