{"id":10898,"date":"2020-03-20T14:50:45","date_gmt":"2020-03-20T14:50:45","guid":{"rendered":"https:\/\/new.srfb.be\/?post_type=product&#038;p=10898"},"modified":"2025-06-09T05:03:18","modified_gmt":"2025-06-09T03:03:18","slug":"foret-et-carbone","status":"publish","type":"product","link":"https:\/\/staging.srfb.be\/de\/forest-shop\/foret-et-carbone\/","title":{"rendered":"Wald und Kohlenstoff"},"content":{"rendered":"","protected":false},"excerpt":{"rendered":"<p>Verstehen, handeln, wertsch\u00e4tzen<br \/>\nDieses Buch zeigt, dass der Wald eine herausragende Rolle im Kampf gegen den Klimawandel spielt. Der Wald bindet jedes Jahr einen Teil der Treibhausgasemissionen und mildert so die Auswirkungen des Klimawandels. Dar\u00fcber hinaus speichern verarbeitete Holzprodukte w\u00e4hrend ihres gesamten Lebens Kohlenstoff. Beim Bauen ersetzt Holz energieintensive Materialien; und als Brennstoff wirkt es der Ersch\u00f6pfung nicht erneuerbarer Ressourcen entgegen. Ein Waldbesitzer, der sich fragt, welchen Anteil sein Wald an der Energieversorgung haben kann, sollte sich mit der Frage besch\u00e4ftigen, wie viel Energie sein Wald in die Energieversorgung einbringen kann.<br \/>\ndie Abschw\u00e4chung des Klimawandels finden in diesem zusammenfassenden Buch alles, was sie \u00fcber das Thema wissen m\u00fcssen.<br \/>\n16 x 24 cm, 160 Seiten<\/p>","protected":false},"featured_media":10902,"comment_status":"open","ping_status":"closed","template":"","meta":{"iawp_total_views":7},"product_brand":[],"product_cat":[692,314],"product_tag":[],"class_list":{"0":"post-10898","1":"product","2":"type-product","3":"status-publish","4":"has-post-thumbnail","6":"product_cat-arboretum","7":"product_cat-sylviculture","9":"first","10":"instock","11":"shipping-taxable","12":"purchasable","13":"product-type-simple"},"_links":{"self":[{"href":"https:\/\/staging.srfb.be\/de\/wp-json\/wp\/v2\/product\/10898","targetHints":{"allow":["GET"]}}],"collection":[{"href":"https:\/\/staging.srfb.be\/de\/wp-json\/wp\/v2\/product"}],"about":[{"href":"https:\/\/staging.srfb.be\/de\/wp-json\/wp\/v2\/types\/product"}],"replies":[{"embeddable":true,"href":"https:\/\/staging.srfb.be\/de\/wp-json\/wp\/v2\/comments?post=10898"}],"wp:featuredmedia":[{"embeddable":true,"href":"https:\/\/staging.srfb.be\/de\/wp-json\/wp\/v2\/media\/10902"}],"wp:attachment":[{"href":"https:\/\/staging.srfb.be\/de\/wp-json\/wp\/v2\/media?parent=10898"}],"wp:term":[{"taxonomy":"product_brand","embeddable":true,"href":"https:\/\/staging.srfb.be\/de\/wp-json\/wp\/v2\/product_brand?post=10898"},{"taxonomy":"product_cat","embeddable":true,"href":"https:\/\/staging.srfb.be\/de\/wp-json\/wp\/v2\/product_cat?post=10898"},{"taxonomy":"product_tag","embeddable":true,"href":"https:\/\/staging.srfb.be\/de\/wp-json\/wp\/v2\/product_tag?post=10898"}],"curies":[{"name":"wp","href":"https:\/\/api.w.org\/{rel}","templated":true}]}}