{"id":10893,"date":"2020-03-20T14:48:31","date_gmt":"2020-03-20T13:48:31","guid":{"rendered":"https:\/\/new.srfb.be\/?post_type=product&#038;p=10893"},"modified":"2025-06-10T10:16:00","modified_gmt":"2025-06-10T08:16:00","slug":"vos-bois-mode-demploi","status":"publish","type":"product","link":"https:\/\/staging.srfb.be\/de\/forest-shop\/vos-bois-mode-demploi\/","title":{"rendered":"Ihr Holz, Gebrauchsanweisung"},"content":{"rendered":"","protected":false},"excerpt":{"rendered":"<p>Produktion Freizeit - Natur<br \/>\nDieses Buch ist eine ausgezeichnete Einf\u00fchrung f\u00fcr neue Eigent\u00fcmer. Sie lernen die B\u00e4ume und ihr Verhalten kennen und erfahren, wie Sie Ihren Besitz gut kennen und verwalten k\u00f6nnen, was eine unerl\u00e4ssliche Voraussetzung f\u00fcr seine Aufwertung ist. Je nach Ihren Bewirtschaftungszielen werden Ihnen Gestaltungsm\u00f6glichkeiten vorgeschlagen.<br \/>\n24 x16 cm, 144 Seiten<\/p>\n<p>Autorin: <strong>Michel Hubert<\/strong><br \/>\nHerausgeber : <strong>Institut f\u00fcr Waldentwicklung<\/strong><\/p>","protected":false},"featured_media":10895,"comment_status":"open","ping_status":"closed","template":"","meta":{"iawp_total_views":16},"product_brand":[],"product_cat":[692,314],"product_tag":[],"class_list":{"0":"post-10893","1":"product","2":"type-product","3":"status-publish","4":"has-post-thumbnail","6":"product_cat-arboretum","7":"product_cat-sylviculture","9":"first","10":"instock","11":"shipping-taxable","12":"purchasable","13":"product-type-simple"},"_links":{"self":[{"href":"https:\/\/staging.srfb.be\/de\/wp-json\/wp\/v2\/product\/10893","targetHints":{"allow":["GET"]}}],"collection":[{"href":"https:\/\/staging.srfb.be\/de\/wp-json\/wp\/v2\/product"}],"about":[{"href":"https:\/\/staging.srfb.be\/de\/wp-json\/wp\/v2\/types\/product"}],"replies":[{"embeddable":true,"href":"https:\/\/staging.srfb.be\/de\/wp-json\/wp\/v2\/comments?post=10893"}],"wp:featuredmedia":[{"embeddable":true,"href":"https:\/\/staging.srfb.be\/de\/wp-json\/wp\/v2\/media\/10895"}],"wp:attachment":[{"href":"https:\/\/staging.srfb.be\/de\/wp-json\/wp\/v2\/media?parent=10893"}],"wp:term":[{"taxonomy":"product_brand","embeddable":true,"href":"https:\/\/staging.srfb.be\/de\/wp-json\/wp\/v2\/product_brand?post=10893"},{"taxonomy":"product_cat","embeddable":true,"href":"https:\/\/staging.srfb.be\/de\/wp-json\/wp\/v2\/product_cat?post=10893"},{"taxonomy":"product_tag","embeddable":true,"href":"https:\/\/staging.srfb.be\/de\/wp-json\/wp\/v2\/product_tag?post=10893"}],"curies":[{"name":"wp","href":"https:\/\/api.w.org\/{rel}","templated":true}]}}