{"id":10882,"date":"2020-03-20T14:44:27","date_gmt":"2020-03-20T14:44:27","guid":{"rendered":"https:\/\/new.srfb.be\/?post_type=product&#038;p=10882"},"modified":"2025-06-09T21:46:26","modified_gmt":"2025-06-09T19:46:26","slug":"les-manchons-grillages","status":"publish","type":"product","link":"https:\/\/staging.srfb.be\/de\/forest-shop\/les-manchons-grillages\/","title":{"rendered":"Die Gitterh\u00fclsen"},"content":{"rendered":"","protected":false},"excerpt":{"rendered":"<p>Hirsche haben einen legitimen und notwendigen Platz im \u00d6kosystem, aber das biologische Gleichgewicht von W\u00e4ldern und offenen Lebensr\u00e4umen ist manchmal durch ihre demografische und geografische Ausbreitung gef\u00e4hrdet. Um die Anwesenheit des Wildes und die Verj\u00fcngung der B\u00e4ume miteinander zu verbinden, ist der Schutz von Plantagen die wirksamste L\u00f6sung. Das Buch beschreibt alle m\u00f6glichen Wildsch\u00e4den an B\u00e4umen und ihre Kriterien zur Identifizierung im Feld. Es soll die korrekte Bestimmung des f\u00fcr den Schaden verantwortlichen Tieres erleichtern und so die Auswahl eines geeigneten Schutzprodukts erm\u00f6glichen.<br \/>\n21 x 29,7 cm, 67 Seiten<\/p>","protected":false},"featured_media":10883,"comment_status":"open","ping_status":"closed","template":"","meta":{"iawp_total_views":7},"product_brand":[],"product_cat":[693,314],"product_tag":[],"class_list":{"0":"post-10882","1":"product","2":"type-product","3":"status-publish","4":"has-post-thumbnail","6":"product_cat-foret-gibier","7":"product_cat-sylviculture","9":"first","10":"instock","11":"shipping-taxable","12":"purchasable","13":"product-type-simple"},"_links":{"self":[{"href":"https:\/\/staging.srfb.be\/de\/wp-json\/wp\/v2\/product\/10882","targetHints":{"allow":["GET"]}}],"collection":[{"href":"https:\/\/staging.srfb.be\/de\/wp-json\/wp\/v2\/product"}],"about":[{"href":"https:\/\/staging.srfb.be\/de\/wp-json\/wp\/v2\/types\/product"}],"replies":[{"embeddable":true,"href":"https:\/\/staging.srfb.be\/de\/wp-json\/wp\/v2\/comments?post=10882"}],"wp:featuredmedia":[{"embeddable":true,"href":"https:\/\/staging.srfb.be\/de\/wp-json\/wp\/v2\/media\/10883"}],"wp:attachment":[{"href":"https:\/\/staging.srfb.be\/de\/wp-json\/wp\/v2\/media?parent=10882"}],"wp:term":[{"taxonomy":"product_brand","embeddable":true,"href":"https:\/\/staging.srfb.be\/de\/wp-json\/wp\/v2\/product_brand?post=10882"},{"taxonomy":"product_cat","embeddable":true,"href":"https:\/\/staging.srfb.be\/de\/wp-json\/wp\/v2\/product_cat?post=10882"},{"taxonomy":"product_tag","embeddable":true,"href":"https:\/\/staging.srfb.be\/de\/wp-json\/wp\/v2\/product_tag?post=10882"}],"curies":[{"name":"wp","href":"https:\/\/api.w.org\/{rel}","templated":true}]}}