{"id":10878,"date":"2020-03-20T14:41:46","date_gmt":"2020-03-20T13:41:46","guid":{"rendered":"https:\/\/new.srfb.be\/?post_type=product&#038;p=10878"},"modified":"2025-06-09T12:10:41","modified_gmt":"2025-06-09T10:10:41","slug":"la-sante-des-forets","status":"publish","type":"product","link":"https:\/\/staging.srfb.be\/de\/forest-shop\/la-sante-des-forets\/","title":{"rendered":"Die Gesundheit der W\u00e4lder"},"content":{"rendered":"","protected":false},"excerpt":{"rendered":"<p>Krankheiten, Insekten, klimatische Unf\u00e4lle... Diagnose und Vorbeugung<br \/>\nDieses Handbuch ist innovativ und wissenschaftlich fundiert, praktisch und f\u00fcr jedermann zug\u00e4nglich, mit einer au\u00dfergew\u00f6hnlichen Ikonographie (\u00fcber 1000 Fotos, Grafiken, Tabellen, Zeichnungen, Steckbriefe...) und ist ein unverzichtbares Werkzeug, um den Wald besser zu verstehen und zu verwalten.<\/p>\n<p><strong>24 x 16 cm, 608 Seiten<\/strong><\/p>\n<p>Autoren: <strong>Louis-Michel Nageleisen, Dominique Piou, Fran\u00e7ois-Xavier Saintonge &amp; Philippe Riou-Nivert<\/strong><br \/>\nHerausgeber : <strong>Institut f\u00fcr Waldentwicklung<\/strong><\/p>","protected":false},"featured_media":10880,"comment_status":"open","ping_status":"closed","template":"","meta":{"iawp_total_views":15},"product_brand":[],"product_cat":[688],"product_tag":[],"class_list":{"0":"post-10878","1":"product","2":"type-product","3":"status-publish","4":"has-post-thumbnail","6":"product_cat-sante-des-forets","8":"first","9":"instock","10":"shipping-taxable","11":"purchasable","12":"product-type-simple"},"_links":{"self":[{"href":"https:\/\/staging.srfb.be\/de\/wp-json\/wp\/v2\/product\/10878","targetHints":{"allow":["GET"]}}],"collection":[{"href":"https:\/\/staging.srfb.be\/de\/wp-json\/wp\/v2\/product"}],"about":[{"href":"https:\/\/staging.srfb.be\/de\/wp-json\/wp\/v2\/types\/product"}],"replies":[{"embeddable":true,"href":"https:\/\/staging.srfb.be\/de\/wp-json\/wp\/v2\/comments?post=10878"}],"wp:featuredmedia":[{"embeddable":true,"href":"https:\/\/staging.srfb.be\/de\/wp-json\/wp\/v2\/media\/10880"}],"wp:attachment":[{"href":"https:\/\/staging.srfb.be\/de\/wp-json\/wp\/v2\/media?parent=10878"}],"wp:term":[{"taxonomy":"product_brand","embeddable":true,"href":"https:\/\/staging.srfb.be\/de\/wp-json\/wp\/v2\/product_brand?post=10878"},{"taxonomy":"product_cat","embeddable":true,"href":"https:\/\/staging.srfb.be\/de\/wp-json\/wp\/v2\/product_cat?post=10878"},{"taxonomy":"product_tag","embeddable":true,"href":"https:\/\/staging.srfb.be\/de\/wp-json\/wp\/v2\/product_tag?post=10878"}],"curies":[{"name":"wp","href":"https:\/\/api.w.org\/{rel}","templated":true}]}}