{"id":10874,"date":"2020-03-20T14:39:37","date_gmt":"2020-03-20T13:39:37","guid":{"rendered":"https:\/\/new.srfb.be\/?post_type=product&#038;p=10874"},"modified":"2022-11-24T13:30:39","modified_gmt":"2022-11-24T12:30:39","slug":"vocabulaire-forestier","status":"publish","type":"product","link":"https:\/\/staging.srfb.be\/de\/forest-shop\/vocabulaire-forestier\/","title":{"rendered":"Forstwirtschaftliches Vokabular"},"content":{"rendered":"","protected":false},"excerpt":{"rendered":"<p>Dieses \u00abVokabular\u00bb mit \u00fcber 4.500 Begriffen erm\u00f6glicht es, sich mit den wissenschaftlichen und technischen Begriffen vertraut zu machen, die mit bewaldeten Fl\u00e4chen und ihrer Bewirtschaftung verbunden sind. Es wird schnell zum unverzichtbaren Referenzwerk der Forstsprache werden. Die Definitionen (mit englischer und deutscher \u00dcbersetzung) wurden von den besten franz\u00f6sischen Spezialisten der zahlreichen Disziplinen verfasst, die in diesem Werk abgedeckt werden (Forstwirtschaft, \u00d6kologie, Bodenkunde, Klimatologie, Biogeographie, Zoologie, Forstwirtschaft...).<br \/>\n24 x 16 cm, 608 Seiten<\/p>","protected":false},"featured_media":10876,"comment_status":"open","ping_status":"closed","template":"","meta":{"iawp_total_views":23},"product_brand":[],"product_cat":[695],"product_tag":[],"class_list":{"0":"post-10874","1":"product","2":"type-product","3":"status-publish","4":"has-post-thumbnail","6":"product_cat-lexique","8":"first","9":"instock","10":"shipping-taxable","11":"purchasable","12":"product-type-simple"},"_links":{"self":[{"href":"https:\/\/staging.srfb.be\/de\/wp-json\/wp\/v2\/product\/10874","targetHints":{"allow":["GET"]}}],"collection":[{"href":"https:\/\/staging.srfb.be\/de\/wp-json\/wp\/v2\/product"}],"about":[{"href":"https:\/\/staging.srfb.be\/de\/wp-json\/wp\/v2\/types\/product"}],"replies":[{"embeddable":true,"href":"https:\/\/staging.srfb.be\/de\/wp-json\/wp\/v2\/comments?post=10874"}],"wp:featuredmedia":[{"embeddable":true,"href":"https:\/\/staging.srfb.be\/de\/wp-json\/wp\/v2\/media\/10876"}],"wp:attachment":[{"href":"https:\/\/staging.srfb.be\/de\/wp-json\/wp\/v2\/media?parent=10874"}],"wp:term":[{"taxonomy":"product_brand","embeddable":true,"href":"https:\/\/staging.srfb.be\/de\/wp-json\/wp\/v2\/product_brand?post=10874"},{"taxonomy":"product_cat","embeddable":true,"href":"https:\/\/staging.srfb.be\/de\/wp-json\/wp\/v2\/product_cat?post=10874"},{"taxonomy":"product_tag","embeddable":true,"href":"https:\/\/staging.srfb.be\/de\/wp-json\/wp\/v2\/product_tag?post=10874"}],"curies":[{"name":"wp","href":"https:\/\/api.w.org\/{rel}","templated":true}]}}