{"id":10854,"date":"2020-03-20T14:28:41","date_gmt":"2020-03-20T14:28:41","guid":{"rendered":"https:\/\/new.srfb.be\/?post_type=product&#038;p=10854"},"modified":"2022-11-24T13:36:11","modified_gmt":"2022-11-24T12:36:11","slug":"au-jardin-des-plantes-de-la-bible","status":"publish","type":"product","link":"https:\/\/staging.srfb.be\/de\/forest-shop\/au-jardin-des-plantes-de-la-bible\/","title":{"rendered":"Im Pflanzengarten der Bibel"},"content":{"rendered":"","protected":false},"excerpt":{"rendered":"<p>Botanik, Symbole und Gebrauch<br \/>\nDieses Buch ist eine Hommage an die Pflanzen, indem es ihren \u00ablandwirtschaftlichen\u00bb oder handwerklichen Wert erkl\u00e4rt; aber auch ihren symbolischen Wert durch das Prisma der Arten, die in der Bibel erw\u00e4hnt werden. Die 110 Arten sind nach Typen geordnet und mit einer au\u00dfergew\u00f6hnlichen Ikonographie (Fotos und Zeichnungen) versehen.<br \/>\n16 x 24 cm, 416 Seiten<\/p>\n<p>Autorin: <strong>Jean Paquereau<br \/>\n<\/strong>Beitr\u00e4ge :<strong> Bernard Fleury &amp; Jean Adnet<\/strong><\/p>","protected":false},"featured_media":10855,"comment_status":"open","ping_status":"closed","template":"","meta":{"iawp_total_views":7},"product_brand":[],"product_cat":[691,690],"product_tag":[],"class_list":{"0":"post-10854","1":"product","2":"type-product","3":"status-publish","4":"has-post-thumbnail","6":"product_cat-biodiversite","7":"product_cat-livres-illustres","9":"first","10":"instock","11":"shipping-taxable","12":"purchasable","13":"product-type-simple"},"_links":{"self":[{"href":"https:\/\/staging.srfb.be\/de\/wp-json\/wp\/v2\/product\/10854","targetHints":{"allow":["GET"]}}],"collection":[{"href":"https:\/\/staging.srfb.be\/de\/wp-json\/wp\/v2\/product"}],"about":[{"href":"https:\/\/staging.srfb.be\/de\/wp-json\/wp\/v2\/types\/product"}],"replies":[{"embeddable":true,"href":"https:\/\/staging.srfb.be\/de\/wp-json\/wp\/v2\/comments?post=10854"}],"wp:featuredmedia":[{"embeddable":true,"href":"https:\/\/staging.srfb.be\/de\/wp-json\/wp\/v2\/media\/10855"}],"wp:attachment":[{"href":"https:\/\/staging.srfb.be\/de\/wp-json\/wp\/v2\/media?parent=10854"}],"wp:term":[{"taxonomy":"product_brand","embeddable":true,"href":"https:\/\/staging.srfb.be\/de\/wp-json\/wp\/v2\/product_brand?post=10854"},{"taxonomy":"product_cat","embeddable":true,"href":"https:\/\/staging.srfb.be\/de\/wp-json\/wp\/v2\/product_cat?post=10854"},{"taxonomy":"product_tag","embeddable":true,"href":"https:\/\/staging.srfb.be\/de\/wp-json\/wp\/v2\/product_tag?post=10854"}],"curies":[{"name":"wp","href":"https:\/\/api.w.org\/{rel}","templated":true}]}}