{"id":10850,"date":"2020-03-20T14:26:29","date_gmt":"2020-03-20T14:26:29","guid":{"rendered":"https:\/\/new.srfb.be\/?post_type=product&#038;p=10850"},"modified":"2024-11-15T13:48:42","modified_gmt":"2024-11-15T12:48:42","slug":"photographier-la-foret-en-foret","status":"publish","type":"product","link":"https:\/\/staging.srfb.be\/de\/forest-shop\/photographier-la-foret-en-foret\/","title":{"rendered":"Den Wald im Wald fotografieren"},"content":{"rendered":"","protected":false},"excerpt":{"rendered":"<p>Einf\u00fchrung in die Bildaufnahme - Methoden und praktischer Leitfaden<br \/>\nDen Wald zu fotografieren ist sowohl einfach als auch schwierig. Die Themen sind vielf\u00e4ltig, aber viele von ihnen erfordern einen besonders geeigneten fotografischen Ansatz. Dieses Buch bietet eine Einf\u00fchrung in das Fotografieren im Wald und hilft Menschen, die sich f\u00fcr Waldthemen interessieren, ihre Praxis zu verbessern.<br \/>\n16 x 24 cm, 272 Seiten<\/p>","protected":false},"featured_media":10852,"comment_status":"open","ping_status":"closed","template":"","meta":{"iawp_total_views":3},"product_brand":[],"product_cat":[696],"product_tag":[],"class_list":{"0":"post-10850","1":"product","2":"type-product","3":"status-publish","4":"has-post-thumbnail","6":"product_cat-visiteurs","8":"first","9":"instock","10":"shipping-taxable","11":"purchasable","12":"product-type-simple"},"_links":{"self":[{"href":"https:\/\/staging.srfb.be\/de\/wp-json\/wp\/v2\/product\/10850","targetHints":{"allow":["GET"]}}],"collection":[{"href":"https:\/\/staging.srfb.be\/de\/wp-json\/wp\/v2\/product"}],"about":[{"href":"https:\/\/staging.srfb.be\/de\/wp-json\/wp\/v2\/types\/product"}],"replies":[{"embeddable":true,"href":"https:\/\/staging.srfb.be\/de\/wp-json\/wp\/v2\/comments?post=10850"}],"wp:featuredmedia":[{"embeddable":true,"href":"https:\/\/staging.srfb.be\/de\/wp-json\/wp\/v2\/media\/10852"}],"wp:attachment":[{"href":"https:\/\/staging.srfb.be\/de\/wp-json\/wp\/v2\/media?parent=10850"}],"wp:term":[{"taxonomy":"product_brand","embeddable":true,"href":"https:\/\/staging.srfb.be\/de\/wp-json\/wp\/v2\/product_brand?post=10850"},{"taxonomy":"product_cat","embeddable":true,"href":"https:\/\/staging.srfb.be\/de\/wp-json\/wp\/v2\/product_cat?post=10850"},{"taxonomy":"product_tag","embeddable":true,"href":"https:\/\/staging.srfb.be\/de\/wp-json\/wp\/v2\/product_tag?post=10850"}],"curies":[{"name":"wp","href":"https:\/\/api.w.org\/{rel}","templated":true}]}}