{"id":10846,"date":"2020-03-20T14:24:22","date_gmt":"2020-03-20T14:24:22","guid":{"rendered":"https:\/\/new.srfb.be\/?post_type=product&#038;p=10846"},"modified":"2025-06-03T01:06:45","modified_gmt":"2025-06-02T23:06:45","slug":"larbre","status":"publish","type":"product","link":"https:\/\/staging.srfb.be\/de\/forest-shop\/larbre\/","title":{"rendered":"Der Baum"},"content":{"rendered":"","protected":false},"excerpt":{"rendered":"<p>Jenseits der g\u00e4ngigen Vorstellungen<br \/>\nMit gro\u00dfer Klarheit begleitet der Autor den Leser bei der Entschl\u00fcsselung der g\u00e4ngigen Vorstellungen hin zu komplexeren Realit\u00e4ten. Jedes Vorurteil wird mit wissenschaftlichen Argumenten und zuverl\u00e4ssigen Quellen dekonstruiert, die<br \/>\nerm\u00f6glichen es, noch weiter zu gehen. Mit einer Multiple-Choice-Frage kann man sein Wissen testen und ein Kartenspiel hilft, die Entwicklung von B\u00e4umen zu verstehen.<br \/>\n16 x 24 cm, 256 Seiten<\/p>","protected":false},"featured_media":10848,"comment_status":"open","ping_status":"closed","template":"","meta":{"iawp_total_views":16},"product_brand":[],"product_cat":[314,696],"product_tag":[],"class_list":{"0":"post-10846","1":"product","2":"type-product","3":"status-publish","4":"has-post-thumbnail","6":"product_cat-sylviculture","7":"product_cat-visiteurs","9":"first","10":"instock","11":"shipping-taxable","12":"purchasable","13":"product-type-simple"},"_links":{"self":[{"href":"https:\/\/staging.srfb.be\/de\/wp-json\/wp\/v2\/product\/10846","targetHints":{"allow":["GET"]}}],"collection":[{"href":"https:\/\/staging.srfb.be\/de\/wp-json\/wp\/v2\/product"}],"about":[{"href":"https:\/\/staging.srfb.be\/de\/wp-json\/wp\/v2\/types\/product"}],"replies":[{"embeddable":true,"href":"https:\/\/staging.srfb.be\/de\/wp-json\/wp\/v2\/comments?post=10846"}],"wp:featuredmedia":[{"embeddable":true,"href":"https:\/\/staging.srfb.be\/de\/wp-json\/wp\/v2\/media\/10848"}],"wp:attachment":[{"href":"https:\/\/staging.srfb.be\/de\/wp-json\/wp\/v2\/media?parent=10846"}],"wp:term":[{"taxonomy":"product_brand","embeddable":true,"href":"https:\/\/staging.srfb.be\/de\/wp-json\/wp\/v2\/product_brand?post=10846"},{"taxonomy":"product_cat","embeddable":true,"href":"https:\/\/staging.srfb.be\/de\/wp-json\/wp\/v2\/product_cat?post=10846"},{"taxonomy":"product_tag","embeddable":true,"href":"https:\/\/staging.srfb.be\/de\/wp-json\/wp\/v2\/product_tag?post=10846"}],"curies":[{"name":"wp","href":"https:\/\/api.w.org\/{rel}","templated":true}]}}