{"id":10833,"date":"2020-03-20T14:21:52","date_gmt":"2020-03-20T13:21:52","guid":{"rendered":"https:\/\/new.srfb.be\/?post_type=product&#038;p=10833"},"modified":"2022-11-24T13:47:53","modified_gmt":"2022-11-24T12:47:53","slug":"cubage-des-arbres-et-des-peuplements-forestiers","status":"publish","type":"product","link":"https:\/\/staging.srfb.be\/de\/forest-shop\/cubage-des-arbres-et-des-peuplements-forestiers\/","title":{"rendered":"Kubatur von B\u00e4umen und Waldbest\u00e4nden"},"content":{"rendered":"","protected":false},"excerpt":{"rendered":"<p>Dieses Buch enth\u00e4lt zwei S\u00e4tze von Kubaturtabellen und -gleichungen, einen f\u00fcr die Bestimmung des Volumens von B\u00e4umen oder Baumgruppen und den anderen f\u00fcr die schnelle Kubatur von Best\u00e4nden. Der erste Satz umfasst 13 Baumarten oder Baumartengruppen: Schwarzerle, Birken, Eichen, Amerikanische Roteiche, Douglasie, Fichte, Bergahorn, Esche, Buche, L\u00e4rche, Kirsche, Ulme und Waldkiefer. Die zweite Gruppe betrifft die folgenden Baumarten: Eichen, Douglasien, Fichten, Buchen und L\u00e4rchen.<br \/>\n24 x 17 cm, 176 Seiten (100 Tabellen)<\/p>\n<p>Autoren: <strong>Pierre Dagnelie, Rudy Palm &amp; Jacques Rondeux<br \/>\n<\/strong>Herausgeber : <strong>Les presses agronomiques de Gembloux<\/strong><\/p>","protected":false},"featured_media":10834,"comment_status":"open","ping_status":"closed","template":"","meta":{"iawp_total_views":67},"product_brand":[],"product_cat":[692,695],"product_tag":[],"class_list":{"0":"post-10833","1":"product","2":"type-product","3":"status-publish","4":"has-post-thumbnail","6":"product_cat-arboretum","7":"product_cat-lexique","9":"first","10":"instock","11":"shipping-taxable","12":"purchasable","13":"product-type-simple"},"_links":{"self":[{"href":"https:\/\/staging.srfb.be\/de\/wp-json\/wp\/v2\/product\/10833","targetHints":{"allow":["GET"]}}],"collection":[{"href":"https:\/\/staging.srfb.be\/de\/wp-json\/wp\/v2\/product"}],"about":[{"href":"https:\/\/staging.srfb.be\/de\/wp-json\/wp\/v2\/types\/product"}],"replies":[{"embeddable":true,"href":"https:\/\/staging.srfb.be\/de\/wp-json\/wp\/v2\/comments?post=10833"}],"wp:featuredmedia":[{"embeddable":true,"href":"https:\/\/staging.srfb.be\/de\/wp-json\/wp\/v2\/media\/10834"}],"wp:attachment":[{"href":"https:\/\/staging.srfb.be\/de\/wp-json\/wp\/v2\/media?parent=10833"}],"wp:term":[{"taxonomy":"product_brand","embeddable":true,"href":"https:\/\/staging.srfb.be\/de\/wp-json\/wp\/v2\/product_brand?post=10833"},{"taxonomy":"product_cat","embeddable":true,"href":"https:\/\/staging.srfb.be\/de\/wp-json\/wp\/v2\/product_cat?post=10833"},{"taxonomy":"product_tag","embeddable":true,"href":"https:\/\/staging.srfb.be\/de\/wp-json\/wp\/v2\/product_tag?post=10833"}],"curies":[{"name":"wp","href":"https:\/\/api.w.org\/{rel}","templated":true}]}}