{"id":10830,"date":"2020-03-20T14:18:45","date_gmt":"2020-03-20T13:18:45","guid":{"rendered":"https:\/\/new.srfb.be\/?post_type=product&#038;p=10830"},"modified":"2025-06-10T01:28:08","modified_gmt":"2025-06-09T23:28:08","slug":"tables-de-production-relatives-a-lepicea-commun","status":"publish","type":"product","link":"https:\/\/staging.srfb.be\/de\/forest-shop\/tables-de-production-relatives-a-lepicea-commun\/","title":{"rendered":"Produktionstabellen in Bezug auf die Gemeine Fichte"},"content":{"rendered":"","protected":false},"excerpt":{"rendered":"<p>Diese Tabellen erm\u00f6glichen es, Produktionssch\u00e4tzungen und -prognosen sowie finanzielle Sch\u00e4tzungen in Bezug auf die Gemeine Fichte zu erstellen. Sie k\u00f6nnen auch dazu dienen, die Behandlung von Fichtenw\u00e4ldern auf die vom Bewirtschafter festgelegten Ziele auszurichten.<br \/>\n24 x 17 cm, 120 Seiten<\/p>","protected":false},"featured_media":10831,"comment_status":"open","ping_status":"closed","template":"","meta":{"iawp_total_views":37},"product_brand":[],"product_cat":[695],"product_tag":[],"class_list":{"0":"post-10830","1":"product","2":"type-product","3":"status-publish","4":"has-post-thumbnail","6":"product_cat-lexique","8":"first","9":"instock","10":"shipping-taxable","11":"purchasable","12":"product-type-simple"},"_links":{"self":[{"href":"https:\/\/staging.srfb.be\/de\/wp-json\/wp\/v2\/product\/10830","targetHints":{"allow":["GET"]}}],"collection":[{"href":"https:\/\/staging.srfb.be\/de\/wp-json\/wp\/v2\/product"}],"about":[{"href":"https:\/\/staging.srfb.be\/de\/wp-json\/wp\/v2\/types\/product"}],"replies":[{"embeddable":true,"href":"https:\/\/staging.srfb.be\/de\/wp-json\/wp\/v2\/comments?post=10830"}],"wp:featuredmedia":[{"embeddable":true,"href":"https:\/\/staging.srfb.be\/de\/wp-json\/wp\/v2\/media\/10831"}],"wp:attachment":[{"href":"https:\/\/staging.srfb.be\/de\/wp-json\/wp\/v2\/media?parent=10830"}],"wp:term":[{"taxonomy":"product_brand","embeddable":true,"href":"https:\/\/staging.srfb.be\/de\/wp-json\/wp\/v2\/product_brand?post=10830"},{"taxonomy":"product_cat","embeddable":true,"href":"https:\/\/staging.srfb.be\/de\/wp-json\/wp\/v2\/product_cat?post=10830"},{"taxonomy":"product_tag","embeddable":true,"href":"https:\/\/staging.srfb.be\/de\/wp-json\/wp\/v2\/product_tag?post=10830"}],"curies":[{"name":"wp","href":"https:\/\/api.w.org\/{rel}","templated":true}]}}