{"id":10825,"date":"2020-03-20T14:17:05","date_gmt":"2020-03-20T13:17:05","guid":{"rendered":"https:\/\/new.srfb.be\/?post_type=product&#038;p=10825"},"modified":"2023-11-26T09:21:01","modified_gmt":"2023-11-26T08:21:01","slug":"tables-de-production-relatives-au-douglas","status":"publish","type":"product","link":"https:\/\/staging.srfb.be\/de\/forest-shop\/tables-de-production-relatives-au-douglas\/","title":{"rendered":"Produktionstabellen in Bezug auf Douglasie"},"content":{"rendered":"","protected":false},"excerpt":{"rendered":"<p>Mithilfe dieser Tabellen k\u00f6nnen Produktionssch\u00e4tzungen und -prognosen sowie finanzielle Sch\u00e4tzungen vorgenommen werden. Sie k\u00f6nnen auch dazu dienen, die Behandlung der Douglasienw\u00e4lder nach den vom Verwalter festgelegten Zielen auszurichten.<br \/>\n24 x 17 cm, 152 Seiten<\/p>","protected":false},"featured_media":10826,"comment_status":"open","ping_status":"closed","template":"","meta":{"iawp_total_views":24},"product_brand":[],"product_cat":[695],"product_tag":[],"class_list":{"0":"post-10825","1":"product","2":"type-product","3":"status-publish","4":"has-post-thumbnail","6":"product_cat-lexique","8":"first","9":"instock","10":"shipping-taxable","11":"purchasable","12":"product-type-simple"},"_links":{"self":[{"href":"https:\/\/staging.srfb.be\/de\/wp-json\/wp\/v2\/product\/10825","targetHints":{"allow":["GET"]}}],"collection":[{"href":"https:\/\/staging.srfb.be\/de\/wp-json\/wp\/v2\/product"}],"about":[{"href":"https:\/\/staging.srfb.be\/de\/wp-json\/wp\/v2\/types\/product"}],"replies":[{"embeddable":true,"href":"https:\/\/staging.srfb.be\/de\/wp-json\/wp\/v2\/comments?post=10825"}],"wp:featuredmedia":[{"embeddable":true,"href":"https:\/\/staging.srfb.be\/de\/wp-json\/wp\/v2\/media\/10826"}],"wp:attachment":[{"href":"https:\/\/staging.srfb.be\/de\/wp-json\/wp\/v2\/media?parent=10825"}],"wp:term":[{"taxonomy":"product_brand","embeddable":true,"href":"https:\/\/staging.srfb.be\/de\/wp-json\/wp\/v2\/product_brand?post=10825"},{"taxonomy":"product_cat","embeddable":true,"href":"https:\/\/staging.srfb.be\/de\/wp-json\/wp\/v2\/product_cat?post=10825"},{"taxonomy":"product_tag","embeddable":true,"href":"https:\/\/staging.srfb.be\/de\/wp-json\/wp\/v2\/product_tag?post=10825"}],"curies":[{"name":"wp","href":"https:\/\/api.w.org\/{rel}","templated":true}]}}