{"id":10794,"date":"2020-03-20T14:02:13","date_gmt":"2020-03-20T13:02:13","guid":{"rendered":"https:\/\/new.srfb.be\/?post_type=product&#038;p=10794"},"modified":"2026-01-07T03:35:16","modified_gmt":"2026-01-07T02:35:16","slug":"froissartage-grand-jeu-dans-la-nature","status":"publish","type":"product","link":"https:\/\/staging.srfb.be\/de\/forest-shop\/froissartage-grand-jeu-dans-la-nature\/","title":{"rendered":"Froissartage. Gro\u00dfes Spiel in der Natur."},"content":{"rendered":"","protected":false},"excerpt":{"rendered":"<p>Alte Wege, mit fast nichts n\u00fctzlich zu sein und geschickt zu werden<br \/>\nDiese neue Ausgabe ist die Antwort auf die Nachfrage derjenigen, die gerne in der Natur leben! F\u00fcr die Freude, ihren Einfallsreichtum, ihre Geschicklichkeit und ihre Ausdauer an einem edlen Material zu \u00fcben, mit dem n\u00fctzlichen, bequemen oder sch\u00f6nen Gegenstand als Endbefriedigung. Bereits 1936 zeigte Michel Froissart jungen Menschen, wie sie mit einigen Werkzeugen und ein wenig Geschick ohne N\u00e4gel und Schn\u00fcre Holzeinrichtungen herstellen konnten, die den Wald respektierten.<br \/>\n17 x 24 cm, 192 Seiten<\/p>","protected":false},"featured_media":10799,"comment_status":"open","ping_status":"closed","template":"","meta":{"iawp_total_views":30},"product_brand":[],"product_cat":[696],"product_tag":[],"class_list":{"0":"post-10794","1":"product","2":"type-product","3":"status-publish","4":"has-post-thumbnail","6":"product_cat-visiteurs","8":"first","9":"instock","10":"shipping-taxable","11":"purchasable","12":"product-type-simple"},"_links":{"self":[{"href":"https:\/\/staging.srfb.be\/de\/wp-json\/wp\/v2\/product\/10794","targetHints":{"allow":["GET"]}}],"collection":[{"href":"https:\/\/staging.srfb.be\/de\/wp-json\/wp\/v2\/product"}],"about":[{"href":"https:\/\/staging.srfb.be\/de\/wp-json\/wp\/v2\/types\/product"}],"replies":[{"embeddable":true,"href":"https:\/\/staging.srfb.be\/de\/wp-json\/wp\/v2\/comments?post=10794"}],"wp:featuredmedia":[{"embeddable":true,"href":"https:\/\/staging.srfb.be\/de\/wp-json\/wp\/v2\/media\/10799"}],"wp:attachment":[{"href":"https:\/\/staging.srfb.be\/de\/wp-json\/wp\/v2\/media?parent=10794"}],"wp:term":[{"taxonomy":"product_brand","embeddable":true,"href":"https:\/\/staging.srfb.be\/de\/wp-json\/wp\/v2\/product_brand?post=10794"},{"taxonomy":"product_cat","embeddable":true,"href":"https:\/\/staging.srfb.be\/de\/wp-json\/wp\/v2\/product_cat?post=10794"},{"taxonomy":"product_tag","embeddable":true,"href":"https:\/\/staging.srfb.be\/de\/wp-json\/wp\/v2\/product_tag?post=10794"}],"curies":[{"name":"wp","href":"https:\/\/api.w.org\/{rel}","templated":true}]}}