{"id":10791,"date":"2020-03-20T13:53:25","date_gmt":"2020-03-20T12:53:25","guid":{"rendered":"https:\/\/new.srfb.be\/?post_type=product&#038;p=10791"},"modified":"2024-07-02T10:12:46","modified_gmt":"2024-07-02T08:12:46","slug":"la-foret-et-les-hommes","status":"publish","type":"product","link":"https:\/\/staging.srfb.be\/de\/forest-shop\/la-foret-et-les-hommes\/","title":{"rendered":"Der Wald und die Menschen"},"content":{"rendered":"","protected":false},"excerpt":{"rendered":"<p>Standbild 1900 -1930<br \/>\nDer Leser wird zu einem wahren \"Standbild\" des Waldes im Industriezeitalter und der Welt, die ihn umgibt, eingeladen. \u00dcber 80 Archivfotos, die meist mit zeitgen\u00f6ssischen Texten kommentiert werden, lassen die einen eine faszinierende Welt entdecken, die schon so lange zur\u00fcckliegt, und erinnern die anderen an eine Zeit, die noch so nah ist.<br \/>\n21 x 25 cm, 94 Seiten<\/p>","protected":false},"featured_media":10792,"comment_status":"open","ping_status":"closed","template":"","meta":{"iawp_total_views":4},"product_brand":[],"product_cat":[690],"product_tag":[],"class_list":{"0":"post-10791","1":"product","2":"type-product","3":"status-publish","4":"has-post-thumbnail","6":"product_cat-livres-illustres","8":"first","9":"instock","10":"shipping-taxable","11":"purchasable","12":"product-type-simple"},"_links":{"self":[{"href":"https:\/\/staging.srfb.be\/de\/wp-json\/wp\/v2\/product\/10791","targetHints":{"allow":["GET"]}}],"collection":[{"href":"https:\/\/staging.srfb.be\/de\/wp-json\/wp\/v2\/product"}],"about":[{"href":"https:\/\/staging.srfb.be\/de\/wp-json\/wp\/v2\/types\/product"}],"replies":[{"embeddable":true,"href":"https:\/\/staging.srfb.be\/de\/wp-json\/wp\/v2\/comments?post=10791"}],"wp:featuredmedia":[{"embeddable":true,"href":"https:\/\/staging.srfb.be\/de\/wp-json\/wp\/v2\/media\/10792"}],"wp:attachment":[{"href":"https:\/\/staging.srfb.be\/de\/wp-json\/wp\/v2\/media?parent=10791"}],"wp:term":[{"taxonomy":"product_brand","embeddable":true,"href":"https:\/\/staging.srfb.be\/de\/wp-json\/wp\/v2\/product_brand?post=10791"},{"taxonomy":"product_cat","embeddable":true,"href":"https:\/\/staging.srfb.be\/de\/wp-json\/wp\/v2\/product_cat?post=10791"},{"taxonomy":"product_tag","embeddable":true,"href":"https:\/\/staging.srfb.be\/de\/wp-json\/wp\/v2\/product_tag?post=10791"}],"curies":[{"name":"wp","href":"https:\/\/api.w.org\/{rel}","templated":true}]}}