{"id":10776,"date":"2020-03-20T13:37:30","date_gmt":"2020-03-20T12:37:30","guid":{"rendered":"https:\/\/new.srfb.be\/?post_type=product&#038;p=10776"},"modified":"2022-11-24T13:58:58","modified_gmt":"2022-11-24T12:58:58","slug":"les-vegetaux-3","status":"publish","type":"product","link":"https:\/\/staging.srfb.be\/de\/forest-shop\/les-vegetaux-3\/","title":{"rendered":"Die Pflanzen"},"content":{"rendered":"","protected":false},"excerpt":{"rendered":"<p>Symbiosen f\u00fcr ein besseres Leben<br \/>\nDieses Buch erkl\u00e4rt, wie Pflanzen Symbiosen mit anderen Lebewesen wie Bakterien und Pilzen eingehen, mit detaillierteren Ausf\u00fchrungen zu Mykorrhiza und stickstofffixierenden Kn\u00f6llchen. Das Buch ist mit zahlreichen Diagrammen illustriert und enth\u00e4lt Zusammenfassungen am Ende jedes Kapitels. Es erm\u00f6glicht eine schnelle Aneignung oder Wiederholung der Grundkenntnisse \u00fcber die \u00d6kophysiologie von Symbiosen.<br \/>\n17 x 24 cm, 56 Seiten<\/p>","protected":false},"featured_media":10777,"comment_status":"open","ping_status":"closed","template":"","meta":{"iawp_total_views":0},"product_brand":[],"product_cat":[691],"product_tag":[],"class_list":{"0":"post-10776","1":"product","2":"type-product","3":"status-publish","4":"has-post-thumbnail","6":"product_cat-biodiversite","8":"first","9":"instock","10":"shipping-taxable","11":"purchasable","12":"product-type-simple"},"_links":{"self":[{"href":"https:\/\/staging.srfb.be\/de\/wp-json\/wp\/v2\/product\/10776","targetHints":{"allow":["GET"]}}],"collection":[{"href":"https:\/\/staging.srfb.be\/de\/wp-json\/wp\/v2\/product"}],"about":[{"href":"https:\/\/staging.srfb.be\/de\/wp-json\/wp\/v2\/types\/product"}],"replies":[{"embeddable":true,"href":"https:\/\/staging.srfb.be\/de\/wp-json\/wp\/v2\/comments?post=10776"}],"wp:featuredmedia":[{"embeddable":true,"href":"https:\/\/staging.srfb.be\/de\/wp-json\/wp\/v2\/media\/10777"}],"wp:attachment":[{"href":"https:\/\/staging.srfb.be\/de\/wp-json\/wp\/v2\/media?parent=10776"}],"wp:term":[{"taxonomy":"product_brand","embeddable":true,"href":"https:\/\/staging.srfb.be\/de\/wp-json\/wp\/v2\/product_brand?post=10776"},{"taxonomy":"product_cat","embeddable":true,"href":"https:\/\/staging.srfb.be\/de\/wp-json\/wp\/v2\/product_cat?post=10776"},{"taxonomy":"product_tag","embeddable":true,"href":"https:\/\/staging.srfb.be\/de\/wp-json\/wp\/v2\/product_tag?post=10776"}],"curies":[{"name":"wp","href":"https:\/\/api.w.org\/{rel}","templated":true}]}}