{"id":10758,"date":"2020-03-20T13:21:01","date_gmt":"2020-03-20T13:21:01","guid":{"rendered":"https:\/\/new.srfb.be\/?post_type=product&#038;p=10758"},"modified":"2022-11-24T14:02:10","modified_gmt":"2022-11-24T13:02:10","slug":"les-especes-envahissantes-dici-et-dailleurs","status":"publish","type":"product","link":"https:\/\/staging.srfb.be\/de\/forest-shop\/les-especes-envahissantes-dici-et-dailleurs\/","title":{"rendered":"Invasive Arten. Von hier und anderswo"},"content":{"rendered":"","protected":false},"excerpt":{"rendered":"<p>Welche Umwelt-, Wirtschafts- oder Gesundheitssch\u00e4den k\u00f6nnen invasive Arten verursachen? Warum ist es so schwierig, sie unter Kontrolle zu bringen?<br \/>\nDieses Buch bietet zahlreiche Anhaltspunkte, um biologische Invasionen besser zu verstehen. Es schl\u00e4gt innovative L\u00f6sungen vor, um die Sch\u00e4den zu verringern und mit diesem neuen globalen Ph\u00e4nomen leben zu lernen.<br \/>\n17 x 24 cm, 192 Seiten<\/p>","protected":false},"featured_media":10760,"comment_status":"open","ping_status":"closed","template":"","meta":{"iawp_total_views":2},"product_brand":[],"product_cat":[691,688],"product_tag":[],"class_list":{"0":"post-10758","1":"product","2":"type-product","3":"status-publish","4":"has-post-thumbnail","6":"product_cat-biodiversite","7":"product_cat-sante-des-forets","9":"first","10":"instock","11":"shipping-taxable","12":"purchasable","13":"product-type-simple"},"_links":{"self":[{"href":"https:\/\/staging.srfb.be\/de\/wp-json\/wp\/v2\/product\/10758","targetHints":{"allow":["GET"]}}],"collection":[{"href":"https:\/\/staging.srfb.be\/de\/wp-json\/wp\/v2\/product"}],"about":[{"href":"https:\/\/staging.srfb.be\/de\/wp-json\/wp\/v2\/types\/product"}],"replies":[{"embeddable":true,"href":"https:\/\/staging.srfb.be\/de\/wp-json\/wp\/v2\/comments?post=10758"}],"wp:featuredmedia":[{"embeddable":true,"href":"https:\/\/staging.srfb.be\/de\/wp-json\/wp\/v2\/media\/10760"}],"wp:attachment":[{"href":"https:\/\/staging.srfb.be\/de\/wp-json\/wp\/v2\/media?parent=10758"}],"wp:term":[{"taxonomy":"product_brand","embeddable":true,"href":"https:\/\/staging.srfb.be\/de\/wp-json\/wp\/v2\/product_brand?post=10758"},{"taxonomy":"product_cat","embeddable":true,"href":"https:\/\/staging.srfb.be\/de\/wp-json\/wp\/v2\/product_cat?post=10758"},{"taxonomy":"product_tag","embeddable":true,"href":"https:\/\/staging.srfb.be\/de\/wp-json\/wp\/v2\/product_tag?post=10758"}],"curies":[{"name":"wp","href":"https:\/\/api.w.org\/{rel}","templated":true}]}}